{"id":7324,"date":"2019-07-11T13:58:15","date_gmt":"2019-07-11T13:58:15","guid":{"rendered":"http:\/\/www.3p-gmbh.de\/produkt\/ruettelautomat\/"},"modified":"2019-11-12T15:59:57","modified_gmt":"2019-11-12T15:59:57","slug":"ruettelautomat","status":"publish","type":"product","link":"https:\/\/www.3p-gmbh.de\/id\/produkt\/ruettelautomat\/","title":{"rendered":"Polar Mohr RA-2 R\u00fcttelautomat"},"content":{"rendered":"<p>R\u00fcttelautomat mit Luftausstreichwalze und pneumatischen Klappanschl\u00e4gen<\/p>\n<p>Nach abgeschlossenem R\u00fcttelvorgang wird die Luft aus der Schneidlage gepresst. Sie k\u00f6nnen 1- oder 2-mal ausstreichen, wobei der Pressdruck des ersten Ausstreichvorganges einstellbar ist und bei geneigtem Tisch auch ,,zwischendurch&#8221; ausstreichen.<\/p>\n<p>&#8211; Edelstahl-plattierte Tischfl\u00e4che 72 x 87 cm<br \/>\n&#8211; Lagenh\u00f6he min. 30 mm<br \/>\n&#8211; Lagenh\u00f6he man. 165 mm<br \/>\n&#8211; Tischh\u00f6he 860 &#8211; 950 mm<br \/>\n-Druckluftbedarf bei 6 &#8211; 8 bar ca. 2L\/min<\/p>\n","protected":false},"excerpt":{"rendered":"<p>R\u00fcttelautomat mit Luftausstreichwalze und pneumatischen Klappanschl\u00e4gen Nach abgeschlossenem R\u00fcttelvorgang wird die Luft aus der Schneidlage gepresst. Sie k\u00f6nnen 1- oder 2-mal ausstreichen, wobei der Pressdruck des ersten Ausstreichvorganges einstellbar ist und bei geneigtem Tisch auch ,,zwischendurch&#8221; ausstreichen. &#8211; Edelstahl-plattierte Tischfl\u00e4che 72 x 87 cm &#8211; Lagenh\u00f6he min. 30 mm &#8211; Lagenh\u00f6he man. 165 mm &#8211; [&hellip;]<\/p>\n","protected":false},"featured_media":3206,"template":"","meta":[],"product_brand":[],"product_cat":[1759],"product_tag":[],"class_list":{"0":"post-7324","1":"product","2":"type-product","3":"status-publish","4":"has-post-thumbnail","6":"product_cat-ruetteltische","7":"pa_baujahr-168","8":"pa_hersteller-heidelberg-polar-mohr","9":"pa_typ-polar-ra-2","11":"first","12":"instock","13":"sold-individually","14":"taxable","15":"shipping-taxable","16":"purchasable","17":"product-type-simple"},"jetpack_sharing_enabled":true,"_links":{"self":[{"href":"https:\/\/www.3p-gmbh.de\/id\/wp-json\/wp\/v2\/product\/7324","targetHints":{"allow":["GET"]}}],"collection":[{"href":"https:\/\/www.3p-gmbh.de\/id\/wp-json\/wp\/v2\/product"}],"about":[{"href":"https:\/\/www.3p-gmbh.de\/id\/wp-json\/wp\/v2\/types\/product"}],"wp:featuredmedia":[{"embeddable":true,"href":"https:\/\/www.3p-gmbh.de\/id\/wp-json\/wp\/v2\/media\/3206"}],"wp:attachment":[{"href":"https:\/\/www.3p-gmbh.de\/id\/wp-json\/wp\/v2\/media?parent=7324"}],"wp:term":[{"taxonomy":"product_brand","embeddable":true,"href":"https:\/\/www.3p-gmbh.de\/id\/wp-json\/wp\/v2\/product_brand?post=7324"},{"taxonomy":"product_cat","embeddable":true,"href":"https:\/\/www.3p-gmbh.de\/id\/wp-json\/wp\/v2\/product_cat?post=7324"},{"taxonomy":"product_tag","embeddable":true,"href":"https:\/\/www.3p-gmbh.de\/id\/wp-json\/wp\/v2\/product_tag?post=7324"}],"curies":[{"name":"wp","href":"https:\/\/api.w.org\/{rel}","templated":true}]}}