{"id":7323,"date":"2019-07-11T13:58:15","date_gmt":"2019-07-11T13:58:15","guid":{"rendered":"http:\/\/www.3p-gmbh.de\/produkt\/broschuerenfertigung-2\/"},"modified":"2019-11-12T15:58:48","modified_gmt":"2019-11-12T15:58:48","slug":"broschuerenfertigung-2","status":"publish","type":"product","link":"https:\/\/www.3p-gmbh.de\/id\/produkt\/broschuerenfertigung-2\/","title":{"rendered":"FKS Duplo System 5000 Brosch\u00fcrenfertigung"},"content":{"rendered":"<p>Auslager\u00fcttler rechts<br \/>\nTurm mit 10 Stationen DC 10\/60 Saugluft System Duplo 5000 mit Touchbedienung<br \/>\nLS1 \u00dcbergabebr\u00fccke<br \/>\nDBM-400 Booklet Maker mit zwei Hohner Heftk\u00f6pfen 48\/5 S<br \/>\nDBM-400 Trimmer<br \/>\nDBM-LS lange Schuppenauslage<\/p>\n","protected":false},"excerpt":{"rendered":"<p>Auslager\u00fcttler rechts Turm mit 10 Stationen DC 10\/60 Saugluft System Duplo 5000 mit Touchbedienung LS1 \u00dcbergabebr\u00fccke DBM-400 Booklet Maker mit zwei Hohner Heftk\u00f6pfen 48\/5 S DBM-400 Trimmer DBM-LS lange Schuppenauslage<\/p>\n","protected":false},"featured_media":3199,"template":"","meta":[],"product_brand":[],"product_cat":[1747],"product_tag":[],"class_list":{"0":"post-7323","1":"product","2":"type-product","3":"status-publish","4":"has-post-thumbnail","6":"product_cat-broschuerenfertigungssysteme","7":"pa_baujahr-127","8":"pa_hersteller-fks","9":"pa_typ-duplo-system-5000","11":"first","12":"instock","13":"sold-individually","14":"taxable","15":"shipping-taxable","16":"purchasable","17":"product-type-simple"},"jetpack_sharing_enabled":true,"_links":{"self":[{"href":"https:\/\/www.3p-gmbh.de\/id\/wp-json\/wp\/v2\/product\/7323","targetHints":{"allow":["GET"]}}],"collection":[{"href":"https:\/\/www.3p-gmbh.de\/id\/wp-json\/wp\/v2\/product"}],"about":[{"href":"https:\/\/www.3p-gmbh.de\/id\/wp-json\/wp\/v2\/types\/product"}],"wp:featuredmedia":[{"embeddable":true,"href":"https:\/\/www.3p-gmbh.de\/id\/wp-json\/wp\/v2\/media\/3199"}],"wp:attachment":[{"href":"https:\/\/www.3p-gmbh.de\/id\/wp-json\/wp\/v2\/media?parent=7323"}],"wp:term":[{"taxonomy":"product_brand","embeddable":true,"href":"https:\/\/www.3p-gmbh.de\/id\/wp-json\/wp\/v2\/product_brand?post=7323"},{"taxonomy":"product_cat","embeddable":true,"href":"https:\/\/www.3p-gmbh.de\/id\/wp-json\/wp\/v2\/product_cat?post=7323"},{"taxonomy":"product_tag","embeddable":true,"href":"https:\/\/www.3p-gmbh.de\/id\/wp-json\/wp\/v2\/product_tag?post=7323"}],"curies":[{"name":"wp","href":"https:\/\/api.w.org\/{rel}","templated":true}]}}