{"id":7321,"date":"2019-07-11T13:58:15","date_gmt":"2019-07-11T13:58:15","guid":{"rendered":"http:\/\/www.3p-gmbh.de\/produkt\/broschurenfinisher\/"},"modified":"2019-11-12T15:58:05","modified_gmt":"2019-11-12T15:58:05","slug":"broschurenfinisher","status":"publish","type":"product","link":"https:\/\/www.3p-gmbh.de\/id\/produkt\/broschurenfinisher\/","title":{"rendered":"c. p. Bourg BDF Brosch\u00fcrenfinisher"},"content":{"rendered":"<p>2 T\u00fcrme BST 10N<br \/>\nmit Saugluft, Touch Screen Bedienung,<br \/>\nFormat max. 35 x 52 cm<br \/>\nFormat min. 11,5 x 20 cm min,<br \/>\nein Turm mit linksauslage f\u00fcr zusammengetragene S\u00e4tze<br \/>\nmit Versatzauslage TD-d<br \/>\nvoll automatischer Brosch\u00fcrenautomat BDF mit Touch Screen Bedienung<br \/>\n(Heften, Falzen und Schneiden)<br \/>\n2 Heftk\u00f6pfe Hohner Standard,<br \/>\n2 Hohner Ring\u00f6sen-Umbaukits<br \/>\nBandauslage<\/p>\n","protected":false},"excerpt":{"rendered":"<p>2 T\u00fcrme BST 10N mit Saugluft, Touch Screen Bedienung, Format max. 35 x 52 cm Format min. 11,5 x 20 cm min, ein Turm mit linksauslage f\u00fcr zusammengetragene S\u00e4tze mit Versatzauslage TD-d voll automatischer Brosch\u00fcrenautomat BDF mit Touch Screen Bedienung (Heften, Falzen und Schneiden) 2 Heftk\u00f6pfe Hohner Standard, 2 Hohner Ring\u00f6sen-Umbaukits Bandauslage<\/p>\n","protected":false},"featured_media":3187,"template":"","meta":[],"product_brand":[],"product_cat":[1747],"product_tag":[],"class_list":{"0":"post-7321","1":"product","2":"type-product","3":"status-publish","4":"has-post-thumbnail","6":"product_cat-broschuerenfertigungssysteme","7":"pa_baujahr-198","8":"pa_hersteller-c-p-bourg","9":"pa_typ-bdf","11":"first","12":"instock","13":"sold-individually","14":"taxable","15":"shipping-taxable","16":"purchasable","17":"product-type-simple"},"jetpack_sharing_enabled":true,"_links":{"self":[{"href":"https:\/\/www.3p-gmbh.de\/id\/wp-json\/wp\/v2\/product\/7321","targetHints":{"allow":["GET"]}}],"collection":[{"href":"https:\/\/www.3p-gmbh.de\/id\/wp-json\/wp\/v2\/product"}],"about":[{"href":"https:\/\/www.3p-gmbh.de\/id\/wp-json\/wp\/v2\/types\/product"}],"wp:featuredmedia":[{"embeddable":true,"href":"https:\/\/www.3p-gmbh.de\/id\/wp-json\/wp\/v2\/media\/3187"}],"wp:attachment":[{"href":"https:\/\/www.3p-gmbh.de\/id\/wp-json\/wp\/v2\/media?parent=7321"}],"wp:term":[{"taxonomy":"product_brand","embeddable":true,"href":"https:\/\/www.3p-gmbh.de\/id\/wp-json\/wp\/v2\/product_brand?post=7321"},{"taxonomy":"product_cat","embeddable":true,"href":"https:\/\/www.3p-gmbh.de\/id\/wp-json\/wp\/v2\/product_cat?post=7321"},{"taxonomy":"product_tag","embeddable":true,"href":"https:\/\/www.3p-gmbh.de\/id\/wp-json\/wp\/v2\/product_tag?post=7321"}],"curies":[{"name":"wp","href":"https:\/\/api.w.org\/{rel}","templated":true}]}}