{"id":7299,"date":"2019-07-11T13:57:54","date_gmt":"2019-07-11T13:57:54","guid":{"rendered":"http:\/\/www.3p-gmbh.de\/produkt\/klopfer-drahtheftmaschine\/"},"modified":"2019-08-09T09:25:07","modified_gmt":"2019-08-09T09:25:07","slug":"klopfer-drahtheftmaschine","status":"publish","type":"product","link":"https:\/\/www.3p-gmbh.de\/id\/produkt\/klopfer-drahtheftmaschine\/","title":{"rendered":"Hohner Favorit Drahtheftmaschine"},"content":{"rendered":"<ul>\n<li>f\u00fcr Normalheftung<\/li>\n<li>zur Verwendung von Heftdraht 2kg-Spulen Flach- oder Runddraht<\/li>\n<li>Umstellung von Block- auf Brosch\u00fcrenheftung m\u00f6glich<\/li>\n<li>mit R\u00fcck- und Seitenanschlag<\/li>\n<li>Fussausl\u00f6sung<\/li>\n<li>ca. 25 mm Heftdicke (20er Draht) einseitig eingestochen<\/li>\n<li>ca. 35 mm beidseitig eingestochen<\/li>\n<\/ul>\n","protected":false},"excerpt":{"rendered":"<p>f\u00fcr Normalheftung zur Verwendung von Heftdraht 2kg-Spulen Flach- oder Runddraht Umstellung von Block- auf Brosch\u00fcrenheftung m\u00f6glich mit R\u00fcck- und Seitenanschlag Fussausl\u00f6sung ca. 25 mm Heftdicke (20er Draht) einseitig eingestochen ca. 35 mm beidseitig eingestochen<\/p>\n","protected":false},"featured_media":3107,"template":"","meta":[],"product_brand":[],"product_cat":[86],"product_tag":[],"class_list":{"0":"post-7299","1":"product","2":"type-product","3":"status-publish","4":"has-post-thumbnail","6":"product_cat-sammelhefter","7":"pa_baujahr-272","8":"pa_hersteller-hohner","9":"pa_typ-favorit","11":"first","12":"instock","13":"sold-individually","14":"taxable","15":"shipping-taxable","16":"purchasable","17":"product-type-simple"},"jetpack_sharing_enabled":true,"_links":{"self":[{"href":"https:\/\/www.3p-gmbh.de\/id\/wp-json\/wp\/v2\/product\/7299","targetHints":{"allow":["GET"]}}],"collection":[{"href":"https:\/\/www.3p-gmbh.de\/id\/wp-json\/wp\/v2\/product"}],"about":[{"href":"https:\/\/www.3p-gmbh.de\/id\/wp-json\/wp\/v2\/types\/product"}],"wp:featuredmedia":[{"embeddable":true,"href":"https:\/\/www.3p-gmbh.de\/id\/wp-json\/wp\/v2\/media\/3107"}],"wp:attachment":[{"href":"https:\/\/www.3p-gmbh.de\/id\/wp-json\/wp\/v2\/media?parent=7299"}],"wp:term":[{"taxonomy":"product_brand","embeddable":true,"href":"https:\/\/www.3p-gmbh.de\/id\/wp-json\/wp\/v2\/product_brand?post=7299"},{"taxonomy":"product_cat","embeddable":true,"href":"https:\/\/www.3p-gmbh.de\/id\/wp-json\/wp\/v2\/product_cat?post=7299"},{"taxonomy":"product_tag","embeddable":true,"href":"https:\/\/www.3p-gmbh.de\/id\/wp-json\/wp\/v2\/product_tag?post=7299"}],"curies":[{"name":"wp","href":"https:\/\/api.w.org\/{rel}","templated":true}]}}