{"id":7296,"date":"2019-07-11T13:57:54","date_gmt":"2019-07-11T13:57:54","guid":{"rendered":"http:\/\/www.3p-gmbh.de\/produkt\/unverwuestliche-draht-heftmaschine-klopf\/"},"modified":"2019-08-09T09:31:30","modified_gmt":"2019-08-09T09:31:30","slug":"unverwuestliche-draht-heftmaschine-klopf","status":"publish","type":"product","link":"https:\/\/www.3p-gmbh.de\/id\/produkt\/unverwuestliche-draht-heftmaschine-klopf\/","title":{"rendered":"M\u00fcller Martini 271 Drahtheftmaschine"},"content":{"rendered":"<ul>\n<li>Drahtheftmaschine (Klopfer) f\u00fcr Sattelheftung und Blockheftung<\/li>\n<li>max. Blockst\u00e4rke 22mm (einseitig gestochen)<\/li>\n<li>max. Blockst\u00e4rke 35mm (beidseitig gestochen)<\/li>\n<li>380 Volt<\/li>\n<\/ul>\n","protected":false},"excerpt":{"rendered":"<p>Drahtheftmaschine (Klopfer) f\u00fcr Sattelheftung und Blockheftung max. Blockst\u00e4rke 22mm (einseitig gestochen) max. Blockst\u00e4rke 35mm (beidseitig gestochen) 380 Volt<\/p>\n","protected":false},"featured_media":3091,"template":"","meta":[],"product_brand":[],"product_cat":[86],"product_tag":[],"class_list":{"0":"post-7296","1":"product","2":"type-product","3":"status-publish","4":"has-post-thumbnail","6":"product_cat-sammelhefter","7":"pa_baujahr-976","8":"pa_hersteller-hans-mueller-mueller-martini","9":"pa_typ-1226","11":"first","12":"instock","13":"sold-individually","14":"taxable","15":"shipping-taxable","16":"purchasable","17":"product-type-simple"},"jetpack_sharing_enabled":true,"_links":{"self":[{"href":"https:\/\/www.3p-gmbh.de\/id\/wp-json\/wp\/v2\/product\/7296","targetHints":{"allow":["GET"]}}],"collection":[{"href":"https:\/\/www.3p-gmbh.de\/id\/wp-json\/wp\/v2\/product"}],"about":[{"href":"https:\/\/www.3p-gmbh.de\/id\/wp-json\/wp\/v2\/types\/product"}],"wp:featuredmedia":[{"embeddable":true,"href":"https:\/\/www.3p-gmbh.de\/id\/wp-json\/wp\/v2\/media\/3091"}],"wp:attachment":[{"href":"https:\/\/www.3p-gmbh.de\/id\/wp-json\/wp\/v2\/media?parent=7296"}],"wp:term":[{"taxonomy":"product_brand","embeddable":true,"href":"https:\/\/www.3p-gmbh.de\/id\/wp-json\/wp\/v2\/product_brand?post=7296"},{"taxonomy":"product_cat","embeddable":true,"href":"https:\/\/www.3p-gmbh.de\/id\/wp-json\/wp\/v2\/product_cat?post=7296"},{"taxonomy":"product_tag","embeddable":true,"href":"https:\/\/www.3p-gmbh.de\/id\/wp-json\/wp\/v2\/product_tag?post=7296"}],"curies":[{"name":"wp","href":"https:\/\/api.w.org\/{rel}","templated":true}]}}