{"id":7273,"date":"2019-07-11T13:57:47","date_gmt":"2019-07-11T13:57:47","guid":{"rendered":"http:\/\/www.3p-gmbh.de\/produkt\/ringoesenheftkoepfe\/"},"modified":"2019-08-09T10:11:00","modified_gmt":"2019-08-09T10:11:00","slug":"ringoesenheftkoepfe","status":"publish","type":"product","link":"https:\/\/www.3p-gmbh.de\/id\/produkt\/ringoesenheftkoepfe\/","title":{"rendered":"Heidelberg\/Hohner 52-8 S L6 Ring\u00f6senheftk\u00f6pfe"},"content":{"rendered":"<p>Mit seinen optionalen Wechselteiles\u00e4tzen f\u00fcr verschiedene Klammerr\u00fcckenl\u00e4ngen, Ring\u00f6sendurchmesser und Drahtsorten ist dies der derzeit immer noch flexibelste und vielseitigste Heftkopf am Markt, geeignet f\u00fcr H\u00f6chstgeschwindigkeiten bis zu 20.000 Heftungen\/Stunde.<\/p>\n<p>\u2013 Extreme Klammervielfalt<br \/>\n\u2013 optionale Wechselteile, dadurch kostensparend<br \/>\n\u2013 schnelle Zentraleinstellung von Drahtl\u00e4nge und Heftst\u00e4rke<br \/>\n\u2013 mit Alu-Geh\u00e4use<br \/>\n\u2013 bedienerfreundliche, werkzeuglose Einstellung der Drahtl\u00e4nge<br \/>\n\u2013 extrem schmaler und robuster Niederhalter<\/p>\n","protected":false},"excerpt":{"rendered":"<p>Mit seinen optionalen Wechselteiles\u00e4tzen f\u00fcr verschiedene Klammerr\u00fcckenl\u00e4ngen, Ring\u00f6sendurchmesser und Drahtsorten ist dies der derzeit immer noch flexibelste und vielseitigste Heftkopf am Markt, geeignet f\u00fcr H\u00f6chstgeschwindigkeiten bis zu 20.000 Heftungen\/Stunde. \u2013 Extreme Klammervielfalt \u2013 optionale Wechselteile, dadurch kostensparend \u2013 schnelle Zentraleinstellung von Drahtl\u00e4nge und Heftst\u00e4rke \u2013 mit Alu-Geh\u00e4use \u2013 bedienerfreundliche, werkzeuglose Einstellung der Drahtl\u00e4nge \u2013 extrem [&hellip;]<\/p>\n","protected":false},"featured_media":2986,"template":"","meta":[],"product_brand":[],"product_cat":[86],"product_tag":[],"class_list":{"0":"post-7273","1":"product","2":"type-product","3":"status-publish","4":"has-post-thumbnail","6":"product_cat-sammelhefter","7":"pa_baujahr-140","8":"pa_hersteller-heidelberg-oem-hohner","9":"pa_typ-52-8-s-l6-hk-52-8","11":"first","12":"instock","13":"sold-individually","14":"taxable","15":"shipping-taxable","16":"purchasable","17":"product-type-simple"},"jetpack_sharing_enabled":true,"_links":{"self":[{"href":"https:\/\/www.3p-gmbh.de\/id\/wp-json\/wp\/v2\/product\/7273","targetHints":{"allow":["GET"]}}],"collection":[{"href":"https:\/\/www.3p-gmbh.de\/id\/wp-json\/wp\/v2\/product"}],"about":[{"href":"https:\/\/www.3p-gmbh.de\/id\/wp-json\/wp\/v2\/types\/product"}],"wp:featuredmedia":[{"embeddable":true,"href":"https:\/\/www.3p-gmbh.de\/id\/wp-json\/wp\/v2\/media\/2986"}],"wp:attachment":[{"href":"https:\/\/www.3p-gmbh.de\/id\/wp-json\/wp\/v2\/media?parent=7273"}],"wp:term":[{"taxonomy":"product_brand","embeddable":true,"href":"https:\/\/www.3p-gmbh.de\/id\/wp-json\/wp\/v2\/product_brand?post=7273"},{"taxonomy":"product_cat","embeddable":true,"href":"https:\/\/www.3p-gmbh.de\/id\/wp-json\/wp\/v2\/product_cat?post=7273"},{"taxonomy":"product_tag","embeddable":true,"href":"https:\/\/www.3p-gmbh.de\/id\/wp-json\/wp\/v2\/product_tag?post=7273"}],"curies":[{"name":"wp","href":"https:\/\/api.w.org\/{rel}","templated":true}]}}