{"id":7215,"date":"2019-07-11T13:57:16","date_gmt":"2019-07-11T13:57:16","guid":{"rendered":"http:\/\/www.3p-gmbh.de\/produkt\/faelzelgeraet\/"},"modified":"2019-11-08T10:02:56","modified_gmt":"2019-11-08T10:02:56","slug":"faelzelgeraet","status":"publish","type":"product","link":"https:\/\/www.3p-gmbh.de\/id\/produkt\/faelzelgeraet\/","title":{"rendered":"Regulus Regubinder RB-3 F\u00e4lzelger\u00e4t"},"content":{"rendered":"<ul>\n<li>f\u00fcr die rationelle Einfassung von Blocks, Katalogen, Brosch\u00fcren, Kalendern und sonstigem geheftetem oder verleimtem Schriftgut mit selbstklebebenden Regulus-F\u00e4lzelb\u00e4ndern bis 50 mm Blockdicke und bis 420 mm L\u00e4nge<\/li>\n<li>Ger\u00e4teabmessung L 75 x B 24 xH 32 cm<\/li>\n<\/ul>\n","protected":false},"excerpt":{"rendered":"<p>f\u00fcr die rationelle Einfassung von Blocks, Katalogen, Brosch\u00fcren, Kalendern und sonstigem geheftetem oder verleimtem Schriftgut mit selbstklebebenden Regulus-F\u00e4lzelb\u00e4ndern bis 50 mm Blockdicke und bis 420 mm L\u00e4nge Ger\u00e4teabmessung L 75 x B 24 xH 32 cm<\/p>\n","protected":false},"featured_media":2756,"template":"","meta":[],"product_brand":[],"product_cat":[1764],"product_tag":[],"class_list":{"0":"post-7215","1":"product","2":"type-product","3":"status-publish","4":"has-post-thumbnail","6":"product_cat-sortimentsbuchbinderei","7":"pa_hersteller-regulus","8":"pa_typ-regubinder-rb3","10":"first","11":"instock","12":"sold-individually","13":"taxable","14":"shipping-taxable","15":"purchasable","16":"product-type-simple"},"jetpack_sharing_enabled":true,"_links":{"self":[{"href":"https:\/\/www.3p-gmbh.de\/id\/wp-json\/wp\/v2\/product\/7215","targetHints":{"allow":["GET"]}}],"collection":[{"href":"https:\/\/www.3p-gmbh.de\/id\/wp-json\/wp\/v2\/product"}],"about":[{"href":"https:\/\/www.3p-gmbh.de\/id\/wp-json\/wp\/v2\/types\/product"}],"wp:featuredmedia":[{"embeddable":true,"href":"https:\/\/www.3p-gmbh.de\/id\/wp-json\/wp\/v2\/media\/2756"}],"wp:attachment":[{"href":"https:\/\/www.3p-gmbh.de\/id\/wp-json\/wp\/v2\/media?parent=7215"}],"wp:term":[{"taxonomy":"product_brand","embeddable":true,"href":"https:\/\/www.3p-gmbh.de\/id\/wp-json\/wp\/v2\/product_brand?post=7215"},{"taxonomy":"product_cat","embeddable":true,"href":"https:\/\/www.3p-gmbh.de\/id\/wp-json\/wp\/v2\/product_cat?post=7215"},{"taxonomy":"product_tag","embeddable":true,"href":"https:\/\/www.3p-gmbh.de\/id\/wp-json\/wp\/v2\/product_tag?post=7215"}],"curies":[{"name":"wp","href":"https:\/\/api.w.org\/{rel}","templated":true}]}}