{"id":7209,"date":"2019-07-11T13:57:16","date_gmt":"2019-07-11T13:57:16","guid":{"rendered":"http:\/\/www.3p-gmbh.de\/produkt\/blockleimanlage-2\/"},"modified":"2021-05-12T15:30:55","modified_gmt":"2021-05-12T15:30:55","slug":"blockleimanlage-2","status":"publish","type":"product","link":"https:\/\/www.3p-gmbh.de\/id\/produkt\/blockleimanlage-2\/","title":{"rendered":"M\u00fcro 4 x 5000 A 3 WT Blockleimanlage &#8211; revidiert in neuwertigem Zustand"},"content":{"rendered":"<p><strong>M\u00fcro Blockleimanlage 4 x 5000 A3 WT\u00a02<\/strong><br \/>\n<strong>in neuwertigem Zustand<\/strong><\/p>\n<p>f\u00fcr die Massenproduktion von Formulars\u00e4tzen, Brosch\u00fcren, Katalogen, Wiegekarten, Kalender,<br \/>\nSchreibunterlagen in Blocks, Notablocks, Quittungblocks, Schreibblocks und Notizw\u00fcrfeln.<\/p>\n<p>4 Pressen mit einer Stapelh\u00f6he von je 50 cm auf einer drehbaren Grundplatte, daher gro\u00dfe Aufnahmekapazit\u00e4t und kontinuierliche Arbeitsweise.<br \/>\nExaktes und schnelles Stapeln in Schr\u00e4glage der Pressen.<br \/>\nSchnelltrocknung mit 2 Warmluftgebl\u00e4sen. W\u00e4hrend eine Presse beschickt wird, trocknet und k\u00fchlt das Bindegut bereits in den anderen Pressen.<\/p>\n<p>Variierbarer Pre\u00dfdruck &#8211; wichtig f\u00fcr die Selbsttrennverleimung von Formulars\u00e4tzen sowie f\u00fcr die Nutenfr\u00e4sung von Brosch\u00fcren und Wiegekarten<\/p>\n<p>Stapelh\u00f6he: 52,5cm<br \/>\nPressenbreite: 52,5 cm<br \/>\nPressentiefe: 32 cm<br \/>\nPlatzbedarf in Aktion: 1,8 x 1,8 m<br \/>\nGewicht:ca. 102 kg<br \/>\nAnschlu\u00dfwerte: 230 V, 1100\/2150 W<\/p>\n<p><strong>1 Warmlufttrocknungsstation mit\u00a0 2 WT-Gebl\u00e4sen mit Kaltluft-, 1100 W- und 2150 W-Stufe<\/strong><br \/>\n<strong>1 W\u00e4rmestaublech f\u00fcr gleichm\u00e4\u00dfige Trocknung<\/strong><\/p>\n","protected":false},"excerpt":{"rendered":"<p>M\u00fcro Blockleimanlage 4 x 5000 A3 WT\u00a02 in neuwertigem Zustand f\u00fcr die Massenproduktion von Formulars\u00e4tzen, Brosch\u00fcren, Katalogen, Wiegekarten, Kalender, Schreibunterlagen in Blocks, Notablocks, Quittungblocks, Schreibblocks und Notizw\u00fcrfeln. 4 Pressen mit einer Stapelh\u00f6he von je 50 cm auf einer drehbaren Grundplatte, daher gro\u00dfe Aufnahmekapazit\u00e4t und kontinuierliche Arbeitsweise. Exaktes und schnelles Stapeln in Schr\u00e4glage der Pressen. Schnelltrocknung [&hellip;]<\/p>\n","protected":false},"featured_media":38725,"template":"","meta":[],"product_brand":[],"product_cat":[1764],"product_tag":[],"class_list":{"0":"post-7209","1":"product","2":"type-product","3":"status-publish","4":"has-post-thumbnail","6":"product_cat-sortimentsbuchbinderei","7":"pa_baujahr-140","8":"pa_hersteller-muero","9":"pa_typ-muero-4-x-5000-a-3-wt","11":"first","12":"instock","13":"sold-individually","14":"taxable","15":"shipping-taxable","16":"purchasable","17":"product-type-simple"},"jetpack_sharing_enabled":true,"_links":{"self":[{"href":"https:\/\/www.3p-gmbh.de\/id\/wp-json\/wp\/v2\/product\/7209","targetHints":{"allow":["GET"]}}],"collection":[{"href":"https:\/\/www.3p-gmbh.de\/id\/wp-json\/wp\/v2\/product"}],"about":[{"href":"https:\/\/www.3p-gmbh.de\/id\/wp-json\/wp\/v2\/types\/product"}],"wp:featuredmedia":[{"embeddable":true,"href":"https:\/\/www.3p-gmbh.de\/id\/wp-json\/wp\/v2\/media\/38725"}],"wp:attachment":[{"href":"https:\/\/www.3p-gmbh.de\/id\/wp-json\/wp\/v2\/media?parent=7209"}],"wp:term":[{"taxonomy":"product_brand","embeddable":true,"href":"https:\/\/www.3p-gmbh.de\/id\/wp-json\/wp\/v2\/product_brand?post=7209"},{"taxonomy":"product_cat","embeddable":true,"href":"https:\/\/www.3p-gmbh.de\/id\/wp-json\/wp\/v2\/product_cat?post=7209"},{"taxonomy":"product_tag","embeddable":true,"href":"https:\/\/www.3p-gmbh.de\/id\/wp-json\/wp\/v2\/product_tag?post=7209"}],"curies":[{"name":"wp","href":"https:\/\/api.w.org\/{rel}","templated":true}]}}