{"id":6980,"date":"2019-07-11T13:54:54","date_gmt":"2019-07-11T13:54:54","guid":{"rendered":"http:\/\/www.3p-gmbh.de\/produkt\/lufttisch-segmente\/"},"modified":"2019-12-10T15:15:13","modified_gmt":"2019-12-10T15:15:13","slug":"lufttisch-segmente","status":"publish","type":"product","link":"https:\/\/www.3p-gmbh.de\/id\/produkt\/lufttisch-segmente\/","title":{"rendered":"Polar Mohr Lufttisch-Segmente"},"content":{"rendered":"<p>Verschiedene Varianten verf\u00fcgbar:<\/p>\n<p>1 Polar Mohr Lufttischsegment 100&#215;100 cm (ohne Kompressor)<br \/>\nvernickelte Edelstahl Oberfl\u00e4che<\/p>\n<p>1 Polar Mohr Lufttischsegment 25&#215;100 cm (ohne Kompressor)<br \/>\nvernickelte Edelstahl Oberfl\u00e4che<\/p>\n<p>1 Polar Mohr Lufttischsegment 75&#215;100 cm (ohne Kompressor)<br \/>\nResophal Oberfl\u00e4che<\/p>\n<p>1 Polar Mohr Lufttischsegment 75x75cm (ohne Kompressor)<br \/>\nResophal Oberfl\u00e4che<\/p>\n","protected":false},"excerpt":{"rendered":"<p>Verschiedene Varianten verf\u00fcgbar: 1 Polar Mohr Lufttischsegment 100&#215;100 cm (ohne Kompressor) vernickelte Edelstahl Oberfl\u00e4che 1 Polar Mohr Lufttischsegment 25&#215;100 cm (ohne Kompressor) vernickelte Edelstahl Oberfl\u00e4che 1 Polar Mohr Lufttischsegment 75&#215;100 cm (ohne Kompressor) Resophal Oberfl\u00e4che 1 Polar Mohr Lufttischsegment 75x75cm (ohne Kompressor) Resophal Oberfl\u00e4che<\/p>\n","protected":false},"featured_media":1835,"template":"","meta":[],"product_brand":[],"product_cat":[788],"product_tag":[],"class_list":{"0":"post-6980","1":"product","2":"type-product","3":"status-publish","4":"has-post-thumbnail","6":"product_cat-schneidemaschinen","7":"pa_baujahr-205","8":"pa_hersteller-polar-mohr-hofheim","9":"pa_typ-luftbetttisch","11":"first","12":"instock","13":"sold-individually","14":"taxable","15":"shipping-taxable","16":"purchasable","17":"product-type-simple"},"jetpack_sharing_enabled":true,"_links":{"self":[{"href":"https:\/\/www.3p-gmbh.de\/id\/wp-json\/wp\/v2\/product\/6980","targetHints":{"allow":["GET"]}}],"collection":[{"href":"https:\/\/www.3p-gmbh.de\/id\/wp-json\/wp\/v2\/product"}],"about":[{"href":"https:\/\/www.3p-gmbh.de\/id\/wp-json\/wp\/v2\/types\/product"}],"wp:featuredmedia":[{"embeddable":true,"href":"https:\/\/www.3p-gmbh.de\/id\/wp-json\/wp\/v2\/media\/1835"}],"wp:attachment":[{"href":"https:\/\/www.3p-gmbh.de\/id\/wp-json\/wp\/v2\/media?parent=6980"}],"wp:term":[{"taxonomy":"product_brand","embeddable":true,"href":"https:\/\/www.3p-gmbh.de\/id\/wp-json\/wp\/v2\/product_brand?post=6980"},{"taxonomy":"product_cat","embeddable":true,"href":"https:\/\/www.3p-gmbh.de\/id\/wp-json\/wp\/v2\/product_cat?post=6980"},{"taxonomy":"product_tag","embeddable":true,"href":"https:\/\/www.3p-gmbh.de\/id\/wp-json\/wp\/v2\/product_tag?post=6980"}],"curies":[{"name":"wp","href":"https:\/\/api.w.org\/{rel}","templated":true}]}}