{"id":6940,"date":"2019-07-11T13:54:40","date_gmt":"2019-07-11T13:54:40","guid":{"rendered":"http:\/\/www.3p-gmbh.de\/produkt\/epson-proofsystem-mit-proofmaster-rip\/"},"modified":"2019-11-08T11:25:14","modified_gmt":"2019-11-08T11:25:14","slug":"epson-proofsystem-mit-proofmaster-rip","status":"publish","type":"product","link":"https:\/\/www.3p-gmbh.de\/id\/produkt\/epson-proofsystem-mit-proofmaster-rip\/","title":{"rendered":"Epson 7600 Stylus Pro Proofsystem mit ProofMaster Rip"},"content":{"rendered":"<p>Im Gesch\u00e4ftsbetrieb k\u00f6nnen Sie mit Ihren Kunden kein Risiko eingehen. Sie m\u00fcssen die Auftr\u00e4ge Ihrer Kunden pra\u00e4zise und termingerecht erledigen. Auf keinen Fall m\u00f6chten Sie mit Ihren Kunden dar\u00fcber streiten, ob die Farben stimmen, oder einen Liefertermin nicht einhalten, weil f\u00fcr die Proofs mehr Zeit erforderlich ist. Sie ben\u00f6tigen Proofs mit einer nachweislichen Pr\u00e4zision. Und Proofing-Software, die nicht nur einfach in der Handhabung ist, sondern auch die fuer Ihre Arbeitsweise notwendige Flexibilitaet bietet. Ein zum Paket zugeh\u00f6riges Messgera\u00e4t dient zur Kalibrierung des Ger\u00e4tes sowie zur Einmessung von diversen Papiersorten, dar\u00fcber hinaus wird das Ger\u00e4t zur Qualit\u00e4tssicherung im laufenden Betrieb genutzt.<\/p>\n<ul>\n<li>Epson Stylus Pro 7600 Tischger\u00e4t<\/li>\n<li>Tintenstrahldrucker mit EPSON UltraChrome(TM) 7-Farb-Tintentechnologie<\/li>\n<li>Schwarztinten-Optimierung fuer alle Druckanforderungen<\/li>\n<li>Lightblack-Tinte f\u00fcr ueberragenden Fotodruck<\/li>\n<li>hochentwickelte Micro Piezo(TM) Druckkopftechnologie mit 2880 dpi<\/li>\n<li>Hohe Druckqualit\u00e4t, niedrige Druckkosten<\/li>\n<li>Vielseitig, flexibel und einfach zu bedienen<\/li>\n<li>Maximalaufl\u00f6sung 2880 x 1440 dpi<\/li>\n<li>Anschluss Parallel\/USB<\/li>\n<li>Medientypen: Blattware oder Rolle (max. Breite 61,0 cm)<\/li>\n<\/ul>\n<p>&nbsp;<\/p>\n<ul>\n<li>PerfectProof Proofmaster Rip 3.1<\/li>\n<li>Softwarepaket zur Ansteuerung von Epson Stylus 7600<\/li>\n<li>Driver Klasse 3 (auch andere Ausgabegeraete mit groesserem Format ansteuerbar)<\/li>\n<li>Betriebssystem Windows 2003 Server<\/li>\n<\/ul>\n<p>Messger\u00e4t Gretag SpectroScan mit Messtisch Spectrolino<br \/>\nDas Spektralfotometer Spectrolino ist das pr\u00e4zise Messger\u00e4t f\u00fcr alle Bereiche der Druckindustrie: Remission, Transmission und Emission! So lassen sich Farb- und Papiermuster, Dias, Colorcharts und Monitore immer schnell, sicher und absolut genau ausmessen. Mit dem handlichen Messgeraet erzielen Sie bei kleinstem Aufwand grosse Leistung: durchgehende Qualit\u00e4t, vom Bestelleingang bis zur Auslieferung des gedruckten Endproduktes. Das Spectrolino wird \u00fcber die eingebaute RS 232C-Schnittstelle an den PC angeschlossen. Durch das Ringoptik-System wird selbst unter verschiedenen Winkeln gleich zuverl\u00e4ssig gemessen. Fuer die Emissionsmessung wird das Spectrolino mit der mitgelieferten Halterung sicher und schonend am Bildschirm angebracht. Der SpectroScan T x\/y-Messtisch macht aus dem Spectrolino eine vollautomatische Arbeitsstation zur Vermessung von Color-Charts.<\/p>\n","protected":false},"excerpt":{"rendered":"<p>Im Gesch\u00e4ftsbetrieb k\u00f6nnen Sie mit Ihren Kunden kein Risiko eingehen. Sie m\u00fcssen die Auftr\u00e4ge Ihrer Kunden pra\u00e4zise und termingerecht erledigen. Auf keinen Fall m\u00f6chten Sie mit Ihren Kunden dar\u00fcber streiten, ob die Farben stimmen, oder einen Liefertermin nicht einhalten, weil f\u00fcr die Proofs mehr Zeit erforderlich ist. Sie ben\u00f6tigen Proofs mit einer nachweislichen Pr\u00e4zision. Und [&hellip;]<\/p>\n","protected":false},"featured_media":1697,"template":"","meta":[],"product_brand":[],"product_cat":[314],"product_tag":[],"class_list":{"0":"post-6940","1":"product","2":"type-product","3":"status-publish","4":"has-post-thumbnail","6":"product_cat-digitaldruck","7":"pa_baujahr-153","8":"pa_hersteller-epson-proofmaster","9":"pa_typ-stylus-7600","11":"first","12":"instock","13":"sold-individually","14":"taxable","15":"shipping-taxable","16":"purchasable","17":"product-type-simple"},"jetpack_sharing_enabled":true,"_links":{"self":[{"href":"https:\/\/www.3p-gmbh.de\/id\/wp-json\/wp\/v2\/product\/6940","targetHints":{"allow":["GET"]}}],"collection":[{"href":"https:\/\/www.3p-gmbh.de\/id\/wp-json\/wp\/v2\/product"}],"about":[{"href":"https:\/\/www.3p-gmbh.de\/id\/wp-json\/wp\/v2\/types\/product"}],"wp:featuredmedia":[{"embeddable":true,"href":"https:\/\/www.3p-gmbh.de\/id\/wp-json\/wp\/v2\/media\/1697"}],"wp:attachment":[{"href":"https:\/\/www.3p-gmbh.de\/id\/wp-json\/wp\/v2\/media?parent=6940"}],"wp:term":[{"taxonomy":"product_brand","embeddable":true,"href":"https:\/\/www.3p-gmbh.de\/id\/wp-json\/wp\/v2\/product_brand?post=6940"},{"taxonomy":"product_cat","embeddable":true,"href":"https:\/\/www.3p-gmbh.de\/id\/wp-json\/wp\/v2\/product_cat?post=6940"},{"taxonomy":"product_tag","embeddable":true,"href":"https:\/\/www.3p-gmbh.de\/id\/wp-json\/wp\/v2\/product_tag?post=6940"}],"curies":[{"name":"wp","href":"https:\/\/api.w.org\/{rel}","templated":true}]}}