{"id":6801,"date":"2019-07-11T13:53:31","date_gmt":"2019-07-11T13:53:31","guid":{"rendered":"http:\/\/www.3p-gmbh.de\/produkt\/spektralphotometer\/"},"modified":"2026-01-28T07:21:35","modified_gmt":"2026-01-28T07:21:35","slug":"spektralphotometer","status":"publish","type":"product","link":"https:\/\/www.3p-gmbh.de\/id\/produkt\/spektralphotometer\/","title":{"rendered":"Gretag-Macbeth SpectroEye Spektralphotometer"},"content":{"rendered":"<ul>\n<li>portables Spektralphotometer und Densitometer f\u00fcr Reflexionsmessung<\/li>\n<li>einfachste Bedienung durch Kugeltaste und grafische Benutzerf\u00fchrung<\/li>\n<li>\u00fcbersichtliche Darstellung der Messwerte<\/li>\n<li>richtungsunabh\u00e4ngige Messung durch Ringoptik<\/li>\n<li>SN 3.264-15311<\/li>\n<\/ul>\n","protected":false},"excerpt":{"rendered":"<p>portables Spektralphotometer und Densitometer f\u00fcr Reflexionsmessung einfachste Bedienung durch Kugeltaste und grafische Benutzerf\u00fchrung \u00fcbersichtliche Darstellung der Messwerte richtungsunabh\u00e4ngige Messung durch Ringoptik SN 3.264-15311<\/p>\n","protected":false},"featured_media":124686,"template":"","meta":[],"product_brand":[],"product_cat":[1780],"product_tag":[],"class_list":{"0":"post-6801","1":"product","2":"type-product","3":"status-publish","4":"has-post-thumbnail","6":"product_cat-messgeraete-und-qualitaetssicherung","7":"pa_hersteller-x-rite-gretag-macbeth","8":"pa_typ-spectroeye","10":"first","11":"instock","12":"sold-individually","13":"taxable","14":"shipping-taxable","15":"purchasable","16":"product-type-simple"},"jetpack_sharing_enabled":true,"_links":{"self":[{"href":"https:\/\/www.3p-gmbh.de\/id\/wp-json\/wp\/v2\/product\/6801","targetHints":{"allow":["GET"]}}],"collection":[{"href":"https:\/\/www.3p-gmbh.de\/id\/wp-json\/wp\/v2\/product"}],"about":[{"href":"https:\/\/www.3p-gmbh.de\/id\/wp-json\/wp\/v2\/types\/product"}],"wp:featuredmedia":[{"embeddable":true,"href":"https:\/\/www.3p-gmbh.de\/id\/wp-json\/wp\/v2\/media\/124686"}],"wp:attachment":[{"href":"https:\/\/www.3p-gmbh.de\/id\/wp-json\/wp\/v2\/media?parent=6801"}],"wp:term":[{"taxonomy":"product_brand","embeddable":true,"href":"https:\/\/www.3p-gmbh.de\/id\/wp-json\/wp\/v2\/product_brand?post=6801"},{"taxonomy":"product_cat","embeddable":true,"href":"https:\/\/www.3p-gmbh.de\/id\/wp-json\/wp\/v2\/product_cat?post=6801"},{"taxonomy":"product_tag","embeddable":true,"href":"https:\/\/www.3p-gmbh.de\/id\/wp-json\/wp\/v2\/product_tag?post=6801"}],"curies":[{"name":"wp","href":"https:\/\/api.w.org\/{rel}","templated":true}]}}