{"id":6780,"date":"2019-07-11T13:53:23","date_gmt":"2019-07-11T13:53:23","guid":{"rendered":"http:\/\/www.3p-gmbh.de\/produkt\/schubladenschrank\/"},"modified":"2019-11-08T10:45:01","modified_gmt":"2019-11-08T10:45:01","slug":"schubladenschrank","status":"publish","type":"product","link":"https:\/\/www.3p-gmbh.de\/id\/produkt\/schubladenschrank\/","title":{"rendered":"Megastahl Modell VII Schubladenschrank"},"content":{"rendered":"<ul>\n<li>bew\u00e4hrte stabile Stahlbauweise mit formatgerechten Schubladen<\/li>\n<li>hoch belastbaren Kugellagerf\u00fchrungen<\/li>\n<li>je 9 Schubladen ca. 8 cm H\u00f6he mit Nutzmass ca. 1200 x 1650 mm<\/li>\n<\/ul>\n","protected":false},"excerpt":{"rendered":"<p>bew\u00e4hrte stabile Stahlbauweise mit formatgerechten Schubladen hoch belastbaren Kugellagerf\u00fchrungen je 9 Schubladen ca. 8 cm H\u00f6he mit Nutzmass ca. 1200 x 1650 mm<\/p>\n","protected":false},"featured_media":1206,"template":"","meta":[],"product_brand":[],"product_cat":[1484],"product_tag":[],"class_list":{"0":"post-6780","1":"product","2":"type-product","3":"status-publish","4":"has-post-thumbnail","6":"product_cat-lagertechnik","7":"pa_baujahr-127","8":"pa_hersteller-mega-stahl","9":"pa_typ-modell-vii","11":"first","12":"instock","13":"sold-individually","14":"taxable","15":"shipping-taxable","16":"purchasable","17":"product-type-simple"},"jetpack_sharing_enabled":true,"_links":{"self":[{"href":"https:\/\/www.3p-gmbh.de\/id\/wp-json\/wp\/v2\/product\/6780","targetHints":{"allow":["GET"]}}],"collection":[{"href":"https:\/\/www.3p-gmbh.de\/id\/wp-json\/wp\/v2\/product"}],"about":[{"href":"https:\/\/www.3p-gmbh.de\/id\/wp-json\/wp\/v2\/types\/product"}],"wp:featuredmedia":[{"embeddable":true,"href":"https:\/\/www.3p-gmbh.de\/id\/wp-json\/wp\/v2\/media\/1206"}],"wp:attachment":[{"href":"https:\/\/www.3p-gmbh.de\/id\/wp-json\/wp\/v2\/media?parent=6780"}],"wp:term":[{"taxonomy":"product_brand","embeddable":true,"href":"https:\/\/www.3p-gmbh.de\/id\/wp-json\/wp\/v2\/product_brand?post=6780"},{"taxonomy":"product_cat","embeddable":true,"href":"https:\/\/www.3p-gmbh.de\/id\/wp-json\/wp\/v2\/product_cat?post=6780"},{"taxonomy":"product_tag","embeddable":true,"href":"https:\/\/www.3p-gmbh.de\/id\/wp-json\/wp\/v2\/product_tag?post=6780"}],"curies":[{"name":"wp","href":"https:\/\/api.w.org\/{rel}","templated":true}]}}