{"id":6724,"date":"2019-07-11T13:53:09","date_gmt":"2019-07-11T13:53:09","guid":{"rendered":"http:\/\/www.3p-gmbh.de\/produkt\/walzendruckmessgeraet\/"},"modified":"2019-11-08T10:50:56","modified_gmt":"2019-11-08T10:50:56","slug":"walzendruckmessgeraet","status":"publish","type":"product","link":"https:\/\/www.3p-gmbh.de\/id\/produkt\/walzendruckmessgeraet\/","title":{"rendered":"Diginip Walzendruckmessger\u00e4t"},"content":{"rendered":"<p>Pr\u00e4zise, einfache und reproduzierbare Kontrolle der Einstellung von Farb- und Feuchtwalzen in Druckmaschinen &#8211; mit digitalem Messwert, angepasst an die moderne Drucktechnik &#8211; f\u00fcr bessere Druckqualit\u00e4t bei optimaler Feuchtung. Gut gestellte Walzen sind die Basis f\u00fcr gute, konstante Druckqualit\u00e4t und helfen Druckschwierigkeiten zu vermeiden. Auch modernste Druckmaschinen verlangen genau eingestellte Walzen. Die umst\u00e4ndliche Kontrolle mit den Papierstreifen bei eingef\u00e4rbten Walzen passt nur schlecht zur modernen Drucktechnik und ist subjektiv. Ein digitaler Messwert mit minimaler Abweichung erlaubt eine sichere und reproduzierbare Walzeneinstellung f\u00fcr die notwendige Betriebssicherheit, f\u00fcr optimale Druckqualit\u00e4t und schonendem Einsatz der Walzen. Gut eingestellte Walzen leben l\u00e4nger. Alkoholreduzierter Druck ist nur mit guten Walzen und bei korrekter Einstellung der Feuchtwalzen m\u00f6glich. Feuchtwalzen, die durch den Einfluss von Feuchtmittelzusatz und Alkohol ihren Umfang ver\u00e4ndern, sind ein h\u00e4ufiger Grund, dass bei schwierigen Druckformen nicht mit einem minimalen Einsatz oder ohne Alkohol gedruckt werden kann. Die Einstellung der Feuchtwalzen ist demzufolge von ausschlaggebender Bedeutung, ob es gelingt den Alkohol und damit die VOC zu reduzieren oder vollst\u00e4ndig zu ersetzen.<\/p>\n<p>Lieferumfang:<\/p>\n<ul>\n<li>DigiNip Messgeraet<\/li>\n<li>2 Spiral-Kabel 1,5m<\/li>\n<li>2 Sensor Messzungen<\/li>\n<li>1 Transportkoffer<\/li>\n<\/ul>\n","protected":false},"excerpt":{"rendered":"<p>Pr\u00e4zise, einfache und reproduzierbare Kontrolle der Einstellung von Farb- und Feuchtwalzen in Druckmaschinen &#8211; mit digitalem Messwert, angepasst an die moderne Drucktechnik &#8211; f\u00fcr bessere Druckqualit\u00e4t bei optimaler Feuchtung. Gut gestellte Walzen sind die Basis f\u00fcr gute, konstante Druckqualit\u00e4t und helfen Druckschwierigkeiten zu vermeiden. Auch modernste Druckmaschinen verlangen genau eingestellte Walzen. Die umst\u00e4ndliche Kontrolle mit [&hellip;]<\/p>\n","protected":false},"featured_media":1042,"template":"","meta":[],"product_brand":[],"product_cat":[1780],"product_tag":[],"class_list":{"0":"post-6724","1":"product","2":"type-product","3":"status-publish","4":"has-post-thumbnail","6":"product_cat-messgeraete-und-qualitaetssicherung","7":"pa_baujahr-452","8":"pa_hersteller-quick-check","9":"pa_typ-diginip","11":"first","12":"instock","13":"sold-individually","14":"taxable","15":"shipping-taxable","16":"purchasable","17":"product-type-simple"},"jetpack_sharing_enabled":true,"_links":{"self":[{"href":"https:\/\/www.3p-gmbh.de\/id\/wp-json\/wp\/v2\/product\/6724","targetHints":{"allow":["GET"]}}],"collection":[{"href":"https:\/\/www.3p-gmbh.de\/id\/wp-json\/wp\/v2\/product"}],"about":[{"href":"https:\/\/www.3p-gmbh.de\/id\/wp-json\/wp\/v2\/types\/product"}],"wp:featuredmedia":[{"embeddable":true,"href":"https:\/\/www.3p-gmbh.de\/id\/wp-json\/wp\/v2\/media\/1042"}],"wp:attachment":[{"href":"https:\/\/www.3p-gmbh.de\/id\/wp-json\/wp\/v2\/media?parent=6724"}],"wp:term":[{"taxonomy":"product_brand","embeddable":true,"href":"https:\/\/www.3p-gmbh.de\/id\/wp-json\/wp\/v2\/product_brand?post=6724"},{"taxonomy":"product_cat","embeddable":true,"href":"https:\/\/www.3p-gmbh.de\/id\/wp-json\/wp\/v2\/product_cat?post=6724"},{"taxonomy":"product_tag","embeddable":true,"href":"https:\/\/www.3p-gmbh.de\/id\/wp-json\/wp\/v2\/product_tag?post=6724"}],"curies":[{"name":"wp","href":"https:\/\/api.w.org\/{rel}","templated":true}]}}