{"id":6723,"date":"2019-07-11T13:53:09","date_gmt":"2019-07-11T13:53:09","guid":{"rendered":"http:\/\/www.3p-gmbh.de\/produkt\/pneumatische-farbpumpen\/"},"modified":"2019-09-18T12:13:14","modified_gmt":"2019-09-18T12:13:14","slug":"pneumatische-farbpumpen","status":"publish","type":"product","link":"https:\/\/www.3p-gmbh.de\/id\/produkt\/pneumatische-farbpumpen\/","title":{"rendered":"Betz P 100-F pneumatische Farbpumpen"},"content":{"rendered":"<ul>\n<li>4 pneumatische Farbpumpen zum Entleeren von 300Kg Wechselcontainern<\/li>\n<li>mit \u00dcberwachungsterminal<\/li>\n<li>Bei Herstellung einer Farbrohrleitung ist die direkte Versorgung von Bogen-, Rollenrotationsmaschinen mit mittleren und hochviskosen Druckfarben m\u00f6glich<\/li>\n<li>\u00dcbersetzungsverh\u00e4ltnis 16:1<\/li>\n<li>Druckluftbedarf 8 bar<\/li>\n<\/ul>\n","protected":false},"excerpt":{"rendered":"<p>4 pneumatische Farbpumpen zum Entleeren von 300Kg Wechselcontainern mit \u00dcberwachungsterminal Bei Herstellung einer Farbrohrleitung ist die direkte Versorgung von Bogen-, Rollenrotationsmaschinen mit mittleren und hochviskosen Druckfarben m\u00f6glich \u00dcbersetzungsverh\u00e4ltnis 16:1 Druckluftbedarf 8 bar<\/p>\n","protected":false},"featured_media":1035,"template":"","meta":[],"product_brand":[],"product_cat":[418],"product_tag":[],"class_list":{"0":"post-6723","1":"product","2":"type-product","3":"status-publish","4":"has-post-thumbnail","6":"product_cat-druckmaschinenzubehoer-und-ersatzteile","7":"pa_baujahr-194","8":"pa_hersteller-betz","9":"pa_typ-p-100-f","11":"first","12":"instock","13":"sold-individually","14":"taxable","15":"shipping-taxable","16":"purchasable","17":"product-type-simple"},"jetpack_sharing_enabled":true,"_links":{"self":[{"href":"https:\/\/www.3p-gmbh.de\/id\/wp-json\/wp\/v2\/product\/6723","targetHints":{"allow":["GET"]}}],"collection":[{"href":"https:\/\/www.3p-gmbh.de\/id\/wp-json\/wp\/v2\/product"}],"about":[{"href":"https:\/\/www.3p-gmbh.de\/id\/wp-json\/wp\/v2\/types\/product"}],"wp:featuredmedia":[{"embeddable":true,"href":"https:\/\/www.3p-gmbh.de\/id\/wp-json\/wp\/v2\/media\/1035"}],"wp:attachment":[{"href":"https:\/\/www.3p-gmbh.de\/id\/wp-json\/wp\/v2\/media?parent=6723"}],"wp:term":[{"taxonomy":"product_brand","embeddable":true,"href":"https:\/\/www.3p-gmbh.de\/id\/wp-json\/wp\/v2\/product_brand?post=6723"},{"taxonomy":"product_cat","embeddable":true,"href":"https:\/\/www.3p-gmbh.de\/id\/wp-json\/wp\/v2\/product_cat?post=6723"},{"taxonomy":"product_tag","embeddable":true,"href":"https:\/\/www.3p-gmbh.de\/id\/wp-json\/wp\/v2\/product_tag?post=6723"}],"curies":[{"name":"wp","href":"https:\/\/api.w.org\/{rel}","templated":true}]}}