{"id":6722,"date":"2019-07-11T13:53:00","date_gmt":"2019-07-11T13:53:00","guid":{"rendered":"http:\/\/www.3p-gmbh.de\/produkt\/scan-spetrometer\/"},"modified":"2019-11-08T11:00:19","modified_gmt":"2019-11-08T11:00:19","slug":"scan-spetrometer","status":"publish","type":"product","link":"https:\/\/www.3p-gmbh.de\/id\/produkt\/scan-spetrometer\/","title":{"rendered":"X-Rite ATD Scan-Spetrometer"},"content":{"rendered":"<p>Das X-Rite ATD ist ein automatisch scannendes Densitometer mit spektralem Messkopf und wird zur automatischen Vermessung von Druckkontrollstreifen verwendet. Die ATD-Software erm\u00f6glicht die Dokumentation der Druckqualit\u00e4t und informiert auf einen Blick \u00fcber alle wichtigen Farbdaten wie Dichtewerte oder Tonwertzunahme. Durch die schnelle Erfassung aller Messfelder k\u00f6nnen Einrichtzeiten deutlich verringert und die Qualit\u00e4t auf gleichbleibend hohem Niveau gehalten werden.<\/p>\n<p>Lieferumfang:<\/p>\n<ul>\n<li>ATD Densitometer<\/li>\n<li>Vakuumpumpe<\/li>\n<li>Software ATD Version 2.07<\/li>\n<li>komplette Verkabelung sowie Druckluftverschlauchung<\/li>\n<\/ul>\n","protected":false},"excerpt":{"rendered":"<p>Das X-Rite ATD ist ein automatisch scannendes Densitometer mit spektralem Messkopf und wird zur automatischen Vermessung von Druckkontrollstreifen verwendet. Die ATD-Software erm\u00f6glicht die Dokumentation der Druckqualit\u00e4t und informiert auf einen Blick \u00fcber alle wichtigen Farbdaten wie Dichtewerte oder Tonwertzunahme. Durch die schnelle Erfassung aller Messfelder k\u00f6nnen Einrichtzeiten deutlich verringert und die Qualit\u00e4t auf gleichbleibend hohem [&hellip;]<\/p>\n","protected":false},"featured_media":1032,"template":"","meta":[],"product_brand":[],"product_cat":[1780],"product_tag":[],"class_list":{"0":"post-6722","1":"product","2":"type-product","3":"status-publish","4":"has-post-thumbnail","6":"product_cat-messgeraete-und-qualitaetssicherung","7":"pa_baujahr-198","8":"pa_hersteller-x-rite","9":"pa_typ-atd","11":"first","12":"instock","13":"sold-individually","14":"taxable","15":"shipping-taxable","16":"purchasable","17":"product-type-simple"},"jetpack_sharing_enabled":true,"_links":{"self":[{"href":"https:\/\/www.3p-gmbh.de\/id\/wp-json\/wp\/v2\/product\/6722","targetHints":{"allow":["GET"]}}],"collection":[{"href":"https:\/\/www.3p-gmbh.de\/id\/wp-json\/wp\/v2\/product"}],"about":[{"href":"https:\/\/www.3p-gmbh.de\/id\/wp-json\/wp\/v2\/types\/product"}],"wp:featuredmedia":[{"embeddable":true,"href":"https:\/\/www.3p-gmbh.de\/id\/wp-json\/wp\/v2\/media\/1032"}],"wp:attachment":[{"href":"https:\/\/www.3p-gmbh.de\/id\/wp-json\/wp\/v2\/media?parent=6722"}],"wp:term":[{"taxonomy":"product_brand","embeddable":true,"href":"https:\/\/www.3p-gmbh.de\/id\/wp-json\/wp\/v2\/product_brand?post=6722"},{"taxonomy":"product_cat","embeddable":true,"href":"https:\/\/www.3p-gmbh.de\/id\/wp-json\/wp\/v2\/product_cat?post=6722"},{"taxonomy":"product_tag","embeddable":true,"href":"https:\/\/www.3p-gmbh.de\/id\/wp-json\/wp\/v2\/product_tag?post=6722"}],"curies":[{"name":"wp","href":"https:\/\/api.w.org\/{rel}","templated":true}]}}