{"id":6712,"date":"2019-07-11T13:53:00","date_gmt":"2019-07-11T13:53:00","guid":{"rendered":"http:\/\/www.3p-gmbh.de\/produkt\/kuvertanleger\/"},"modified":"2019-11-21T12:50:38","modified_gmt":"2019-11-21T12:50:38","slug":"kuvertanleger","status":"publish","type":"product","link":"https:\/\/www.3p-gmbh.de\/id\/produkt\/kuvertanleger\/","title":{"rendered":"PGF Maxifeeder Kuvertanleger"},"content":{"rendered":"<p>Der leistungsf\u00e4higste Kuvertanleger weltweit. Der Formatbereich bis 44 x 50 cm und die grosse Transporttrommel erlauben das Bedrucken besonders schwieriger Kuverts und Versandtaschen C4\/ B4 mit offener Lasche. Die hohe Automatisierung garantiert schnellsten Formatwechsel auch bei kleineren, wechselnden Auflagen.<\/p>\n<p>&#8211; Min. Format 100 x 105 mm<br \/>\n&#8211; Max. Format 450 x 500 mm<br \/>\n&#8211; Platzbedarf: min. 1,20 m<\/p>\n<p>Saugtrommel<br \/>\nDie speziell entwickelte Saugtrommel ist mit einer zweiten rotierenden Achse f\u00fcr besonders dicke und harte Kuverts versehen.<\/p>\n<p>Transportzylinder<br \/>\nDer besonders grosse Transportzylinder mit 240 mm Durchmesser und Auslauf bef\u00f6rdert auch grosse und schwierige Umschl\u00e4ge und Versandtaschen.<\/p>\n<p>Schuppenkorrektur<br \/>\nKompensiert eventuelle Unregelmaessigkeiten in der Schuppe auf dem Einf\u00fchrtisch.<\/p>\n<p>Stapelkontrolle<br \/>\nDoppelfunktion f\u00fcr Warnung Stapelmoment und Leerlauf mit Signal zur Auslage.<br \/>\nDie Stapelkontrolle ist das Kommunikationsmodul zwischen Feeder und Auslage. Bei zu niedrigem Stapel wird dem Drucker automatisch angezeigt, dass Kuverts nachgeladen werden m\u00fcssen.<\/p>\n<p>Schuppenauslage System B<br \/>\nF\u00fcnf Transportb\u00e4nder, extra Leitb\u00fcgel und eine stabile Konstruktion bilden den hohen Standard der Auslage System B.<\/p>\n<p>Abmessungen: L\u00e4nge 135 cm, Breite 40 cm, H\u00f6he 40 &#8211; 75 cm<br \/>\nKuvertl\u00e4nge bis 450 mm<br \/>\nH\u00f6henverstellbar<\/p>\n<p>Schnellauswurffunktion<br \/>\nEinzelauswurf vorab als Muster zur Kontrolle.<\/p>\n<p>Autostop<br \/>\nAutomatisches Halten und Anlaufen mit der Druckmaschine.<\/p>\n","protected":false},"excerpt":{"rendered":"<p>Der leistungsf\u00e4higste Kuvertanleger weltweit. Der Formatbereich bis 44 x 50 cm und die grosse Transporttrommel erlauben das Bedrucken besonders schwieriger Kuverts und Versandtaschen C4\/ B4 mit offener Lasche. Die hohe Automatisierung garantiert schnellsten Formatwechsel auch bei kleineren, wechselnden Auflagen. &#8211; Min. Format 100 x 105 mm &#8211; Max. Format 450 x 500 mm &#8211; Platzbedarf: [&hellip;]<\/p>\n","protected":false},"featured_media":1001,"template":"","meta":[],"product_brand":[],"product_cat":[1814],"product_tag":[],"class_list":{"0":"post-6712","1":"product","2":"type-product","3":"status-publish","4":"has-post-thumbnail","6":"product_cat-anleger","7":"pa_baujahr-165","8":"pa_hersteller-pgf","9":"pa_typ-maxi-feeder-50","11":"first","12":"instock","13":"sold-individually","14":"taxable","15":"shipping-taxable","16":"purchasable","17":"product-type-simple"},"jetpack_sharing_enabled":true,"_links":{"self":[{"href":"https:\/\/www.3p-gmbh.de\/id\/wp-json\/wp\/v2\/product\/6712","targetHints":{"allow":["GET"]}}],"collection":[{"href":"https:\/\/www.3p-gmbh.de\/id\/wp-json\/wp\/v2\/product"}],"about":[{"href":"https:\/\/www.3p-gmbh.de\/id\/wp-json\/wp\/v2\/types\/product"}],"wp:featuredmedia":[{"embeddable":true,"href":"https:\/\/www.3p-gmbh.de\/id\/wp-json\/wp\/v2\/media\/1001"}],"wp:attachment":[{"href":"https:\/\/www.3p-gmbh.de\/id\/wp-json\/wp\/v2\/media?parent=6712"}],"wp:term":[{"taxonomy":"product_brand","embeddable":true,"href":"https:\/\/www.3p-gmbh.de\/id\/wp-json\/wp\/v2\/product_brand?post=6712"},{"taxonomy":"product_cat","embeddable":true,"href":"https:\/\/www.3p-gmbh.de\/id\/wp-json\/wp\/v2\/product_cat?post=6712"},{"taxonomy":"product_tag","embeddable":true,"href":"https:\/\/www.3p-gmbh.de\/id\/wp-json\/wp\/v2\/product_tag?post=6712"}],"curies":[{"name":"wp","href":"https:\/\/api.w.org\/{rel}","templated":true}]}}