{"id":6697,"date":"2019-07-11T13:52:51","date_gmt":"2019-07-11T13:52:51","guid":{"rendered":"http:\/\/www.3p-gmbh.de\/produkt\/filmschneider\/"},"modified":"2019-11-12T15:27:25","modified_gmt":"2019-11-12T15:27:25","slug":"filmschneider","status":"publish","type":"product","link":"https:\/\/www.3p-gmbh.de\/id\/produkt\/filmschneider\/","title":{"rendered":"M\u00fcro Filmschneider"},"content":{"rendered":"<p>Der Filmschneider ist ein Pr\u00e4zisionsschneideger\u00e4t f\u00fcr Planfilme, Folien und Papier. Durch die beleuchtete Millimeterfolie und den seitlichen Anschlag lassen sich die Vorlagen sehr pr\u00e4zise ausrichten. Der Pressbalken am Filmschneider verhindert, dass die Vorlagen verrutschen k\u00f6nnen, w\u00e4hrend das Rundmessser am Langmesser entlanggleitet. Die Schnitte sind gratfrei, die Rundmesser sind selbstsch\u00e4rfend durch den Hohlschliff.<\/p>\n<ul>\n<li>Schnittbreite: 95 cm oder 65 cm<\/li>\n<li>Auflagefl\u00e4che: 95 x 35 cm<\/li>\n<li>Seitenanschlag mit Zentimeterskala<\/li>\n<li>Pressung mit Einhebelbedienung<\/li>\n<li>Lampen: 2 x 16 Watt<\/li>\n<\/ul>\n","protected":false},"excerpt":{"rendered":"<p>Der Filmschneider ist ein Pr\u00e4zisionsschneideger\u00e4t f\u00fcr Planfilme, Folien und Papier. Durch die beleuchtete Millimeterfolie und den seitlichen Anschlag lassen sich die Vorlagen sehr pr\u00e4zise ausrichten. Der Pressbalken am Filmschneider verhindert, dass die Vorlagen verrutschen k\u00f6nnen, w\u00e4hrend das Rundmessser am Langmesser entlanggleitet. Die Schnitte sind gratfrei, die Rundmesser sind selbstsch\u00e4rfend durch den Hohlschliff. Schnittbreite: 95 cm [&hellip;]<\/p>\n","protected":false},"featured_media":939,"template":"","meta":[],"product_brand":[],"product_cat":[80],"product_tag":[],"class_list":{"0":"post-6697","1":"product","2":"type-product","3":"status-publish","4":"has-post-thumbnail","6":"product_cat-filmbelichter-und-filmentwicklungssysteme","7":"pa_hersteller-muero","8":"pa_typ-vb-95-oder-vb-65","10":"first","11":"instock","12":"sold-individually","13":"taxable","14":"shipping-taxable","15":"purchasable","16":"product-type-simple"},"jetpack_sharing_enabled":true,"_links":{"self":[{"href":"https:\/\/www.3p-gmbh.de\/id\/wp-json\/wp\/v2\/product\/6697","targetHints":{"allow":["GET"]}}],"collection":[{"href":"https:\/\/www.3p-gmbh.de\/id\/wp-json\/wp\/v2\/product"}],"about":[{"href":"https:\/\/www.3p-gmbh.de\/id\/wp-json\/wp\/v2\/types\/product"}],"wp:featuredmedia":[{"embeddable":true,"href":"https:\/\/www.3p-gmbh.de\/id\/wp-json\/wp\/v2\/media\/939"}],"wp:attachment":[{"href":"https:\/\/www.3p-gmbh.de\/id\/wp-json\/wp\/v2\/media?parent=6697"}],"wp:term":[{"taxonomy":"product_brand","embeddable":true,"href":"https:\/\/www.3p-gmbh.de\/id\/wp-json\/wp\/v2\/product_brand?post=6697"},{"taxonomy":"product_cat","embeddable":true,"href":"https:\/\/www.3p-gmbh.de\/id\/wp-json\/wp\/v2\/product_cat?post=6697"},{"taxonomy":"product_tag","embeddable":true,"href":"https:\/\/www.3p-gmbh.de\/id\/wp-json\/wp\/v2\/product_tag?post=6697"}],"curies":[{"name":"wp","href":"https:\/\/api.w.org\/{rel}","templated":true}]}}