{"id":6693,"date":"2019-07-11T13:52:51","date_gmt":"2019-07-11T13:52:51","guid":{"rendered":"http:\/\/www.3p-gmbh.de\/produkt\/automatische-buendelauslage\/"},"modified":"2019-11-12T15:23:13","modified_gmt":"2019-11-12T15:23:13","slug":"automatische-buendelauslage","status":"publish","type":"product","link":"https:\/\/www.3p-gmbh.de\/id\/produkt\/automatische-buendelauslage\/","title":{"rendered":"Palamides Delta 705 B\u00fcndelauslage"},"content":{"rendered":"<ul>\n<li>Arbeitsbreite 700 mm mit 5fach Banderolierung<\/li>\n<li>Formatbereich max. 760 x 305mm, min. 110 x 95 mm<\/li>\n<li>Bandbreite 30 mm<\/li>\n<li>automatische Formaterkennung und Makulaturbogen-Erkennung<\/li>\n<li>Pressstation mit Vor- und Hauptpressung, mit Hauptpresswalze<\/li>\n<li>Paket Pressung<\/li>\n<li>R\u00fcttelstation<\/li>\n<li>autom. Formateinstellung<\/li>\n<li>Grossformatauslage<\/li>\n<li>Verschiedene Bedienungsmodi, Schuppenanleger oder Einzelbogenanlage, Schnelljustierung, Z\u00e4hler, Stangenb\u00fcndelung<\/li>\n<li>Leistung 600 Pakete pro Stunde<\/li>\n<li>Paketh\u00f6he: min. 20 mm<\/li>\n<li>Paketh\u00f6he: max. 150 mm<\/li>\n<li>Leistung: 600 Pakete\/h je Nutzen<\/li>\n<li>Geschwindigkeit: bis zu 60.000 Stk.\/h<\/li>\n<li>Geschwindigkeit: 15-205 m\/min<\/li>\n<li>Elektrischer Anschluss: 6KW<\/li>\n<li>Einlaufh\u00f6he: 410mm &#8211; 1000mm<\/li>\n<\/ul>\n","protected":false},"excerpt":{"rendered":"<p>Arbeitsbreite 700 mm mit 5fach Banderolierung Formatbereich max. 760 x 305mm, min. 110 x 95 mm Bandbreite 30 mm automatische Formaterkennung und Makulaturbogen-Erkennung Pressstation mit Vor- und Hauptpressung, mit Hauptpresswalze Paket Pressung R\u00fcttelstation autom. Formateinstellung Grossformatauslage Verschiedene Bedienungsmodi, Schuppenanleger oder Einzelbogenanlage, Schnelljustierung, Z\u00e4hler, Stangenb\u00fcndelung Leistung 600 Pakete pro Stunde Paketh\u00f6he: min. 20 mm Paketh\u00f6he: max. [&hellip;]<\/p>\n","protected":false},"featured_media":917,"template":"","meta":[],"product_brand":[],"product_cat":[1745],"product_tag":[],"class_list":{"0":"post-6693","1":"product","2":"type-product","3":"status-publish","4":"has-post-thumbnail","6":"product_cat-auslagen","7":"pa_baujahr-168","8":"pa_hersteller-palamides","9":"pa_typ-delta-705","11":"first","12":"instock","13":"sold-individually","14":"taxable","15":"shipping-taxable","16":"purchasable","17":"product-type-simple"},"jetpack_sharing_enabled":true,"_links":{"self":[{"href":"https:\/\/www.3p-gmbh.de\/id\/wp-json\/wp\/v2\/product\/6693","targetHints":{"allow":["GET"]}}],"collection":[{"href":"https:\/\/www.3p-gmbh.de\/id\/wp-json\/wp\/v2\/product"}],"about":[{"href":"https:\/\/www.3p-gmbh.de\/id\/wp-json\/wp\/v2\/types\/product"}],"wp:featuredmedia":[{"embeddable":true,"href":"https:\/\/www.3p-gmbh.de\/id\/wp-json\/wp\/v2\/media\/917"}],"wp:attachment":[{"href":"https:\/\/www.3p-gmbh.de\/id\/wp-json\/wp\/v2\/media?parent=6693"}],"wp:term":[{"taxonomy":"product_brand","embeddable":true,"href":"https:\/\/www.3p-gmbh.de\/id\/wp-json\/wp\/v2\/product_brand?post=6693"},{"taxonomy":"product_cat","embeddable":true,"href":"https:\/\/www.3p-gmbh.de\/id\/wp-json\/wp\/v2\/product_cat?post=6693"},{"taxonomy":"product_tag","embeddable":true,"href":"https:\/\/www.3p-gmbh.de\/id\/wp-json\/wp\/v2\/product_tag?post=6693"}],"curies":[{"name":"wp","href":"https:\/\/api.w.org\/{rel}","templated":true}]}}