{"id":6672,"date":"2019-07-11T13:52:37","date_gmt":"2019-07-11T13:52:37","guid":{"rendered":"http:\/\/www.3p-gmbh.de\/produkt\/heissfolienpraegetiegelautomat\/"},"modified":"2019-09-19T14:16:41","modified_gmt":"2019-09-19T14:16:41","slug":"heissfolienpraegetiegelautomat","status":"publish","type":"product","link":"https:\/\/www.3p-gmbh.de\/id\/produkt\/heissfolienpraegetiegelautomat\/","title":{"rendered":"Heidelberg GTP Heissfolienpr\u00e4getiegel"},"content":{"rendered":"<ul>\n<li>mit Heidelberg Heissfolienausr\u00fcstung 2-z\u00fcgig<\/li>\n<li>1 Schliessrahmen<\/li>\n<li>1 beheizbares Wabenfundament<\/li>\n<li>gr\u00f6sstes Bogenformat 34 x 46 cm<\/li>\n<li>kleinstes Bogenformat 8,5 x 12 cm<\/li>\n<li>max. Bogengr\u00f6sse 34 x 46 cm<\/li>\n<li>max. Stanzgr\u00f6sse 32 x 45 cm<\/li>\n<li>Stanzkraft 60 Tonnen<\/li>\n<li>max. Stundenleistung ca. 4000 Bogen<\/li>\n<li>Gewicht ca. 2300 kg<\/li>\n<\/ul>\n","protected":false},"excerpt":{"rendered":"<p>mit Heidelberg Heissfolienausr\u00fcstung 2-z\u00fcgig 1 Schliessrahmen 1 beheizbares Wabenfundament gr\u00f6sstes Bogenformat 34 x 46 cm kleinstes Bogenformat 8,5 x 12 cm max. Bogengr\u00f6sse 34 x 46 cm max. Stanzgr\u00f6sse 32 x 45 cm Stanzkraft 60 Tonnen max. Stundenleistung ca. 4000 Bogen Gewicht ca. 2300 kg<\/p>\n","protected":false},"featured_media":829,"template":"","meta":[],"product_brand":[],"product_cat":[343],"product_tag":[],"class_list":{"0":"post-6672","1":"product","2":"type-product","3":"status-publish","4":"has-post-thumbnail","6":"product_cat-buchdruck","7":"pa_baujahr-357","8":"pa_hersteller-heidelberg","9":"pa_typ-gtp","11":"first","12":"instock","13":"sold-individually","14":"taxable","15":"shipping-taxable","16":"purchasable","17":"product-type-simple"},"jetpack_sharing_enabled":true,"_links":{"self":[{"href":"https:\/\/www.3p-gmbh.de\/id\/wp-json\/wp\/v2\/product\/6672","targetHints":{"allow":["GET"]}}],"collection":[{"href":"https:\/\/www.3p-gmbh.de\/id\/wp-json\/wp\/v2\/product"}],"about":[{"href":"https:\/\/www.3p-gmbh.de\/id\/wp-json\/wp\/v2\/types\/product"}],"wp:featuredmedia":[{"embeddable":true,"href":"https:\/\/www.3p-gmbh.de\/id\/wp-json\/wp\/v2\/media\/829"}],"wp:attachment":[{"href":"https:\/\/www.3p-gmbh.de\/id\/wp-json\/wp\/v2\/media?parent=6672"}],"wp:term":[{"taxonomy":"product_brand","embeddable":true,"href":"https:\/\/www.3p-gmbh.de\/id\/wp-json\/wp\/v2\/product_brand?post=6672"},{"taxonomy":"product_cat","embeddable":true,"href":"https:\/\/www.3p-gmbh.de\/id\/wp-json\/wp\/v2\/product_cat?post=6672"},{"taxonomy":"product_tag","embeddable":true,"href":"https:\/\/www.3p-gmbh.de\/id\/wp-json\/wp\/v2\/product_tag?post=6672"}],"curies":[{"name":"wp","href":"https:\/\/api.w.org\/{rel}","templated":true}]}}