{"id":6615,"date":"2019-07-11T13:52:11","date_gmt":"2019-07-11T13:52:11","guid":{"rendered":"http:\/\/www.3p-gmbh.de\/produkt\/absaugung-mit-automatischer-ballenpressu\/"},"modified":"2019-09-24T11:01:28","modified_gmt":"2019-09-24T11:01:28","slug":"absaugung-mit-automatischer-ballenpressu","status":"publish","type":"product","link":"https:\/\/www.3p-gmbh.de\/id\/produkt\/absaugung-mit-automatischer-ballenpressu\/","title":{"rendered":"Hunkeler Absaugung HSA-ZST mit Ballenpressung"},"content":{"rendered":"<ul>\n<li>Hunkeler Absaugung mit automatischer Ballenpressung HSM Kanalballenpresse<\/li>\n<li>Randbeschnitt-\/ Trennschnittabsaugung mit automatischer Ballenpressung f\u00fcr das Digitaldruck-Finishing oder f\u00fcr Folienreste an Heissfolienpr\u00e4gemaschinen u.v.a.m.<\/li>\n<\/ul>\n","protected":false},"excerpt":{"rendered":"<p>Hunkeler Absaugung mit automatischer Ballenpressung HSM Kanalballenpresse Randbeschnitt-\/ Trennschnittabsaugung mit automatischer Ballenpressung f\u00fcr das Digitaldruck-Finishing oder f\u00fcr Folienreste an Heissfolienpr\u00e4gemaschinen u.v.a.m.<\/p>\n","protected":false},"featured_media":10021,"template":"","meta":[],"product_brand":[],"product_cat":[242],"product_tag":[],"class_list":{"0":"post-6615","1":"product","2":"type-product","3":"status-publish","4":"has-post-thumbnail","6":"product_cat-pressen","7":"pa_baujahr-140","8":"pa_hersteller-hunkeler-hsm","9":"pa_typ-kanalballenpresse-hsm-kp-80","11":"first","12":"instock","13":"sold-individually","14":"taxable","15":"shipping-taxable","16":"purchasable","17":"product-type-simple"},"jetpack_sharing_enabled":true,"_links":{"self":[{"href":"https:\/\/www.3p-gmbh.de\/id\/wp-json\/wp\/v2\/product\/6615","targetHints":{"allow":["GET"]}}],"collection":[{"href":"https:\/\/www.3p-gmbh.de\/id\/wp-json\/wp\/v2\/product"}],"about":[{"href":"https:\/\/www.3p-gmbh.de\/id\/wp-json\/wp\/v2\/types\/product"}],"wp:featuredmedia":[{"embeddable":true,"href":"https:\/\/www.3p-gmbh.de\/id\/wp-json\/wp\/v2\/media\/10021"}],"wp:attachment":[{"href":"https:\/\/www.3p-gmbh.de\/id\/wp-json\/wp\/v2\/media?parent=6615"}],"wp:term":[{"taxonomy":"product_brand","embeddable":true,"href":"https:\/\/www.3p-gmbh.de\/id\/wp-json\/wp\/v2\/product_brand?post=6615"},{"taxonomy":"product_cat","embeddable":true,"href":"https:\/\/www.3p-gmbh.de\/id\/wp-json\/wp\/v2\/product_cat?post=6615"},{"taxonomy":"product_tag","embeddable":true,"href":"https:\/\/www.3p-gmbh.de\/id\/wp-json\/wp\/v2\/product_tag?post=6615"}],"curies":[{"name":"wp","href":"https:\/\/api.w.org\/{rel}","templated":true}]}}