{"id":6604,"date":"2019-07-11T13:52:01","date_gmt":"2019-07-11T13:52:01","guid":{"rendered":"http:\/\/www.3p-gmbh.de\/produkt\/tischbuendler-2\/"},"modified":"2019-11-13T11:15:42","modified_gmt":"2019-11-13T11:15:42","slug":"tischbuendler-2","status":"publish","type":"product","link":"https:\/\/www.3p-gmbh.de\/id\/produkt\/tischbuendler-2\/","title":{"rendered":"Busch TB-24 II Tischb\u00fcndler"},"content":{"rendered":"<ul>\n<li>B\u00fcndelmaterial: beschichtetes Kraftpapier oder transparente Polypropylenfolie<\/li>\n<li>Ausstattung mit Digitaldisplay, Fehleranzeige und elektronischer Temperaturregelung<\/li>\n<li>Bedienm\u00f6glichkeiten: Einzeltaktausl\u00f6sung \u00fcber Drucktaster, Einzeltaktausl\u00f6sung \u00fcber Fusspedal oder automatische Ausl\u00f6sung \u00fcber Sensor<\/li>\n<li>Bandbreite 40mm oder 30mm<\/li>\n<li>Rollenl\u00e4nge bei Kraftpapier 150 m, bei Folie 200 m<\/li>\n<li>Maschinenleistung 20 &#8211; 25 Takte\/min.<\/li>\n<li>max. Abmessung des B\u00fcndelguts: 240 mm Breite bei Papierb\u00fcndelung und 180mm bei Folienb\u00fcndelung, H\u00f6he 150mm , L\u00e4nge unbegrenzt<\/li>\n<\/ul>\n","protected":false},"excerpt":{"rendered":"<p>B\u00fcndelmaterial: beschichtetes Kraftpapier oder transparente Polypropylenfolie Ausstattung mit Digitaldisplay, Fehleranzeige und elektronischer Temperaturregelung Bedienm\u00f6glichkeiten: Einzeltaktausl\u00f6sung \u00fcber Drucktaster, Einzeltaktausl\u00f6sung \u00fcber Fusspedal oder automatische Ausl\u00f6sung \u00fcber Sensor Bandbreite 40mm oder 30mm Rollenl\u00e4nge bei Kraftpapier 150 m, bei Folie 200 m Maschinenleistung 20 &#8211; 25 Takte\/min. max. Abmessung des B\u00fcndelguts: 240 mm Breite bei Papierb\u00fcndelung und 180mm bei [&hellip;]<\/p>\n","protected":false},"featured_media":534,"template":"","meta":[],"product_brand":[],"product_cat":[1746],"product_tag":[],"class_list":{"0":"post-6604","1":"product","2":"type-product","3":"status-publish","4":"has-post-thumbnail","6":"product_cat-banderoliermaschinen","7":"pa_baujahr-140","8":"pa_hersteller-gerhard-busch","9":"pa_typ-tb-24-ii-mit-grossrollenspender-grs","11":"first","12":"instock","13":"sold-individually","14":"taxable","15":"shipping-taxable","16":"purchasable","17":"product-type-simple"},"jetpack_sharing_enabled":true,"_links":{"self":[{"href":"https:\/\/www.3p-gmbh.de\/id\/wp-json\/wp\/v2\/product\/6604","targetHints":{"allow":["GET"]}}],"collection":[{"href":"https:\/\/www.3p-gmbh.de\/id\/wp-json\/wp\/v2\/product"}],"about":[{"href":"https:\/\/www.3p-gmbh.de\/id\/wp-json\/wp\/v2\/types\/product"}],"wp:featuredmedia":[{"embeddable":true,"href":"https:\/\/www.3p-gmbh.de\/id\/wp-json\/wp\/v2\/media\/534"}],"wp:attachment":[{"href":"https:\/\/www.3p-gmbh.de\/id\/wp-json\/wp\/v2\/media?parent=6604"}],"wp:term":[{"taxonomy":"product_brand","embeddable":true,"href":"https:\/\/www.3p-gmbh.de\/id\/wp-json\/wp\/v2\/product_brand?post=6604"},{"taxonomy":"product_cat","embeddable":true,"href":"https:\/\/www.3p-gmbh.de\/id\/wp-json\/wp\/v2\/product_cat?post=6604"},{"taxonomy":"product_tag","embeddable":true,"href":"https:\/\/www.3p-gmbh.de\/id\/wp-json\/wp\/v2\/product_tag?post=6604"}],"curies":[{"name":"wp","href":"https:\/\/api.w.org\/{rel}","templated":true}]}}