{"id":6573,"date":"2019-07-11T13:51:44","date_gmt":"2019-07-11T13:51:44","guid":{"rendered":"http:\/\/www.3p-gmbh.de\/produkt\/umreifungsautomat\/"},"modified":"2019-09-25T12:10:38","modified_gmt":"2019-09-25T12:10:38","slug":"umreifungsautomat","status":"publish","type":"product","link":"https:\/\/www.3p-gmbh.de\/id\/produkt\/umreifungsautomat\/","title":{"rendered":"Mosca RO-M-P2 Umreifungsautomat"},"content":{"rendered":"<ul>\n<li>Rahmengr\u00f6sse: ca. 300 x 400 mm<\/li>\n<li>Verschleissfreie, zwangsgesteuerte Bandf\u00fchrung<\/li>\n<li>Bandspannung \u00fcber Potentiometer verstellbar<\/li>\n<li>Heizkeil-Schweisssystem<\/li>\n<li>Stabiles Fusspedal f\u00fcr Umreifungsausl\u00f6sung<\/li>\n<li>4 Laufrollen, 2 davon feststellbar<\/li>\n<li>Umreifungsb\u00e4nder: Automateng\u00e4ngige PP-B\u00e4nder<\/li>\n<li>Netzspannung: 230 V , 50\/60 Hz<\/li>\n<\/ul>\n","protected":false},"excerpt":{"rendered":"<p>Rahmengr\u00f6sse: ca. 300 x 400 mm Verschleissfreie, zwangsgesteuerte Bandf\u00fchrung Bandspannung \u00fcber Potentiometer verstellbar Heizkeil-Schweisssystem Stabiles Fusspedal f\u00fcr Umreifungsausl\u00f6sung 4 Laufrollen, 2 davon feststellbar Umreifungsb\u00e4nder: Automateng\u00e4ngige PP-B\u00e4nder Netzspannung: 230 V , 50\/60 Hz<\/p>\n","protected":false},"featured_media":399,"template":"","meta":[],"product_brand":[],"product_cat":[166],"product_tag":[],"class_list":{"0":"post-6573","1":"product","2":"type-product","3":"status-publish","4":"has-post-thumbnail","6":"product_cat-umreifungsmaschinen","7":"pa_baujahr-165","8":"pa_hersteller-gerd-mosca","9":"pa_typ-ro-m-p2","11":"first","12":"instock","13":"sold-individually","14":"taxable","15":"shipping-taxable","16":"purchasable","17":"product-type-simple"},"jetpack_sharing_enabled":true,"_links":{"self":[{"href":"https:\/\/www.3p-gmbh.de\/id\/wp-json\/wp\/v2\/product\/6573","targetHints":{"allow":["GET"]}}],"collection":[{"href":"https:\/\/www.3p-gmbh.de\/id\/wp-json\/wp\/v2\/product"}],"about":[{"href":"https:\/\/www.3p-gmbh.de\/id\/wp-json\/wp\/v2\/types\/product"}],"wp:featuredmedia":[{"embeddable":true,"href":"https:\/\/www.3p-gmbh.de\/id\/wp-json\/wp\/v2\/media\/399"}],"wp:attachment":[{"href":"https:\/\/www.3p-gmbh.de\/id\/wp-json\/wp\/v2\/media?parent=6573"}],"wp:term":[{"taxonomy":"product_brand","embeddable":true,"href":"https:\/\/www.3p-gmbh.de\/id\/wp-json\/wp\/v2\/product_brand?post=6573"},{"taxonomy":"product_cat","embeddable":true,"href":"https:\/\/www.3p-gmbh.de\/id\/wp-json\/wp\/v2\/product_cat?post=6573"},{"taxonomy":"product_tag","embeddable":true,"href":"https:\/\/www.3p-gmbh.de\/id\/wp-json\/wp\/v2\/product_tag?post=6573"}],"curies":[{"name":"wp","href":"https:\/\/api.w.org\/{rel}","templated":true}]}}