{"id":16212,"date":"2019-11-11T10:08:30","date_gmt":"2019-11-11T10:08:30","guid":{"rendered":"http:\/\/www.3p-gmbh.de\/?post_type=product&#038;p=16212"},"modified":"2020-04-15T14:22:16","modified_gmt":"2020-04-15T14:22:16","slug":"jungheinrich-ameise-jf","status":"publish","type":"product","link":"https:\/\/www.3p-gmbh.de\/id\/produkt\/jungheinrich-ameise-jf\/","title":{"rendered":"Jungheinrich Ameise JF"},"content":{"rendered":"<p>-Scheren-Hubwagen Ameise\u00ae mit Premium-Deichsel.<br \/>\n-Tragkraft 1000kg<br \/>\n-Manueller Schnellhub, heben auf ergonomische H\u00f6he H\u00f6he von 80 cm (Oberkante Gabel)mittels &#8211; Deichselschlag\/Fu\u00dfpedal.<br \/>\n&#8211; Feinf\u00fchliges Absenken.<\/p>\n<p>Einfach-Gabelrollen bestehen aus Nylon: Leichtlaufend und verschlei\u00dffest Fahren<br \/>\nLenkeinschlag 2 x 90\u00b0: Bequemes Wenden des Scheren-Hubwagens<\/p>\n","protected":false},"excerpt":{"rendered":"<p>-Scheren-Hubwagen Ameise\u00ae mit Premium-Deichsel. -Tragkraft 1000kg -Manueller Schnellhub, heben auf ergonomische H\u00f6he H\u00f6he von 80 cm (Oberkante Gabel)mittels &#8211; Deichselschlag\/Fu\u00dfpedal. &#8211; Feinf\u00fchliges Absenken. Einfach-Gabelrollen bestehen aus Nylon: Leichtlaufend und verschlei\u00dffest Fahren Lenkeinschlag 2 x 90\u00b0: Bequemes Wenden des Scheren-Hubwagens<\/p>\n","protected":false},"featured_media":16213,"template":"","meta":[],"product_brand":[],"product_cat":[1489],"product_tag":[],"class_list":{"0":"post-16212","1":"product","2":"type-product","3":"status-publish","4":"has-post-thumbnail","6":"product_cat-flurfoerderfahrzeuge","7":"pa_hersteller-jungheinrich","8":"pa_typ-ameise-jf","10":"first","11":"instock","12":"taxable","13":"shipping-taxable","14":"purchasable","15":"product-type-simple"},"jetpack_sharing_enabled":true,"_links":{"self":[{"href":"https:\/\/www.3p-gmbh.de\/id\/wp-json\/wp\/v2\/product\/16212","targetHints":{"allow":["GET"]}}],"collection":[{"href":"https:\/\/www.3p-gmbh.de\/id\/wp-json\/wp\/v2\/product"}],"about":[{"href":"https:\/\/www.3p-gmbh.de\/id\/wp-json\/wp\/v2\/types\/product"}],"wp:featuredmedia":[{"embeddable":true,"href":"https:\/\/www.3p-gmbh.de\/id\/wp-json\/wp\/v2\/media\/16213"}],"wp:attachment":[{"href":"https:\/\/www.3p-gmbh.de\/id\/wp-json\/wp\/v2\/media?parent=16212"}],"wp:term":[{"taxonomy":"product_brand","embeddable":true,"href":"https:\/\/www.3p-gmbh.de\/id\/wp-json\/wp\/v2\/product_brand?post=16212"},{"taxonomy":"product_cat","embeddable":true,"href":"https:\/\/www.3p-gmbh.de\/id\/wp-json\/wp\/v2\/product_cat?post=16212"},{"taxonomy":"product_tag","embeddable":true,"href":"https:\/\/www.3p-gmbh.de\/id\/wp-json\/wp\/v2\/product_tag?post=16212"}],"curies":[{"name":"wp","href":"https:\/\/api.w.org\/{rel}","templated":true}]}}