{"id":15895,"date":"2019-11-08T09:17:15","date_gmt":"2019-11-08T09:17:15","guid":{"rendered":"http:\/\/www.3p-gmbh.de\/?post_type=product&#038;p=15895"},"modified":"2020-04-15T14:21:35","modified_gmt":"2020-04-15T14:21:35","slug":"biluva-kl-2900-kalt-luftbefeuchter","status":"publish","type":"product","link":"https:\/\/www.3p-gmbh.de\/id\/produkt\/biluva-kl-2900-kalt-luftbefeuchter\/","title":{"rendered":"BiLuVa KL-2900 Kalt-Luftbefeuchter"},"content":{"rendered":"<p>Die Befeuchtung von Kaltluft durch Luftbefeuchtungsanlagen ist unerl\u00e4sslich in der Papierverarbeitung und vielen anderen industriellen Bereichen.<\/p>\n<p>geeignet f\u00fcr ein Raumvolumen bis maximal 2900 m\u00b3<br \/>\ninkl. Luftaustausch<\/p>\n<p>TxHxB (mm): 850 x 530 x 800<\/p>\n<p>Elektrische Daten:<br \/>\n230 Watt<br \/>\n230 V \/ 50 Hz, 1,1 A (kurzzeitig 16 A)<\/p>\n<p>Gewicht trocken\/feucht: 46\/52 kg<\/p>\n<p>Kalt-Luftbefeuchter: Neueste Technologie aus dem Hause Binder<br \/>\nNach intensiver Marktbeobachtung haben wir ein v\u00f6llig neues System f\u00fcr Luftbefeuchtungsanlagen in Industrie und Gewerbe entwickelt:<br \/>\nLuftbefeuchtung durch Kalt-Verdunstung &#8211; ein nat\u00fcrliches Verfahren zur Erh\u00f6hung der Luftfeuchtigkeit, das mit Trinkwasserqualit\u00e4t arbeitet, also ohne Vorschaltung einer Enth\u00e4rtungsanlage.<\/p>\n<p>Kundennutzen:<\/p>\n<ul>\n<li>Extrem kompakt und leistungsf\u00e4hig<\/li>\n<li>Kein Risiko einer \u00dcbers\u00e4ttigung der Luft<\/li>\n<li>Geringe Betriebskosten<\/li>\n<li>Regelm\u00e4\u00dfiger automatischer Wasseraustausch<\/li>\n<li>Digitalgesteuertes Befeuchtungssystem<\/li>\n<li>Sicher und hygienisch, k\u00fchlend und reinigend<\/li>\n<li>Geringer Ger\u00e4uschepegel<\/li>\n<li>Leicht zu bedienen<\/li>\n<li>\u00dcberall und leicht installierbar<\/li>\n<li>GS \/ DGUV gepr\u00fcfte Sicherheit<\/li>\n<\/ul>\n","protected":false},"excerpt":{"rendered":"<p>Die Befeuchtung von Kaltluft durch Luftbefeuchtungsanlagen ist unerl\u00e4sslich in der Papierverarbeitung und vielen anderen industriellen Bereichen. geeignet f\u00fcr ein Raumvolumen bis maximal 2900 m\u00b3 inkl. Luftaustausch TxHxB (mm): 850 x 530 x 800 Elektrische Daten: 230 Watt 230 V \/ 50 Hz, 1,1 A (kurzzeitig 16 A) Gewicht trocken\/feucht: 46\/52 kg Kalt-Luftbefeuchter: Neueste Technologie aus [&hellip;]<\/p>\n","protected":false},"featured_media":15896,"template":"","meta":[],"product_brand":[],"product_cat":[1458],"product_tag":[],"class_list":{"0":"post-15895","1":"product","2":"type-product","3":"status-publish","4":"has-post-thumbnail","6":"product_cat-sonstige-maschinen-und-anlagen","7":"pa_hersteller-biluva","8":"pa_typ-kl-2900","10":"first","11":"instock","12":"taxable","13":"shipping-taxable","14":"purchasable","15":"product-type-simple"},"jetpack_sharing_enabled":true,"_links":{"self":[{"href":"https:\/\/www.3p-gmbh.de\/id\/wp-json\/wp\/v2\/product\/15895","targetHints":{"allow":["GET"]}}],"collection":[{"href":"https:\/\/www.3p-gmbh.de\/id\/wp-json\/wp\/v2\/product"}],"about":[{"href":"https:\/\/www.3p-gmbh.de\/id\/wp-json\/wp\/v2\/types\/product"}],"wp:featuredmedia":[{"embeddable":true,"href":"https:\/\/www.3p-gmbh.de\/id\/wp-json\/wp\/v2\/media\/15896"}],"wp:attachment":[{"href":"https:\/\/www.3p-gmbh.de\/id\/wp-json\/wp\/v2\/media?parent=15895"}],"wp:term":[{"taxonomy":"product_brand","embeddable":true,"href":"https:\/\/www.3p-gmbh.de\/id\/wp-json\/wp\/v2\/product_brand?post=15895"},{"taxonomy":"product_cat","embeddable":true,"href":"https:\/\/www.3p-gmbh.de\/id\/wp-json\/wp\/v2\/product_cat?post=15895"},{"taxonomy":"product_tag","embeddable":true,"href":"https:\/\/www.3p-gmbh.de\/id\/wp-json\/wp\/v2\/product_tag?post=15895"}],"curies":[{"name":"wp","href":"https:\/\/api.w.org\/{rel}","templated":true}]}}