{"id":15888,"date":"2019-11-08T09:03:47","date_gmt":"2019-11-08T09:03:47","guid":{"rendered":"http:\/\/www.3p-gmbh.de\/?post_type=product&#038;p=15888"},"modified":"2020-04-15T14:21:35","modified_gmt":"2020-04-15T14:21:35","slug":"artecc-ak-25-spaene-streifenausschnittabsaugung-mit-presse","status":"publish","type":"product","link":"https:\/\/www.3p-gmbh.de\/id\/produkt\/artecc-ak-25-spaene-streifenausschnittabsaugung-mit-presse\/","title":{"rendered":"Artecc AK 25 Sp\u00e4ne &#038; Streifenausschnittabsaugung mit Presse"},"content":{"rendered":"<p>der Abfall wird verpesst W\u00fcrfel aus dem Kanal gedr\u00fcckt<\/p>\n","protected":false},"excerpt":{"rendered":"<p>der Abfall wird verpesst W\u00fcrfel aus dem Kanal gedr\u00fcckt<\/p>\n","protected":false},"featured_media":15889,"template":"","meta":[],"product_brand":[],"product_cat":[1845],"product_tag":[],"class_list":{"0":"post-15888","1":"product","2":"type-product","3":"status-publish","4":"has-post-thumbnail","6":"product_cat-falzmaschinenzubehoer","7":"pa_hersteller-artecc","8":"pa_typ-ak-25","10":"first","11":"instock","12":"taxable","13":"shipping-taxable","14":"purchasable","15":"product-type-simple"},"jetpack_sharing_enabled":true,"_links":{"self":[{"href":"https:\/\/www.3p-gmbh.de\/id\/wp-json\/wp\/v2\/product\/15888","targetHints":{"allow":["GET"]}}],"collection":[{"href":"https:\/\/www.3p-gmbh.de\/id\/wp-json\/wp\/v2\/product"}],"about":[{"href":"https:\/\/www.3p-gmbh.de\/id\/wp-json\/wp\/v2\/types\/product"}],"wp:featuredmedia":[{"embeddable":true,"href":"https:\/\/www.3p-gmbh.de\/id\/wp-json\/wp\/v2\/media\/15889"}],"wp:attachment":[{"href":"https:\/\/www.3p-gmbh.de\/id\/wp-json\/wp\/v2\/media?parent=15888"}],"wp:term":[{"taxonomy":"product_brand","embeddable":true,"href":"https:\/\/www.3p-gmbh.de\/id\/wp-json\/wp\/v2\/product_brand?post=15888"},{"taxonomy":"product_cat","embeddable":true,"href":"https:\/\/www.3p-gmbh.de\/id\/wp-json\/wp\/v2\/product_cat?post=15888"},{"taxonomy":"product_tag","embeddable":true,"href":"https:\/\/www.3p-gmbh.de\/id\/wp-json\/wp\/v2\/product_tag?post=15888"}],"curies":[{"name":"wp","href":"https:\/\/api.w.org\/{rel}","templated":true}]}}