{"id":15662,"date":"2019-11-07T10:51:41","date_gmt":"2019-11-07T10:51:41","guid":{"rendered":"http:\/\/www.3p-gmbh.de\/?post_type=product&#038;p=15662"},"modified":"2020-04-15T14:20:48","modified_gmt":"2020-04-15T14:20:48","slug":"habasit-heisspressvorrichtung-pt-55-8","status":"publish","type":"product","link":"https:\/\/www.3p-gmbh.de\/id\/produkt\/habasit-heisspressvorrichtung-pt-55-8\/","title":{"rendered":"Habasit Heisspressvorrichtung PT-55 -8"},"content":{"rendered":"<p>f\u00fcr das Endverbinden von Habasit Maschinen- und Spindelb\u00e4ndern bis zu einer Breite von 50 mm und einer Dicke von 2.5 mm mit dem Thermofix-Verfahren.<\/p>\n<p>Die maximal bearbeitbare Aussch\u00e4rfl\u00e4nge betr\u00e4gt 35 mm. Mit F\u00fchrungsschienen in der f\u00fcr die jeweilige Anwendung erforderlichen Breite und der M\u00f6glichkeit, die Heisspresse beliebig zwischen 110 und 240 V anzuschliessen, steht mit der PT-55 ein sehr flexibles Endverbindungssystem zur Verf\u00fcgung.<\/p>\n","protected":false},"excerpt":{"rendered":"<p>f\u00fcr das Endverbinden von Habasit Maschinen- und Spindelb\u00e4ndern bis zu einer Breite von 50 mm und einer Dicke von 2.5 mm mit dem Thermofix-Verfahren. Die maximal bearbeitbare Aussch\u00e4rfl\u00e4nge betr\u00e4gt 35 mm. Mit F\u00fchrungsschienen in der f\u00fcr die jeweilige Anwendung erforderlichen Breite und der M\u00f6glichkeit, die Heisspresse beliebig zwischen 110 und 240 V anzuschliessen, steht mit [&hellip;]<\/p>\n","protected":false},"featured_media":15663,"template":"","meta":[],"product_brand":[],"product_cat":[87],"product_tag":[],"class_list":{"0":"post-15662","1":"product","2":"type-product","3":"status-publish","4":"has-post-thumbnail","6":"product_cat-sonstige-weiterverarbeitung","7":"pa_hersteller-habasit","8":"pa_typ-pt-55-8","10":"first","11":"instock","12":"taxable","13":"shipping-taxable","14":"purchasable","15":"product-type-simple"},"jetpack_sharing_enabled":true,"_links":{"self":[{"href":"https:\/\/www.3p-gmbh.de\/id\/wp-json\/wp\/v2\/product\/15662","targetHints":{"allow":["GET"]}}],"collection":[{"href":"https:\/\/www.3p-gmbh.de\/id\/wp-json\/wp\/v2\/product"}],"about":[{"href":"https:\/\/www.3p-gmbh.de\/id\/wp-json\/wp\/v2\/types\/product"}],"wp:featuredmedia":[{"embeddable":true,"href":"https:\/\/www.3p-gmbh.de\/id\/wp-json\/wp\/v2\/media\/15663"}],"wp:attachment":[{"href":"https:\/\/www.3p-gmbh.de\/id\/wp-json\/wp\/v2\/media?parent=15662"}],"wp:term":[{"taxonomy":"product_brand","embeddable":true,"href":"https:\/\/www.3p-gmbh.de\/id\/wp-json\/wp\/v2\/product_brand?post=15662"},{"taxonomy":"product_cat","embeddable":true,"href":"https:\/\/www.3p-gmbh.de\/id\/wp-json\/wp\/v2\/product_cat?post=15662"},{"taxonomy":"product_tag","embeddable":true,"href":"https:\/\/www.3p-gmbh.de\/id\/wp-json\/wp\/v2\/product_tag?post=15662"}],"curies":[{"name":"wp","href":"https:\/\/api.w.org\/{rel}","templated":true}]}}