{"id":15460,"date":"2019-11-05T15:10:03","date_gmt":"2019-11-05T15:10:03","guid":{"rendered":"http:\/\/www.3p-gmbh.de\/?post_type=product&#038;p=15460"},"modified":"2020-04-15T14:20:50","modified_gmt":"2020-04-15T14:20:50","slug":"fuji-silver-hunter-anlage-fuer-die-entsilberung-von-fixierbad","status":"publish","type":"product","link":"https:\/\/www.3p-gmbh.de\/id\/produkt\/fuji-silver-hunter-anlage-fuer-die-entsilberung-von-fixierbad\/","title":{"rendered":"Fuji Silver Hunter &#8211; Anlage f\u00fcr die Entsilberung von Fixierbad"},"content":{"rendered":"<p>Entsilberung von Fixierbad Fuji Silver Hunter<br \/>\nAltsilber-R\u00fcckgewinnung aus verbrauchten fotografischen B\u00e4dern \u00fcber Bypass<\/p>\n","protected":false},"excerpt":{"rendered":"<p>Entsilberung von Fixierbad Fuji Silver Hunter Altsilber-R\u00fcckgewinnung aus verbrauchten fotografischen B\u00e4dern \u00fcber Bypass<\/p>\n","protected":false},"featured_media":15461,"template":"","meta":[],"product_brand":[],"product_cat":[80],"product_tag":[],"class_list":{"0":"post-15460","1":"product","2":"type-product","3":"status-publish","4":"has-post-thumbnail","6":"product_cat-filmbelichter-und-filmentwicklungssysteme","7":"pa_hersteller-fuji","8":"pa_typ-silver-hunter","10":"first","11":"instock","12":"taxable","13":"shipping-taxable","14":"purchasable","15":"product-type-simple"},"jetpack_sharing_enabled":true,"_links":{"self":[{"href":"https:\/\/www.3p-gmbh.de\/id\/wp-json\/wp\/v2\/product\/15460","targetHints":{"allow":["GET"]}}],"collection":[{"href":"https:\/\/www.3p-gmbh.de\/id\/wp-json\/wp\/v2\/product"}],"about":[{"href":"https:\/\/www.3p-gmbh.de\/id\/wp-json\/wp\/v2\/types\/product"}],"wp:featuredmedia":[{"embeddable":true,"href":"https:\/\/www.3p-gmbh.de\/id\/wp-json\/wp\/v2\/media\/15461"}],"wp:attachment":[{"href":"https:\/\/www.3p-gmbh.de\/id\/wp-json\/wp\/v2\/media?parent=15460"}],"wp:term":[{"taxonomy":"product_brand","embeddable":true,"href":"https:\/\/www.3p-gmbh.de\/id\/wp-json\/wp\/v2\/product_brand?post=15460"},{"taxonomy":"product_cat","embeddable":true,"href":"https:\/\/www.3p-gmbh.de\/id\/wp-json\/wp\/v2\/product_cat?post=15460"},{"taxonomy":"product_tag","embeddable":true,"href":"https:\/\/www.3p-gmbh.de\/id\/wp-json\/wp\/v2\/product_tag?post=15460"}],"curies":[{"name":"wp","href":"https:\/\/api.w.org\/{rel}","templated":true}]}}