{"id":15444,"date":"2019-11-05T14:53:07","date_gmt":"2019-11-05T14:53:07","guid":{"rendered":"http:\/\/www.3p-gmbh.de\/?post_type=product&#038;p=15444"},"modified":"2020-04-15T14:20:08","modified_gmt":"2020-04-15T14:20:08","slug":"technografica-ebo-v4-vertikal-einbrennofen-fuer-druckplatten-aus-2000","status":"publish","type":"product","link":"https:\/\/www.3p-gmbh.de\/id\/produkt\/technografica-ebo-v4-vertikal-einbrennofen-fuer-druckplatten-aus-2000\/","title":{"rendered":"Technografica EBO V4 Vertikal-Einbrennofen f\u00fcr Druckplatten"},"content":{"rendered":"<p>Platten-Aufnahmef\u00e4higkeit 4 St\u00fcck<br \/>\nPlattenformat max. 80 x 70 cm<br \/>\nAu\u00dfenma\u00dfe L 130 x B 38 x H 110 cm<br \/>\nGewicht des Ofens 150 kg<br \/>\nBetriebsspannung 230 V \/ 50 Hz<br \/>\nStromverbrauch &#8211; Aufheizen 3 kW<br \/>\nStromverbrauch &#8211; Betrieb 1,5 kW<br \/>\nDie Brenndauerdaten werden aufgespeichert<br \/>\nEinwandfreie thermische Isolierung<br \/>\nW\u00e4rmeabgabe an Umgebung ca. 1290 kcal\/h (ca. 16200k J\/h)<\/p>\n","protected":false},"excerpt":{"rendered":"<p>Platten-Aufnahmef\u00e4higkeit 4 St\u00fcck Plattenformat max. 80 x 70 cm Au\u00dfenma\u00dfe L 130 x B 38 x H 110 cm Gewicht des Ofens 150 kg Betriebsspannung 230 V \/ 50 Hz Stromverbrauch &#8211; Aufheizen 3 kW Stromverbrauch &#8211; Betrieb 1,5 kW Die Brenndauerdaten werden aufgespeichert Einwandfreie thermische Isolierung W\u00e4rmeabgabe an Umgebung ca. 1290 kcal\/h (ca. 16200k [&hellip;]<\/p>\n","protected":false},"featured_media":15447,"template":"","meta":[],"product_brand":[],"product_cat":[1787],"product_tag":[],"class_list":{"0":"post-15444","1":"product","2":"type-product","3":"status-publish","4":"has-post-thumbnail","6":"product_cat-druckplattenverarbeitung","7":"pa_hersteller-technografica","8":"pa_typ-ebo-v4","10":"first","11":"instock","12":"taxable","13":"shipping-taxable","14":"purchasable","15":"product-type-simple"},"jetpack_sharing_enabled":true,"_links":{"self":[{"href":"https:\/\/www.3p-gmbh.de\/id\/wp-json\/wp\/v2\/product\/15444","targetHints":{"allow":["GET"]}}],"collection":[{"href":"https:\/\/www.3p-gmbh.de\/id\/wp-json\/wp\/v2\/product"}],"about":[{"href":"https:\/\/www.3p-gmbh.de\/id\/wp-json\/wp\/v2\/types\/product"}],"wp:featuredmedia":[{"embeddable":true,"href":"https:\/\/www.3p-gmbh.de\/id\/wp-json\/wp\/v2\/media\/15447"}],"wp:attachment":[{"href":"https:\/\/www.3p-gmbh.de\/id\/wp-json\/wp\/v2\/media?parent=15444"}],"wp:term":[{"taxonomy":"product_brand","embeddable":true,"href":"https:\/\/www.3p-gmbh.de\/id\/wp-json\/wp\/v2\/product_brand?post=15444"},{"taxonomy":"product_cat","embeddable":true,"href":"https:\/\/www.3p-gmbh.de\/id\/wp-json\/wp\/v2\/product_cat?post=15444"},{"taxonomy":"product_tag","embeddable":true,"href":"https:\/\/www.3p-gmbh.de\/id\/wp-json\/wp\/v2\/product_tag?post=15444"}],"curies":[{"name":"wp","href":"https:\/\/api.w.org\/{rel}","templated":true}]}}