{"id":15277,"date":"2019-11-05T10:27:41","date_gmt":"2019-11-05T10:27:41","guid":{"rendered":"http:\/\/www.3p-gmbh.de\/?post_type=product&#038;p=15277"},"modified":"2020-04-15T14:19:13","modified_gmt":"2020-04-15T14:19:13","slug":"heidelberg-oht-p-heissfolienpraege-tiegel-mit-art-foliensteuerung","status":"publish","type":"product","link":"https:\/\/www.3p-gmbh.de\/id\/produkt\/heidelberg-oht-p-heissfolienpraege-tiegel-mit-art-foliensteuerung\/","title":{"rendered":"Heidelberg OHT-P Hei\u00dffolienpr\u00e4getiegel mit ART Foliensteuerung"},"content":{"rendered":"<p>ohne Farbkasten und Farbwalzen<\/p>\n<p>gr\u00f6\u00dfter Bogen 260 x 380 mm<br \/>\nkleinster Bogen 40 x70 mm<br \/>\nmax. Formgr\u00f6\u00dfe 260 x350mm<br \/>\nStanzkraft 40 Tonnen<br \/>\nLeistung 5500 Bg.\/h<br \/>\n380 V 1,25 KW<br \/>\nEigengewicht 1100 kg<br \/>\nAbmessungen L1,68 x B1,24 x H1,85m<\/p>\n<p>2 Schlie\u00dfrahmen<br \/>\n2 Heizplatten<\/p>\n","protected":false},"excerpt":{"rendered":"<p>ohne Farbkasten und Farbwalzen gr\u00f6\u00dfter Bogen 260 x 380 mm kleinster Bogen 40 x70 mm max. Formgr\u00f6\u00dfe 260 x350mm Stanzkraft 40 Tonnen Leistung 5500 Bg.\/h 380 V 1,25 KW Eigengewicht 1100 kg Abmessungen L1,68 x B1,24 x H1,85m 2 Schlie\u00dfrahmen 2 Heizplatten<\/p>\n","protected":false},"featured_media":15278,"template":"","meta":[],"product_brand":[],"product_cat":[343],"product_tag":[],"class_list":{"0":"post-15277","1":"product","2":"type-product","3":"status-publish","4":"has-post-thumbnail","6":"product_cat-buchdruck","7":"pa_hersteller-heidelberg","8":"pa_typ-oht-p","10":"first","11":"instock","12":"taxable","13":"shipping-taxable","14":"purchasable","15":"product-type-simple"},"jetpack_sharing_enabled":true,"_links":{"self":[{"href":"https:\/\/www.3p-gmbh.de\/id\/wp-json\/wp\/v2\/product\/15277","targetHints":{"allow":["GET"]}}],"collection":[{"href":"https:\/\/www.3p-gmbh.de\/id\/wp-json\/wp\/v2\/product"}],"about":[{"href":"https:\/\/www.3p-gmbh.de\/id\/wp-json\/wp\/v2\/types\/product"}],"wp:featuredmedia":[{"embeddable":true,"href":"https:\/\/www.3p-gmbh.de\/id\/wp-json\/wp\/v2\/media\/15278"}],"wp:attachment":[{"href":"https:\/\/www.3p-gmbh.de\/id\/wp-json\/wp\/v2\/media?parent=15277"}],"wp:term":[{"taxonomy":"product_brand","embeddable":true,"href":"https:\/\/www.3p-gmbh.de\/id\/wp-json\/wp\/v2\/product_brand?post=15277"},{"taxonomy":"product_cat","embeddable":true,"href":"https:\/\/www.3p-gmbh.de\/id\/wp-json\/wp\/v2\/product_cat?post=15277"},{"taxonomy":"product_tag","embeddable":true,"href":"https:\/\/www.3p-gmbh.de\/id\/wp-json\/wp\/v2\/product_tag?post=15277"}],"curies":[{"name":"wp","href":"https:\/\/api.w.org\/{rel}","templated":true}]}}