{"id":14796,"date":"2019-11-04T11:20:10","date_gmt":"2019-11-04T11:20:10","guid":{"rendered":"http:\/\/www.3p-gmbh.de\/?post_type=product&#038;p=14796"},"modified":"2021-05-15T17:32:41","modified_gmt":"2021-05-15T17:32:41","slug":"baumann-stapellifte-nup-650","status":"publish","type":"product","link":"https:\/\/www.3p-gmbh.de\/id\/produkt\/baumann-stapellifte-nup-650\/","title":{"rendered":"Baumann Wohlenberg Stapellift NUP 650"},"content":{"rendered":"<p><strong>Baumann Wohlenberg Stapellift NUP 650<\/strong><\/p>\n<p>Stapellifte sorgen f\u00fcr ein leichtes Arbeiten in angenehmer Arbeith\u00f6he.<br \/>\nHohe Produktivit\u00e4t durch schnellen Palettenwechsel (hohe<br \/>\nSenkgeschwindigkeit)<br \/>\nFlexibler Einsatz (fahrbar auf Lenkrollen ) einsetzbar an<br \/>\nunterschiedlichen Arbeitsstationen (z.B. Schneidemaschine, Falzmaschine)<\/p>\n<p>Technische Daten<br \/>\n&#8211; fahrbar auf Lenkrollen<br \/>\n&#8211; Innenmasse der Wanne ca. 785 x 1150 mm<br \/>\n&#8211; Hubh\u00f6he bis 1000mm<br \/>\n&#8211; Tragkraft max. kg 650<br \/>\n&#8211; H\u00f6henverstellbare Fotozelle zur automatischen Anpassung der Arbeitsh\u00f6he<\/p>\n<p>&nbsp;<\/p>\n","protected":false},"excerpt":{"rendered":"<p>Baumann Wohlenberg Stapellift NUP 650 Stapellifte sorgen f\u00fcr ein leichtes Arbeiten in angenehmer Arbeith\u00f6he. Hohe Produktivit\u00e4t durch schnellen Palettenwechsel (hohe Senkgeschwindigkeit) Flexibler Einsatz (fahrbar auf Lenkrollen ) einsetzbar an unterschiedlichen Arbeitsstationen (z.B. Schneidemaschine, Falzmaschine) Technische Daten &#8211; fahrbar auf Lenkrollen &#8211; Innenmasse der Wanne ca. 785 x 1150 mm &#8211; Hubh\u00f6he bis 1000mm &#8211; Tragkraft [&hellip;]<\/p>\n","protected":false},"featured_media":23146,"template":"","meta":[],"product_brand":[],"product_cat":[1761],"product_tag":[],"class_list":{"0":"post-14796","1":"product","2":"type-product","3":"status-publish","4":"has-post-thumbnail","6":"product_cat-stapelheber-stapellifte","7":"pa_hersteller-baumann","8":"pa_typ-nup-650","10":"first","11":"instock","12":"taxable","13":"shipping-taxable","14":"purchasable","15":"product-type-simple"},"jetpack_sharing_enabled":true,"_links":{"self":[{"href":"https:\/\/www.3p-gmbh.de\/id\/wp-json\/wp\/v2\/product\/14796","targetHints":{"allow":["GET"]}}],"collection":[{"href":"https:\/\/www.3p-gmbh.de\/id\/wp-json\/wp\/v2\/product"}],"about":[{"href":"https:\/\/www.3p-gmbh.de\/id\/wp-json\/wp\/v2\/types\/product"}],"wp:featuredmedia":[{"embeddable":true,"href":"https:\/\/www.3p-gmbh.de\/id\/wp-json\/wp\/v2\/media\/23146"}],"wp:attachment":[{"href":"https:\/\/www.3p-gmbh.de\/id\/wp-json\/wp\/v2\/media?parent=14796"}],"wp:term":[{"taxonomy":"product_brand","embeddable":true,"href":"https:\/\/www.3p-gmbh.de\/id\/wp-json\/wp\/v2\/product_brand?post=14796"},{"taxonomy":"product_cat","embeddable":true,"href":"https:\/\/www.3p-gmbh.de\/id\/wp-json\/wp\/v2\/product_cat?post=14796"},{"taxonomy":"product_tag","embeddable":true,"href":"https:\/\/www.3p-gmbh.de\/id\/wp-json\/wp\/v2\/product_tag?post=14796"}],"curies":[{"name":"wp","href":"https:\/\/api.w.org\/{rel}","templated":true}]}}