{"id":14670,"date":"2019-11-04T08:49:49","date_gmt":"2019-11-04T08:49:49","guid":{"rendered":"http:\/\/www.3p-gmbh.de\/?post_type=product&#038;p=14670"},"modified":"2020-04-15T14:17:33","modified_gmt":"2020-04-15T14:17:33","slug":"hhs-c-510-kaltleimeinrichtung","status":"publish","type":"product","link":"https:\/\/www.3p-gmbh.de\/id\/produkt\/hhs-c-510-kaltleimeinrichtung\/","title":{"rendered":"HHS C 510 Kaltleimeinrichtung"},"content":{"rendered":"<p>Steuerger\u00e4t, Leimbeh\u00e4lter und 2 Leimk\u00f6pfen<\/p>\n","protected":false},"excerpt":{"rendered":"<p>Steuerger\u00e4t, Leimbeh\u00e4lter und 2 Leimk\u00f6pfen<\/p>\n","protected":false},"featured_media":14671,"template":"","meta":[],"product_brand":[],"product_cat":[87],"product_tag":[],"class_list":{"0":"post-14670","1":"product","2":"type-product","3":"status-publish","4":"has-post-thumbnail","6":"product_cat-sonstige-weiterverarbeitung","7":"pa_hersteller-baumer-hhs","8":"pa_typ-c-510","10":"first","11":"instock","12":"taxable","13":"shipping-taxable","14":"purchasable","15":"product-type-simple"},"jetpack_sharing_enabled":true,"_links":{"self":[{"href":"https:\/\/www.3p-gmbh.de\/id\/wp-json\/wp\/v2\/product\/14670","targetHints":{"allow":["GET"]}}],"collection":[{"href":"https:\/\/www.3p-gmbh.de\/id\/wp-json\/wp\/v2\/product"}],"about":[{"href":"https:\/\/www.3p-gmbh.de\/id\/wp-json\/wp\/v2\/types\/product"}],"wp:featuredmedia":[{"embeddable":true,"href":"https:\/\/www.3p-gmbh.de\/id\/wp-json\/wp\/v2\/media\/14671"}],"wp:attachment":[{"href":"https:\/\/www.3p-gmbh.de\/id\/wp-json\/wp\/v2\/media?parent=14670"}],"wp:term":[{"taxonomy":"product_brand","embeddable":true,"href":"https:\/\/www.3p-gmbh.de\/id\/wp-json\/wp\/v2\/product_brand?post=14670"},{"taxonomy":"product_cat","embeddable":true,"href":"https:\/\/www.3p-gmbh.de\/id\/wp-json\/wp\/v2\/product_cat?post=14670"},{"taxonomy":"product_tag","embeddable":true,"href":"https:\/\/www.3p-gmbh.de\/id\/wp-json\/wp\/v2\/product_tag?post=14670"}],"curies":[{"name":"wp","href":"https:\/\/api.w.org\/{rel}","templated":true}]}}