{"id":14340,"date":"2019-11-01T12:57:38","date_gmt":"2019-11-01T12:57:38","guid":{"rendered":"http:\/\/www.3p-gmbh.de\/?post_type=product&#038;p=14340"},"modified":"2020-04-15T14:17:34","modified_gmt":"2020-04-15T14:17:34","slug":"rueckenveredelung-mit-nagel-sp-plus-square-press","status":"publish","type":"product","link":"https:\/\/www.3p-gmbh.de\/id\/produkt\/rueckenveredelung-mit-nagel-sp-plus-square-press\/","title":{"rendered":"Ernst NAGEL SP PLUS SQUARE PRESS"},"content":{"rendered":"<p>BROSCH\u00dcRENFERTIGUNG &#8211; mit Mehrwert.<\/p>\n<p>Nagel SP Plus Square Press: Der bereits geheftete Brosch\u00fcrenr\u00fccken erh\u00e4lt durch Pressung das Aussehen<br \/>\neiner hoch wertigen Klebebindung.<br \/>\nIhr Vorteil: Der Brosch\u00fcren r\u00fccken kann bedruckt werden. Stapeln, Lagern<br \/>\nund Verpacken wird einfacher und platzsparender, die Brosch\u00fcren springen nicht mehr auf.<\/p>\n<p>Der SP Plus ist h\u00f6chst flexibel einsetzbar:<br \/>\nOffline mobil in der Weiterverarbeitung<br \/>\nbis zu 30 Blatt (80Gramm\/m2) pro Brosch\u00fcre bei Formaten bis zu 350 mm x 250 mm.<br \/>\nBei einfachem Durchlauf schafft der SP Plus Offline so bis 1.200 pro Stunde.<\/p>\n","protected":false},"excerpt":{"rendered":"<p>BROSCH\u00dcRENFERTIGUNG &#8211; mit Mehrwert. Nagel SP Plus Square Press: Der bereits geheftete Brosch\u00fcrenr\u00fccken erh\u00e4lt durch Pressung das Aussehen einer hoch wertigen Klebebindung. Ihr Vorteil: Der Brosch\u00fcren r\u00fccken kann bedruckt werden. Stapeln, Lagern und Verpacken wird einfacher und platzsparender, die Brosch\u00fcren springen nicht mehr auf. Der SP Plus ist h\u00f6chst flexibel einsetzbar: Offline mobil in der [&hellip;]<\/p>\n","protected":false},"featured_media":14341,"template":"","meta":[],"product_brand":[],"product_cat":[1764],"product_tag":[],"class_list":{"0":"post-14340","1":"product","2":"type-product","3":"status-publish","4":"has-post-thumbnail","6":"product_cat-sortimentsbuchbinderei","7":"pa_hersteller-ernst-nagel","8":"pa_typ-sp-plus-square-press","10":"first","11":"instock","12":"taxable","13":"shipping-taxable","14":"purchasable","15":"product-type-simple"},"jetpack_sharing_enabled":true,"_links":{"self":[{"href":"https:\/\/www.3p-gmbh.de\/id\/wp-json\/wp\/v2\/product\/14340","targetHints":{"allow":["GET"]}}],"collection":[{"href":"https:\/\/www.3p-gmbh.de\/id\/wp-json\/wp\/v2\/product"}],"about":[{"href":"https:\/\/www.3p-gmbh.de\/id\/wp-json\/wp\/v2\/types\/product"}],"wp:featuredmedia":[{"embeddable":true,"href":"https:\/\/www.3p-gmbh.de\/id\/wp-json\/wp\/v2\/media\/14341"}],"wp:attachment":[{"href":"https:\/\/www.3p-gmbh.de\/id\/wp-json\/wp\/v2\/media?parent=14340"}],"wp:term":[{"taxonomy":"product_brand","embeddable":true,"href":"https:\/\/www.3p-gmbh.de\/id\/wp-json\/wp\/v2\/product_brand?post=14340"},{"taxonomy":"product_cat","embeddable":true,"href":"https:\/\/www.3p-gmbh.de\/id\/wp-json\/wp\/v2\/product_cat?post=14340"},{"taxonomy":"product_tag","embeddable":true,"href":"https:\/\/www.3p-gmbh.de\/id\/wp-json\/wp\/v2\/product_tag?post=14340"}],"curies":[{"name":"wp","href":"https:\/\/api.w.org\/{rel}","templated":true}]}}