{"id":12774,"date":"2019-10-14T14:51:18","date_gmt":"2019-10-14T14:51:18","guid":{"rendered":"http:\/\/www.3p-gmbh.de\/?post_type=product&#038;p=12774"},"modified":"2020-04-15T13:21:14","modified_gmt":"2020-04-15T13:21:14","slug":"heidelberg-suprasetter-106-uv-gen-v","status":"publish","type":"product","link":"https:\/\/www.3p-gmbh.de\/id\/produkt\/heidelberg-suprasetter-106-uv-gen-v\/","title":{"rendered":"Heidelberg Suprasetter 106 UV Gen V"},"content":{"rendered":"<p>Mit dem Ger\u00e4t k\u00f6nnen preisg\u00fcnstige konventionelle Offsetdruckplatten belichtet werden.<\/p>\n<ul>\n<li>bisher ca. 86.000 belichtete Druckplatten<\/li>\n<li>MetaShooter<\/li>\n<li>Auto Dual-Cassetten Loader<\/li>\n<li>Durchsatz: 23 Platten\/h bei max. Format<\/li>\n<li>Aufl\u00f6sung: 2400 dpi, 2540 dpi<\/li>\n<li>interne Stanze: Bacher Control 780 mm<\/li>\n<li>Glunz &amp; Jensen Druckplatten\u2013Entwicklungsmaschine<\/li>\n<li>Druckplatten-Abstapler PST 36<\/li>\n<\/ul>\n","protected":false},"excerpt":{"rendered":"<p>Mit dem Ger\u00e4t k\u00f6nnen preisg\u00fcnstige konventionelle Offsetdruckplatten belichtet werden. bisher ca. 86.000 belichtete Druckplatten MetaShooter Auto Dual-Cassetten Loader Durchsatz: 23 Platten\/h bei max. Format Aufl\u00f6sung: 2400 dpi, 2540 dpi interne Stanze: Bacher Control 780 mm Glunz &amp; Jensen Druckplatten\u2013Entwicklungsmaschine Druckplatten-Abstapler PST 36<\/p>\n","protected":false},"featured_media":12775,"template":"","meta":[],"product_brand":[],"product_cat":[82],"product_tag":[],"class_list":{"0":"post-12774","1":"product","2":"type-product","3":"status-publish","4":"has-post-thumbnail","6":"product_cat-computer-to-plate-systeme","7":"pa_bezeichnung_typ-suprasetter-106-uv","8":"pa_hersteller-heidelberger-druckmaschinen-ag","10":"first","11":"instock","12":"taxable","13":"shipping-taxable","14":"purchasable","15":"product-type-simple"},"jetpack_sharing_enabled":true,"_links":{"self":[{"href":"https:\/\/www.3p-gmbh.de\/id\/wp-json\/wp\/v2\/product\/12774","targetHints":{"allow":["GET"]}}],"collection":[{"href":"https:\/\/www.3p-gmbh.de\/id\/wp-json\/wp\/v2\/product"}],"about":[{"href":"https:\/\/www.3p-gmbh.de\/id\/wp-json\/wp\/v2\/types\/product"}],"wp:featuredmedia":[{"embeddable":true,"href":"https:\/\/www.3p-gmbh.de\/id\/wp-json\/wp\/v2\/media\/12775"}],"wp:attachment":[{"href":"https:\/\/www.3p-gmbh.de\/id\/wp-json\/wp\/v2\/media?parent=12774"}],"wp:term":[{"taxonomy":"product_brand","embeddable":true,"href":"https:\/\/www.3p-gmbh.de\/id\/wp-json\/wp\/v2\/product_brand?post=12774"},{"taxonomy":"product_cat","embeddable":true,"href":"https:\/\/www.3p-gmbh.de\/id\/wp-json\/wp\/v2\/product_cat?post=12774"},{"taxonomy":"product_tag","embeddable":true,"href":"https:\/\/www.3p-gmbh.de\/id\/wp-json\/wp\/v2\/product_tag?post=12774"}],"curies":[{"name":"wp","href":"https:\/\/api.w.org\/{rel}","templated":true}]}}