{"id":125389,"date":"2026-04-24T07:01:19","date_gmt":"2026-04-24T07:01:19","guid":{"rendered":"https:\/\/www.3p-gmbh.de\/?post_type=product&#038;p=125389"},"modified":"2026-04-24T07:01:20","modified_gmt":"2026-04-24T07:01:20","slug":"kompakte-druckluftversorgung-industriekolbenkompressoranlage-kaeser-kct-401-tah6-100","status":"publish","type":"product","link":"https:\/\/www.3p-gmbh.de\/id\/produkt\/kompakte-druckluftversorgung-industriekolbenkompressoranlage-kaeser-kct-401-tah6-100\/","title":{"rendered":"kompakte Druckluftversorgung Industriekolbenkompressoranlage Kaeser KCT 401-TAH6-100"},"content":{"rendered":"<p>kompakte Druckluftversorgung Industriekolbenkompressoranlage Kaeser KCT 401-TAH6-100<br \/>\naus 2010, kaum benutzt<br \/>\nSN 1075<\/p>\n<div>L\u00e4rmged\u00e4mmter Kolbenkompressor KCT-401 mit L\u00e4rmschutzhaube<br \/>\nH\u00f6chst\u00fcberdruck: 10 bar<br \/>\nVolumenstrom bei 6 bar: 274 ltr.\/min<br \/>\nNennspannung 400V\/3\/50Hz<br \/>\nMotorendrehzahl 1500 1\/min<br \/>\nNennleistung 2,40kW<br \/>\nUmgebungstemperatur +5\u00b0C\/ +35\u00b0C<\/div>\n<div>\nmit K\u00e4ltetrockner TAH6<\/p>\n<p>Kessel \/ Druckbeh\u00e4lterinhalt 100 Liter mit \u00d6labscheider<br \/>\naus 2010<br \/>\nSN 3871<br \/>\nK\u00e4ltemittel R134a<br \/>\nF\u00fcllmenge 0,41kg<br \/>\nBetriebsdruck HD-Seite 18 bar<br \/>\nBetriebsdruck ND-Seite 16 bar<\/p><\/div>\n","protected":false},"excerpt":{"rendered":"<p>kompakte Druckluftversorgung Industriekolbenkompressoranlage Kaeser KCT 401-TAH6-100 aus 2010, kaum benutzt SN 1075 L\u00e4rmged\u00e4mmter Kolbenkompressor KCT-401 mit L\u00e4rmschutzhaube H\u00f6chst\u00fcberdruck: 10 bar Volumenstrom bei 6 bar: 274 ltr.\/min Nennspannung 400V\/3\/50Hz Motorendrehzahl 1500 1\/min Nennleistung 2,40kW Umgebungstemperatur +5\u00b0C\/ +35\u00b0C mit K\u00e4ltetrockner TAH6 Kessel \/ Druckbeh\u00e4lterinhalt 100 Liter mit \u00d6labscheider aus 2010 SN 3871 K\u00e4ltemittel R134a F\u00fcllmenge 0,41kg Betriebsdruck [&hellip;]<\/p>\n","protected":false},"featured_media":125392,"template":"","meta":[],"product_brand":[],"product_cat":[1492],"product_tag":[],"class_list":{"0":"post-125389","1":"product","2":"type-product","3":"status-publish","4":"has-post-thumbnail","6":"product_cat-kompressoren-und-vakuumpumpen","7":"pa_bezeichnung_typ-kct-401-tah6-100","8":"pa_bezeichnung_typ-tah-6","9":"pa_hersteller-kaeser","11":"first","12":"instock","13":"taxable","14":"shipping-taxable","15":"product-type-simple"},"jetpack_sharing_enabled":true,"_links":{"self":[{"href":"https:\/\/www.3p-gmbh.de\/id\/wp-json\/wp\/v2\/product\/125389","targetHints":{"allow":["GET"]}}],"collection":[{"href":"https:\/\/www.3p-gmbh.de\/id\/wp-json\/wp\/v2\/product"}],"about":[{"href":"https:\/\/www.3p-gmbh.de\/id\/wp-json\/wp\/v2\/types\/product"}],"wp:featuredmedia":[{"embeddable":true,"href":"https:\/\/www.3p-gmbh.de\/id\/wp-json\/wp\/v2\/media\/125392"}],"wp:attachment":[{"href":"https:\/\/www.3p-gmbh.de\/id\/wp-json\/wp\/v2\/media?parent=125389"}],"wp:term":[{"taxonomy":"product_brand","embeddable":true,"href":"https:\/\/www.3p-gmbh.de\/id\/wp-json\/wp\/v2\/product_brand?post=125389"},{"taxonomy":"product_cat","embeddable":true,"href":"https:\/\/www.3p-gmbh.de\/id\/wp-json\/wp\/v2\/product_cat?post=125389"},{"taxonomy":"product_tag","embeddable":true,"href":"https:\/\/www.3p-gmbh.de\/id\/wp-json\/wp\/v2\/product_tag?post=125389"}],"curies":[{"name":"wp","href":"https:\/\/api.w.org\/{rel}","templated":true}]}}