{"id":116607,"date":"2024-07-30T12:54:12","date_gmt":"2024-07-30T12:54:12","guid":{"rendered":"https:\/\/www.3p-gmbh.de\/?post_type=product&#038;p=116607"},"modified":"2024-10-02T10:25:51","modified_gmt":"2024-10-02T10:25:51","slug":"stanzkopf-lotem-800","status":"publish","type":"product","link":"https:\/\/www.3p-gmbh.de\/id\/produkt\/stanzkopf-lotem-800\/","title":{"rendered":"Scitex Creo Kodak Lotem 800 Stanzk\u00f6pfe f\u00fcr Autoplate Platten Registerstanzungen"},"content":{"rendered":"<div>Scitex Creo Kodak Lotem 800 Stanzk\u00f6pfe<\/div>\n<div>f\u00fcr Autoplate Platten Registerstanzungen<\/div>\n<div>mit Aufnahmelochung f\u00fcr Plattenbieger<\/div>\n","protected":false},"excerpt":{"rendered":"<p>Scitex Creo Kodak Lotem 800 Stanzk\u00f6pfe f\u00fcr Autoplate Platten Registerstanzungen mit Aufnahmelochung f\u00fcr Plattenbieger<\/p>\n","protected":false},"featured_media":116623,"template":"","meta":[],"product_brand":[],"product_cat":[82],"product_tag":[],"class_list":{"0":"post-116607","1":"product","2":"type-product","3":"status-publish","4":"has-post-thumbnail","6":"product_cat-computer-to-plate-systeme","8":"first","9":"instock","10":"taxable","11":"shipping-taxable","12":"product-type-simple"},"jetpack_sharing_enabled":true,"_links":{"self":[{"href":"https:\/\/www.3p-gmbh.de\/id\/wp-json\/wp\/v2\/product\/116607","targetHints":{"allow":["GET"]}}],"collection":[{"href":"https:\/\/www.3p-gmbh.de\/id\/wp-json\/wp\/v2\/product"}],"about":[{"href":"https:\/\/www.3p-gmbh.de\/id\/wp-json\/wp\/v2\/types\/product"}],"wp:featuredmedia":[{"embeddable":true,"href":"https:\/\/www.3p-gmbh.de\/id\/wp-json\/wp\/v2\/media\/116623"}],"wp:attachment":[{"href":"https:\/\/www.3p-gmbh.de\/id\/wp-json\/wp\/v2\/media?parent=116607"}],"wp:term":[{"taxonomy":"product_brand","embeddable":true,"href":"https:\/\/www.3p-gmbh.de\/id\/wp-json\/wp\/v2\/product_brand?post=116607"},{"taxonomy":"product_cat","embeddable":true,"href":"https:\/\/www.3p-gmbh.de\/id\/wp-json\/wp\/v2\/product_cat?post=116607"},{"taxonomy":"product_tag","embeddable":true,"href":"https:\/\/www.3p-gmbh.de\/id\/wp-json\/wp\/v2\/product_tag?post=116607"}],"curies":[{"name":"wp","href":"https:\/\/api.w.org\/{rel}","templated":true}]}}