{"id":7453,"date":"2019-07-11T13:59:31","date_gmt":"2019-07-11T13:59:31","guid":{"rendered":"http:\/\/www.3p-gmbh.de\/produkt\/brueckenstanze\/"},"modified":"2019-11-12T14:59:56","modified_gmt":"2019-11-12T14:59:56","slug":"brueckenstanze","status":"publish","type":"product","link":"https:\/\/www.3p-gmbh.de\/hi\/produkt\/brueckenstanze\/","title":{"rendered":"Winkler + Duennebier Br\u00fcckenstanze"},"content":{"rendered":"<p>&#8211; Br\u00fcckenstanze mit Tischvorschub<br \/>\n&#8211; 60 tonen Stanzkraft<br \/>\n&#8211; Tischgr\u00f6\u00dfe &gt; 70&#215;100 cm in Produktion<\/p>\n","protected":false},"excerpt":{"rendered":"<p>&#8211; Br\u00fcckenstanze mit Tischvorschub &#8211; 60 tonen Stanzkraft &#8211; Tischgr\u00f6\u00dfe &gt; 70&#215;100 cm in Produktion<\/p>\n","protected":false},"featured_media":3714,"template":"","meta":[],"product_brand":[],"product_cat":[1760],"product_tag":[],"class_list":{"0":"post-7453","1":"product","2":"type-product","3":"status-publish","4":"has-post-thumbnail","6":"product_cat-stanzen","7":"pa_baujahr-347","8":"pa_hersteller-winkler-duennebier","9":"pa_typ-brueckenstanze","11":"first","12":"instock","13":"sold-individually","14":"taxable","15":"shipping-taxable","16":"purchasable","17":"product-type-simple"},"jetpack_sharing_enabled":true,"_links":{"self":[{"href":"https:\/\/www.3p-gmbh.de\/hi\/wp-json\/wp\/v2\/product\/7453","targetHints":{"allow":["GET"]}}],"collection":[{"href":"https:\/\/www.3p-gmbh.de\/hi\/wp-json\/wp\/v2\/product"}],"about":[{"href":"https:\/\/www.3p-gmbh.de\/hi\/wp-json\/wp\/v2\/types\/product"}],"wp:featuredmedia":[{"embeddable":true,"href":"https:\/\/www.3p-gmbh.de\/hi\/wp-json\/wp\/v2\/media\/3714"}],"wp:attachment":[{"href":"https:\/\/www.3p-gmbh.de\/hi\/wp-json\/wp\/v2\/media?parent=7453"}],"wp:term":[{"taxonomy":"product_brand","embeddable":true,"href":"https:\/\/www.3p-gmbh.de\/hi\/wp-json\/wp\/v2\/product_brand?post=7453"},{"taxonomy":"product_cat","embeddable":true,"href":"https:\/\/www.3p-gmbh.de\/hi\/wp-json\/wp\/v2\/product_cat?post=7453"},{"taxonomy":"product_tag","embeddable":true,"href":"https:\/\/www.3p-gmbh.de\/hi\/wp-json\/wp\/v2\/product_tag?post=7453"}],"curies":[{"name":"wp","href":"https:\/\/api.w.org\/{rel}","templated":true}]}}