{"id":7440,"date":"2019-07-11T13:59:21","date_gmt":"2019-07-11T13:59:21","guid":{"rendered":"http:\/\/www.3p-gmbh.de\/produkt\/schuettelautomat-2\/"},"modified":"2019-12-19T09:42:43","modified_gmt":"2019-12-19T09:42:43","slug":"schuettelautomat-2","status":"publish","type":"product","link":"https:\/\/www.3p-gmbh.de\/hi\/produkt\/schuettelautomat-2\/","title":{"rendered":"Baumann BSB 3 L Sch\u00fcttelautomat"},"content":{"rendered":"<p>Problempapiere wie metallic-Papier, Beipackzettel oder Etiketten k\u00f6nnen einfach und schnell gesch\u00fcttelt werden.<\/p>\n<p>Ausstattung:<br \/>\n&#8211; Randloses Auspressen der Schneidlage<br \/>\n&#8211; Lufftischoberfl\u00e4che mit einer links montierten pneumatischen Seitenklappe (Umbau nach rechts m\u00f6glich)<br \/>\n&#8211; Auspressstufen mit hohen Pressdruck, 2-Hand-Bedienung<br \/>\n&#8211; Format 770 x 1070mm<br \/>\n&#8211; Max. Lagenh\u00f6he 160 mm<\/p>\n","protected":false},"excerpt":{"rendered":"<p>Problempapiere wie metallic-Papier, Beipackzettel oder Etiketten k\u00f6nnen einfach und schnell gesch\u00fcttelt werden. Ausstattung: &#8211; Randloses Auspressen der Schneidlage &#8211; Lufftischoberfl\u00e4che mit einer links montierten pneumatischen Seitenklappe (Umbau nach rechts m\u00f6glich) &#8211; Auspressstufen mit hohen Pressdruck, 2-Hand-Bedienung &#8211; Format 770 x 1070mm &#8211; Max. Lagenh\u00f6he 160 mm<\/p>\n","protected":false},"featured_media":19241,"template":"","meta":[],"product_brand":[],"product_cat":[1759],"product_tag":[],"class_list":{"0":"post-7440","1":"product","2":"type-product","3":"status-publish","4":"has-post-thumbnail","6":"product_cat-ruetteltische","7":"pa_baujahr-127","8":"pa_hersteller-baumann-wohlenberg","9":"pa_typ-bsb-3-l","11":"first","12":"instock","13":"sold-individually","14":"taxable","15":"shipping-taxable","16":"purchasable","17":"product-type-simple"},"jetpack_sharing_enabled":true,"_links":{"self":[{"href":"https:\/\/www.3p-gmbh.de\/hi\/wp-json\/wp\/v2\/product\/7440","targetHints":{"allow":["GET"]}}],"collection":[{"href":"https:\/\/www.3p-gmbh.de\/hi\/wp-json\/wp\/v2\/product"}],"about":[{"href":"https:\/\/www.3p-gmbh.de\/hi\/wp-json\/wp\/v2\/types\/product"}],"wp:featuredmedia":[{"embeddable":true,"href":"https:\/\/www.3p-gmbh.de\/hi\/wp-json\/wp\/v2\/media\/19241"}],"wp:attachment":[{"href":"https:\/\/www.3p-gmbh.de\/hi\/wp-json\/wp\/v2\/media?parent=7440"}],"wp:term":[{"taxonomy":"product_brand","embeddable":true,"href":"https:\/\/www.3p-gmbh.de\/hi\/wp-json\/wp\/v2\/product_brand?post=7440"},{"taxonomy":"product_cat","embeddable":true,"href":"https:\/\/www.3p-gmbh.de\/hi\/wp-json\/wp\/v2\/product_cat?post=7440"},{"taxonomy":"product_tag","embeddable":true,"href":"https:\/\/www.3p-gmbh.de\/hi\/wp-json\/wp\/v2\/product_tag?post=7440"}],"curies":[{"name":"wp","href":"https:\/\/api.w.org\/{rel}","templated":true}]}}