{"id":7411,"date":"2019-07-11T13:58:58","date_gmt":"2019-07-11T13:58:58","guid":{"rendered":"http:\/\/www.3p-gmbh.de\/produkt\/palettenlift-2\/"},"modified":"2019-11-12T13:51:05","modified_gmt":"2019-11-12T13:51:05","slug":"palettenlift-2","status":"publish","type":"product","link":"https:\/\/www.3p-gmbh.de\/hi\/produkt\/palettenlift-2\/","title":{"rendered":"Knorr L 350 Palettenlift"},"content":{"rendered":"<p>Durch das automatische Anheben des Schneidgutes kann der Bediener in einer f\u00fcr ihn ergonomisch g\u00fcnstigen Arbeitsh\u00f6he das Material in den R\u00fcttelautomat oder direkt in<br \/>\ndie Schneidmaschine laden. Der Stapellift kann aber auch zum Abstapeln von Schneidgut eingesetzt werden. Knorr Stapellifte muessen nicht im Boden verankert werden und k\u00f6nnen somit leicht umgestellt werden.<\/p>\n<p>Gabel-Innenmasse cm 75 x 50<br \/>\nHub bis 85 cm<br \/>\nTragkraft max. kg 600<\/p>\n","protected":false},"excerpt":{"rendered":"<p>Durch das automatische Anheben des Schneidgutes kann der Bediener in einer f\u00fcr ihn ergonomisch g\u00fcnstigen Arbeitsh\u00f6he das Material in den R\u00fcttelautomat oder direkt in die Schneidmaschine laden. Der Stapellift kann aber auch zum Abstapeln von Schneidgut eingesetzt werden. Knorr Stapellifte muessen nicht im Boden verankert werden und k\u00f6nnen somit leicht umgestellt werden. Gabel-Innenmasse cm 75 [&hellip;]<\/p>\n","protected":false},"featured_media":3537,"template":"","meta":[],"product_brand":[],"product_cat":[1761],"product_tag":[],"class_list":{"0":"post-7411","1":"product","2":"type-product","3":"status-publish","4":"has-post-thumbnail","6":"product_cat-stapelheber-stapellifte","7":"pa_baujahr-158","8":"pa_hersteller-knorr","9":"pa_typ-l-350","11":"first","12":"instock","13":"sold-individually","14":"taxable","15":"shipping-taxable","16":"purchasable","17":"product-type-simple"},"jetpack_sharing_enabled":true,"_links":{"self":[{"href":"https:\/\/www.3p-gmbh.de\/hi\/wp-json\/wp\/v2\/product\/7411","targetHints":{"allow":["GET"]}}],"collection":[{"href":"https:\/\/www.3p-gmbh.de\/hi\/wp-json\/wp\/v2\/product"}],"about":[{"href":"https:\/\/www.3p-gmbh.de\/hi\/wp-json\/wp\/v2\/types\/product"}],"wp:featuredmedia":[{"embeddable":true,"href":"https:\/\/www.3p-gmbh.de\/hi\/wp-json\/wp\/v2\/media\/3537"}],"wp:attachment":[{"href":"https:\/\/www.3p-gmbh.de\/hi\/wp-json\/wp\/v2\/media?parent=7411"}],"wp:term":[{"taxonomy":"product_brand","embeddable":true,"href":"https:\/\/www.3p-gmbh.de\/hi\/wp-json\/wp\/v2\/product_brand?post=7411"},{"taxonomy":"product_cat","embeddable":true,"href":"https:\/\/www.3p-gmbh.de\/hi\/wp-json\/wp\/v2\/product_cat?post=7411"},{"taxonomy":"product_tag","embeddable":true,"href":"https:\/\/www.3p-gmbh.de\/hi\/wp-json\/wp\/v2\/product_tag?post=7411"}],"curies":[{"name":"wp","href":"https:\/\/api.w.org\/{rel}","templated":true}]}}