{"id":7393,"date":"2019-07-11T13:58:49","date_gmt":"2019-07-11T13:58:49","guid":{"rendered":"http:\/\/www.3p-gmbh.de\/produkt\/vollautomatische-hochleisungsstanze\/"},"modified":"2019-11-12T14:12:13","modified_gmt":"2019-11-12T14:12:13","slug":"vollautomatische-hochleisungsstanze","status":"publish","type":"product","link":"https:\/\/www.3p-gmbh.de\/hi\/produkt\/vollautomatische-hochleisungsstanze\/","title":{"rendered":"Renz 341-2 R vollautomatische Hochleisungsstanze"},"content":{"rendered":"<p>Vollautomatische Hochleisungsstanze Renz Kugler 341-2R f\u00fcr Kalender und Ringb\u00fccher<br \/>\n1 Werkzeug fuer Kalender (50cm, Teilung 3:1, 4,5&#215;4,5mm mit Daumenloch)<br \/>\n1 Werkzeug fuer Ringb\u00fccher (ca 32cm, Teilung 3:1, 6,5&#215;6,5mm)<br \/>\n1 Werkzeug fuer Ringb\u00fccher ( (ca. 32cm, Teilung 2:1, Rundloch 4.5mm)<\/p>\n<p>Von einer Person bequem zu bedienen, arbeiten Kugler Stanzmaschinen auf kleinstem Raum. Mit Non-Stop-Anleger und schonendem Materialeinzug von oben. Problemlose Verarbeitung von gemischten Materialien (z.B. Karton und Kunststoff). Pr\u00e4zises Ausrichten vor dem Stanzvorgang sorgt f\u00fcr h\u00f6chste Genauigkeit. Zum Perforieren von Ringbucheinlagen, Kalender- und Registerbl\u00e4tter aus Karton und Kunststoff, Papier f\u00fcr drahtgebundene Artikel und vieles mehr.<\/p>\n<p>Der Werkzeugwechsel erfordert nur wenige Handgriffe. Ein Wenderad garantiert nach dem Stanzen die Einhaltung der Reihenfolge bei bedruckten und nummerierten Produkten die in eine Auslage transportiert werden. Pr\u00e4zise und einfachste Verstellung f\u00fcr Register.<\/p>\n<p>Leistungsmerkmale<br \/>\n&#8211; sehr wartungsarm<br \/>\n&#8211; hohe Effizienz<br \/>\n&#8211; bedienerfreundlich<br \/>\n&#8211; schnellste Formatumstellung<\/p>\n<p>Technische Daten<br \/>\n&#8211; Arbeitsbreite: 500 mm<br \/>\n&#8211; Formatbereich gestanzte Seite: max. 500 mm<br \/>\n&#8211; Formatbereich ungestanzte Seite: max. 500 mm<br \/>\n&#8211; Stanzst\u00e4rke: max. 3 mm je Lage<br \/>\n&#8211; Stanzgeschwindigkeit: 110 Takte<br \/>\n&#8211; Papieranlage: automatisch mit Non-Stop Paternoster-Anleger<br \/>\n&#8211; Papierauslage: automatisch in Kastenauslage mit R\u00fcttler<br \/>\n&#8211; Papiergrammatur: min. 60 gr.\/m\u00b2, max. 2 mm (Einschr\u00e4nkungen aufgrund der Papiergrammatur\/Qualit\u00e4t sind m\u00f6glich)<br \/>\n&#8211; Registerstanzung: ja (nicht im Lieferumfang)<br \/>\n&#8211; austauschbare Werkzeuge<br \/>\n&#8211; der Werkzeugwechsel erfordert nur wenige Handgriffe<br \/>\n&#8211; schneller Formatwechsel durch Hand-Einstellraeder<br \/>\n&#8211; verstellbarer Randabstand<br \/>\n&#8211; ausschaltbare Stanzstempel<br \/>\n&#8211; Platzbedarf: 3,30 x 1,50 m<br \/>\n&#8211; Gewicht netto 1580 kg<\/p>\n","protected":false},"excerpt":{"rendered":"<p>Vollautomatische Hochleisungsstanze Renz Kugler 341-2R f\u00fcr Kalender und Ringb\u00fccher 1 Werkzeug fuer Kalender (50cm, Teilung 3:1, 4,5&#215;4,5mm mit Daumenloch) 1 Werkzeug fuer Ringb\u00fccher (ca 32cm, Teilung 3:1, 6,5&#215;6,5mm) 1 Werkzeug fuer Ringb\u00fccher ( (ca. 32cm, Teilung 2:1, Rundloch 4.5mm) Von einer Person bequem zu bedienen, arbeiten Kugler Stanzmaschinen auf kleinstem Raum. Mit Non-Stop-Anleger und schonendem [&hellip;]<\/p>\n","protected":false},"featured_media":8298,"template":"","meta":[],"product_brand":[],"product_cat":[1760],"product_tag":[],"class_list":{"0":"post-7393","1":"product","2":"type-product","3":"status-publish","4":"has-post-thumbnail","6":"product_cat-stanzen","7":"pa_baujahr-158","8":"pa_hersteller-renz-kugler-womako","9":"pa_typ-341-2r","11":"first","12":"instock","13":"sold-individually","14":"taxable","15":"shipping-taxable","16":"purchasable","17":"product-type-simple"},"jetpack_sharing_enabled":true,"_links":{"self":[{"href":"https:\/\/www.3p-gmbh.de\/hi\/wp-json\/wp\/v2\/product\/7393","targetHints":{"allow":["GET"]}}],"collection":[{"href":"https:\/\/www.3p-gmbh.de\/hi\/wp-json\/wp\/v2\/product"}],"about":[{"href":"https:\/\/www.3p-gmbh.de\/hi\/wp-json\/wp\/v2\/types\/product"}],"wp:featuredmedia":[{"embeddable":true,"href":"https:\/\/www.3p-gmbh.de\/hi\/wp-json\/wp\/v2\/media\/8298"}],"wp:attachment":[{"href":"https:\/\/www.3p-gmbh.de\/hi\/wp-json\/wp\/v2\/media?parent=7393"}],"wp:term":[{"taxonomy":"product_brand","embeddable":true,"href":"https:\/\/www.3p-gmbh.de\/hi\/wp-json\/wp\/v2\/product_brand?post=7393"},{"taxonomy":"product_cat","embeddable":true,"href":"https:\/\/www.3p-gmbh.de\/hi\/wp-json\/wp\/v2\/product_cat?post=7393"},{"taxonomy":"product_tag","embeddable":true,"href":"https:\/\/www.3p-gmbh.de\/hi\/wp-json\/wp\/v2\/product_tag?post=7393"}],"curies":[{"name":"wp","href":"https:\/\/api.w.org\/{rel}","templated":true}]}}