{"id":7391,"date":"2019-07-11T13:58:49","date_gmt":"2019-07-11T13:58:49","guid":{"rendered":"http:\/\/www.3p-gmbh.de\/produkt\/kleine-broschurenfertigung\/"},"modified":"2019-11-12T14:06:24","modified_gmt":"2019-11-12T14:06:24","slug":"kleine-broschurenfertigung","status":"publish","type":"product","link":"https:\/\/www.3p-gmbh.de\/hi\/produkt\/kleine-broschurenfertigung\/","title":{"rendered":"Ernst Nagel\/Watkiss kleine Brosch\u00fcrenfertigung"},"content":{"rendered":"<p>Saugluft Zusammentragturm Watkiss Vario<br \/>\n8 Stationen Hochstapel bis 8 cm mit Saugerleiste<br \/>\nKontrolle f\u00fcr Fehlblatt, Doppelblatt, Stau und Station leer<br \/>\nmin. Papierformat 130 x 160mm<br \/>\nmax. Papierformat364 x 520mm<br \/>\nPapiergewichte von 40 bis 300 g<br \/>\nSammelleistung bis zu 4.000 S\u00e4tze\/Stunde<\/p>\n<p>Brosch\u00fcrenhefter &#8211; Nagel Foldnak 8<br \/>\nBrosch\u00fcren in einem Arbeitsgang, automatische Ausl\u00f6sung, Glattstosseinrichtung, Magazin- und Fehlheftungskontrolle, Z\u00e4hler, bewegliche Klammerumbieger, Heft- und Ringklammern im gleichen Heftkopf, Format-Wechsel in ca. 1 min.<br \/>\nOn-Line Eckenheftung<br \/>\nBrosch\u00fcrenumfang bis 100 Seiten (80 g\/m\u00b2 Papier)<br \/>\nPapier-Formate DIN A5, A4, A3, A3+, SRA3 (und jedes Zwischenformat)<br \/>\nBrosch\u00fcrenformate DIN A4, A5, A6 (und jedes Zwischenformat)<br \/>\nUmschlag Karton bis ca. 300 g\/m\u00b2<br \/>\nHeftk\u00f6pfe 2 (option: 4 maximal) mit Magazinkontrolle.<br \/>\nKeine Einstellung auf Papierdicke erforderlich.<br \/>\nHeftkopfpositionen in mm 30 x 50 x 80 x 50 x 30<br \/>\nKlammerumbieger Clincher (bewegliche Umbieger)<br \/>\nKlammertypen Ringklammern Ri 26\/6<br \/>\nHeftklammern 26\/6, 26\/8, 26\/8S<br \/>\nProduktionsleistung bis zu 2.000 Brosch\u00fcren\/Stunde<br \/>\nSchuppenauslage elektrisch, Hub einstellbar<br \/>\nBlockheftung On-Line, bis 40 Blatt<br \/>\nAnschluss 230 V, 50 Hz, 300 W<\/p>\n","protected":false},"excerpt":{"rendered":"<p>Saugluft Zusammentragturm Watkiss Vario 8 Stationen Hochstapel bis 8 cm mit Saugerleiste Kontrolle f\u00fcr Fehlblatt, Doppelblatt, Stau und Station leer min. Papierformat 130 x 160mm max. Papierformat364 x 520mm Papiergewichte von 40 bis 300 g Sammelleistung bis zu 4.000 S\u00e4tze\/Stunde Brosch\u00fcrenhefter &#8211; Nagel Foldnak 8 Brosch\u00fcren in einem Arbeitsgang, automatische Ausl\u00f6sung, Glattstosseinrichtung, Magazin- und Fehlheftungskontrolle, [&hellip;]<\/p>\n","protected":false},"featured_media":3463,"template":"","meta":[],"product_brand":[],"product_cat":[1747],"product_tag":[],"class_list":{"0":"post-7391","1":"product","2":"type-product","3":"status-publish","4":"has-post-thumbnail","6":"product_cat-broschuerenfertigungssysteme","7":"pa_baujahr-158","8":"pa_hersteller-watkiss-ernst-nagel","9":"pa_typ-vario-foldnak-8","11":"first","12":"instock","13":"sold-individually","14":"taxable","15":"shipping-taxable","16":"purchasable","17":"product-type-simple"},"jetpack_sharing_enabled":true,"_links":{"self":[{"href":"https:\/\/www.3p-gmbh.de\/hi\/wp-json\/wp\/v2\/product\/7391","targetHints":{"allow":["GET"]}}],"collection":[{"href":"https:\/\/www.3p-gmbh.de\/hi\/wp-json\/wp\/v2\/product"}],"about":[{"href":"https:\/\/www.3p-gmbh.de\/hi\/wp-json\/wp\/v2\/types\/product"}],"wp:featuredmedia":[{"embeddable":true,"href":"https:\/\/www.3p-gmbh.de\/hi\/wp-json\/wp\/v2\/media\/3463"}],"wp:attachment":[{"href":"https:\/\/www.3p-gmbh.de\/hi\/wp-json\/wp\/v2\/media?parent=7391"}],"wp:term":[{"taxonomy":"product_brand","embeddable":true,"href":"https:\/\/www.3p-gmbh.de\/hi\/wp-json\/wp\/v2\/product_brand?post=7391"},{"taxonomy":"product_cat","embeddable":true,"href":"https:\/\/www.3p-gmbh.de\/hi\/wp-json\/wp\/v2\/product_cat?post=7391"},{"taxonomy":"product_tag","embeddable":true,"href":"https:\/\/www.3p-gmbh.de\/hi\/wp-json\/wp\/v2\/product_tag?post=7391"}],"curies":[{"name":"wp","href":"https:\/\/api.w.org\/{rel}","templated":true}]}}