{"id":7329,"date":"2019-07-11T13:58:15","date_gmt":"2019-07-11T13:58:15","guid":{"rendered":"http:\/\/www.3p-gmbh.de\/produkt\/digitalbogenanleger-broschurenfertigung\/"},"modified":"2019-11-12T15:53:45","modified_gmt":"2019-11-12T15:53:45","slug":"digitalbogenanleger-broschurenfertigung","status":"publish","type":"product","link":"https:\/\/www.3p-gmbh.de\/hi\/produkt\/digitalbogenanleger-broschurenfertigung\/","title":{"rendered":"FKS Duplo DSF 2000 &#8211; 120 Digitalbogenanleger Brosch\u00fcrenfertigung"},"content":{"rendered":"<p>Satzweises Verarbeitung digital gedruckter Bogen mit und ohne Umschlageinschuss, bestehend aus:<br \/>\n&#8211; DSF 2000 Sheet Feeder<br \/>\n&#8211; Heft-\/Falzautomat DBM 120<br \/>\n&#8211; Fronttrimmer DBM 120 T<\/p>\n<p>Einzugsystem: Saugband Papierformate: L\u00e4nge: 279 bis 450 mm, Breite: 210 bis 320 mm<br \/>\nVorstapelh\u00f6he: Papierfach A: 200 mm, Papierfach B: 60 mm<br \/>\nGeschwindigkeit: max. 150 Blatt\/Minute<\/p>\n<p>Der Digitalbogenanleger DSF-2000 mit einem Zweistationen-Zuf\u00fchrsystem ist der Schl\u00fcssel f\u00fcr die optimale Weiterverarbeitung von Digital-Drucken. Eine Station f\u00fcr Brosch\u00fcrencover und\/oder Einschussbogen und eine Station f\u00fcr bereits digital sortiert gedruckte Innenseiten. Die Bedienung erfolgt \u00fcber die Men\u00fcsteuerung des Bogenanlegers. Die komplette Brosch\u00fcrenstrasse stellt sich automatisch auf das im Bogenanleger angelegte Format ein. Die durch den Bogenanleger konfektionierten Blatts\u00e4tze werden im Brosch\u00fcrenautomat FKS\/Duplo DBM 120-SxS gesammelt, geheftet und gefalzt. Der Trimmer sorgt dann f\u00fcr ein perfektes Finish ihrer Produkte.<\/p>\n<p>Serienm\u00e4ssige Ausstattung: Papierwendeeinrichtung<\/p>\n","protected":false},"excerpt":{"rendered":"<p>Satzweises Verarbeitung digital gedruckter Bogen mit und ohne Umschlageinschuss, bestehend aus: &#8211; DSF 2000 Sheet Feeder &#8211; Heft-\/Falzautomat DBM 120 &#8211; Fronttrimmer DBM 120 T Einzugsystem: Saugband Papierformate: L\u00e4nge: 279 bis 450 mm, Breite: 210 bis 320 mm Vorstapelh\u00f6he: Papierfach A: 200 mm, Papierfach B: 60 mm Geschwindigkeit: max. 150 Blatt\/Minute Der Digitalbogenanleger DSF-2000 mit [&hellip;]<\/p>\n","protected":false},"featured_media":3222,"template":"","meta":[],"product_brand":[],"product_cat":[1747],"product_tag":[],"class_list":{"0":"post-7329","1":"product","2":"type-product","3":"status-publish","4":"has-post-thumbnail","6":"product_cat-broschuerenfertigungssysteme","7":"pa_baujahr-326","8":"pa_hersteller-fks-duplo","9":"pa_typ-dsf-2000-120","11":"first","12":"instock","13":"sold-individually","14":"taxable","15":"shipping-taxable","16":"purchasable","17":"product-type-simple"},"jetpack_sharing_enabled":true,"_links":{"self":[{"href":"https:\/\/www.3p-gmbh.de\/hi\/wp-json\/wp\/v2\/product\/7329","targetHints":{"allow":["GET"]}}],"collection":[{"href":"https:\/\/www.3p-gmbh.de\/hi\/wp-json\/wp\/v2\/product"}],"about":[{"href":"https:\/\/www.3p-gmbh.de\/hi\/wp-json\/wp\/v2\/types\/product"}],"wp:featuredmedia":[{"embeddable":true,"href":"https:\/\/www.3p-gmbh.de\/hi\/wp-json\/wp\/v2\/media\/3222"}],"wp:attachment":[{"href":"https:\/\/www.3p-gmbh.de\/hi\/wp-json\/wp\/v2\/media?parent=7329"}],"wp:term":[{"taxonomy":"product_brand","embeddable":true,"href":"https:\/\/www.3p-gmbh.de\/hi\/wp-json\/wp\/v2\/product_brand?post=7329"},{"taxonomy":"product_cat","embeddable":true,"href":"https:\/\/www.3p-gmbh.de\/hi\/wp-json\/wp\/v2\/product_cat?post=7329"},{"taxonomy":"product_tag","embeddable":true,"href":"https:\/\/www.3p-gmbh.de\/hi\/wp-json\/wp\/v2\/product_tag?post=7329"}],"curies":[{"name":"wp","href":"https:\/\/api.w.org\/{rel}","templated":true}]}}