{"id":7291,"date":"2019-07-11T13:57:54","date_gmt":"2019-07-11T13:57:54","guid":{"rendered":"http:\/\/www.3p-gmbh.de\/produkt\/spaenabtransport\/"},"modified":"2019-08-09T09:20:26","modified_gmt":"2019-08-09T09:20:26","slug":"spaenabtransport","status":"publish","type":"product","link":"https:\/\/www.3p-gmbh.de\/hi\/produkt\/spaenabtransport\/","title":{"rendered":"Gerhard Busch KF 145 Sp\u00e4nabtransport"},"content":{"rendered":"<p>Die Sp\u00e4nef\u00f6rderb\u00e4nder eignen sich zum Anschlu\u00df an Sammelhefter, Klebebinder, Dreischneider, hierbei erfolgt der Sp\u00e4neabtransport im rechten Winkel vom Dreischneider weg. Die Kombination aus Hilfsf\u00f6rderband (HF) und Sp\u00e4nef\u00f6rderband (KF) l\u00e4sst sich entsprechend den r\u00e4umlichen Verh\u00e4ltnissen aufstellen, d.h. links- oder rechtsseitig vom Dreischneider.<\/p>\n","protected":false},"excerpt":{"rendered":"<p>Die Sp\u00e4nef\u00f6rderb\u00e4nder eignen sich zum Anschlu\u00df an Sammelhefter, Klebebinder, Dreischneider, hierbei erfolgt der Sp\u00e4neabtransport im rechten Winkel vom Dreischneider weg. Die Kombination aus Hilfsf\u00f6rderband (HF) und Sp\u00e4nef\u00f6rderband (KF) l\u00e4sst sich entsprechend den r\u00e4umlichen Verh\u00e4ltnissen aufstellen, d.h. links- oder rechtsseitig vom Dreischneider.<\/p>\n","protected":false},"featured_media":8598,"template":"","meta":[],"product_brand":[],"product_cat":[86],"product_tag":[],"class_list":{"0":"post-7291","1":"product","2":"type-product","3":"status-publish","4":"has-post-thumbnail","6":"product_cat-sammelhefter","7":"pa_baujahr-452","8":"pa_hersteller-gerhard-busch","9":"pa_typ-buschgraph-kf-145-mit-hf-35","11":"first","12":"instock","13":"sold-individually","14":"taxable","15":"shipping-taxable","16":"purchasable","17":"product-type-simple"},"jetpack_sharing_enabled":true,"_links":{"self":[{"href":"https:\/\/www.3p-gmbh.de\/hi\/wp-json\/wp\/v2\/product\/7291","targetHints":{"allow":["GET"]}}],"collection":[{"href":"https:\/\/www.3p-gmbh.de\/hi\/wp-json\/wp\/v2\/product"}],"about":[{"href":"https:\/\/www.3p-gmbh.de\/hi\/wp-json\/wp\/v2\/types\/product"}],"wp:featuredmedia":[{"embeddable":true,"href":"https:\/\/www.3p-gmbh.de\/hi\/wp-json\/wp\/v2\/media\/8598"}],"wp:attachment":[{"href":"https:\/\/www.3p-gmbh.de\/hi\/wp-json\/wp\/v2\/media?parent=7291"}],"wp:term":[{"taxonomy":"product_brand","embeddable":true,"href":"https:\/\/www.3p-gmbh.de\/hi\/wp-json\/wp\/v2\/product_brand?post=7291"},{"taxonomy":"product_cat","embeddable":true,"href":"https:\/\/www.3p-gmbh.de\/hi\/wp-json\/wp\/v2\/product_cat?post=7291"},{"taxonomy":"product_tag","embeddable":true,"href":"https:\/\/www.3p-gmbh.de\/hi\/wp-json\/wp\/v2\/product_tag?post=7291"}],"curies":[{"name":"wp","href":"https:\/\/api.w.org\/{rel}","templated":true}]}}