{"id":7275,"date":"2019-07-11T13:57:47","date_gmt":"2019-07-11T13:57:47","guid":{"rendered":"http:\/\/www.3p-gmbh.de\/produkt\/sammelhefter-3\/"},"modified":"2019-08-09T10:17:53","modified_gmt":"2019-08-09T10:17:53","slug":"sammelhefter-3","status":"publish","type":"product","link":"https:\/\/www.3p-gmbh.de\/hi\/produkt\/sammelhefter-3\/","title":{"rendered":"Heidelberg Stahl Stitchmaster ST 450 Sammelhefter"},"content":{"rendered":"<ul>\n<li>Grossbildanzeige<\/li>\n<li>8 Kettenuntergestelle mit Schwert KUS<\/li>\n<li>4 stehende Anleger DVU 450 mit getakteter Blasluft<\/li>\n<li>2 liegende Anleger DHU 450 mit getakteter Blasluft<\/li>\n<li>1 Kartenfalzanleger CHU 450 mit Rillsegmenten<\/li>\n<li>Blasluft f\u00fcr Leerfeld<\/li>\n<li>Blasluft zwischen den Anlegern<\/li>\n<li>1 Hefter HS 450<\/li>\n<li>Heftdrahttransporteinrichtung<\/li>\n<li>Grossspulentr\u00e4ger f\u00fcr Draht<\/li>\n<li>Fehlbogenauslage mit Intervall<\/li>\n<li>Breitenkontrolle<\/li>\n<li>Schnellwechseleinrichtung f\u00fcr Heftk\u00f6pfe<\/li>\n<li>1 Heftklammerkontrolle von unten HKKU<\/li>\n<li>4 Heftk\u00f6pfe 45-N14-24<\/li>\n<li>4 Ring\u00f6senheftk\u00f6pfe Hohner 50-L6<\/li>\n<li>1 Trimmer TR 450<\/li>\n<li>universelle Kleinformattransporteinrichtung 64&#215;120<\/li>\n<li>Lufteinrichtung fuer zwei Stanzmesser<\/li>\n<li>Mittelschnitteinrichtung<\/li>\n<li>Schnittkontrolle<\/li>\n<li>Trioschnitteinrichtung<\/li>\n<li>\u00dcberleitmarkiertisch ULMW mit Ausschlussweiche<\/li>\n<li>Kreuzleger HD automatisch<\/li>\n<li>Auslageband 832mm<\/li>\n<li>Tunnel 832 mit Teleskopf\u00fchrung Telem<\/li>\n<li>Servoausstosser<\/li>\n<li>mobiler Abnahmetisch 1200mm MT 1200<\/li>\n<li>Sp\u00e4netransportband<\/li>\n<\/ul>\n","protected":false},"excerpt":{"rendered":"<p>Grossbildanzeige 8 Kettenuntergestelle mit Schwert KUS 4 stehende Anleger DVU 450 mit getakteter Blasluft 2 liegende Anleger DHU 450 mit getakteter Blasluft 1 Kartenfalzanleger CHU 450 mit Rillsegmenten Blasluft f\u00fcr Leerfeld Blasluft zwischen den Anlegern 1 Hefter HS 450 Heftdrahttransporteinrichtung Grossspulentr\u00e4ger f\u00fcr Draht Fehlbogenauslage mit Intervall Breitenkontrolle Schnellwechseleinrichtung f\u00fcr Heftk\u00f6pfe 1 Heftklammerkontrolle von unten HKKU [&hellip;]<\/p>\n","protected":false},"featured_media":2993,"template":"","meta":[],"product_brand":[],"product_cat":[86],"product_tag":[],"class_list":{"0":"post-7275","1":"product","2":"type-product","3":"status-publish","4":"has-post-thumbnail","6":"product_cat-sammelhefter","7":"pa_baujahr-140","8":"pa_hersteller-heidelberg-stahl","9":"pa_typ-stitchmaster-st-450","11":"first","12":"instock","13":"sold-individually","14":"taxable","15":"shipping-taxable","16":"purchasable","17":"product-type-simple"},"jetpack_sharing_enabled":true,"_links":{"self":[{"href":"https:\/\/www.3p-gmbh.de\/hi\/wp-json\/wp\/v2\/product\/7275","targetHints":{"allow":["GET"]}}],"collection":[{"href":"https:\/\/www.3p-gmbh.de\/hi\/wp-json\/wp\/v2\/product"}],"about":[{"href":"https:\/\/www.3p-gmbh.de\/hi\/wp-json\/wp\/v2\/types\/product"}],"wp:featuredmedia":[{"embeddable":true,"href":"https:\/\/www.3p-gmbh.de\/hi\/wp-json\/wp\/v2\/media\/2993"}],"wp:attachment":[{"href":"https:\/\/www.3p-gmbh.de\/hi\/wp-json\/wp\/v2\/media?parent=7275"}],"wp:term":[{"taxonomy":"product_brand","embeddable":true,"href":"https:\/\/www.3p-gmbh.de\/hi\/wp-json\/wp\/v2\/product_brand?post=7275"},{"taxonomy":"product_cat","embeddable":true,"href":"https:\/\/www.3p-gmbh.de\/hi\/wp-json\/wp\/v2\/product_cat?post=7275"},{"taxonomy":"product_tag","embeddable":true,"href":"https:\/\/www.3p-gmbh.de\/hi\/wp-json\/wp\/v2\/product_tag?post=7275"}],"curies":[{"name":"wp","href":"https:\/\/api.w.org\/{rel}","templated":true}]}}