{"id":7270,"date":"2019-07-11T13:57:47","date_gmt":"2019-07-11T13:57:47","guid":{"rendered":"http:\/\/www.3p-gmbh.de\/produkt\/klopfer-einkopf-drahtheftmaschine\/"},"modified":"2019-08-09T09:58:26","modified_gmt":"2019-08-09T09:58:26","slug":"klopfer-einkopf-drahtheftmaschine","status":"publish","type":"product","link":"https:\/\/www.3p-gmbh.de\/hi\/produkt\/klopfer-einkopf-drahtheftmaschine\/","title":{"rendered":"Hohner Economy 25\/40 Drahtheftmaschine"},"content":{"rendered":"<ul>\n<li>f\u00fcr Bl\u00f6cke und Brosch\u00fcren mit Normal- oder Ring\u00f6senheftung (Option)<\/li>\n<li>Grundsolide Konstruktion mit hoher Stabilit\u00e4t f\u00fcr saubere Heftungen<\/li>\n<li>Tisch durch Handgriff verstellbar: gerade f\u00fcr Bl\u00f6cke, schr\u00e4g f\u00fcr Brosch\u00fcren<\/li>\n<li>Ausl\u00f6sung mit Fusstaster, beide H\u00e4nde zum Anlegen frei<\/li>\n<li>L\u00e4nge Klammerr\u00fccken 14mm<\/li>\n<li>Rollen- und R\u00f6hrendrahtrichter f\u00fcr zuverl\u00e4ssige Heft-Ergebnisse auch bei gr\u00f6sseren Heftst\u00e4rken<\/li>\n<li>Heftst\u00e4rke: 2 Blatt &#8211; 25 mm mit umgelegter Klammer, bis 40 mm beidseitig eingestochen<\/li>\n<li>geeignet f\u00fcr Heftdraht Nr. 21-30<\/li>\n<li>maximale Heftleistung: 206 Klammern \/ min<\/li>\n<li>Tischgr\u00f6sse: 700 x 240 mm<\/li>\n<\/ul>\n","protected":false},"excerpt":{"rendered":"<p>f\u00fcr Bl\u00f6cke und Brosch\u00fcren mit Normal- oder Ring\u00f6senheftung (Option) Grundsolide Konstruktion mit hoher Stabilit\u00e4t f\u00fcr saubere Heftungen Tisch durch Handgriff verstellbar: gerade f\u00fcr Bl\u00f6cke, schr\u00e4g f\u00fcr Brosch\u00fcren Ausl\u00f6sung mit Fusstaster, beide H\u00e4nde zum Anlegen frei L\u00e4nge Klammerr\u00fccken 14mm Rollen- und R\u00f6hrendrahtrichter f\u00fcr zuverl\u00e4ssige Heft-Ergebnisse auch bei gr\u00f6sseren Heftst\u00e4rken Heftst\u00e4rke: 2 Blatt &#8211; 25 mm mit [&hellip;]<\/p>\n","protected":false},"featured_media":2971,"template":"","meta":[],"product_brand":[],"product_cat":[86],"product_tag":[],"class_list":{"0":"post-7270","1":"product","2":"type-product","3":"status-publish","4":"has-post-thumbnail","6":"product_cat-sammelhefter","7":"pa_baujahr-198","8":"pa_hersteller-hohner","9":"pa_typ-economy-25-40","11":"first","12":"instock","13":"sold-individually","14":"taxable","15":"shipping-taxable","16":"purchasable","17":"product-type-simple"},"jetpack_sharing_enabled":true,"_links":{"self":[{"href":"https:\/\/www.3p-gmbh.de\/hi\/wp-json\/wp\/v2\/product\/7270","targetHints":{"allow":["GET"]}}],"collection":[{"href":"https:\/\/www.3p-gmbh.de\/hi\/wp-json\/wp\/v2\/product"}],"about":[{"href":"https:\/\/www.3p-gmbh.de\/hi\/wp-json\/wp\/v2\/types\/product"}],"wp:featuredmedia":[{"embeddable":true,"href":"https:\/\/www.3p-gmbh.de\/hi\/wp-json\/wp\/v2\/media\/2971"}],"wp:attachment":[{"href":"https:\/\/www.3p-gmbh.de\/hi\/wp-json\/wp\/v2\/media?parent=7270"}],"wp:term":[{"taxonomy":"product_brand","embeddable":true,"href":"https:\/\/www.3p-gmbh.de\/hi\/wp-json\/wp\/v2\/product_brand?post=7270"},{"taxonomy":"product_cat","embeddable":true,"href":"https:\/\/www.3p-gmbh.de\/hi\/wp-json\/wp\/v2\/product_cat?post=7270"},{"taxonomy":"product_tag","embeddable":true,"href":"https:\/\/www.3p-gmbh.de\/hi\/wp-json\/wp\/v2\/product_tag?post=7270"}],"curies":[{"name":"wp","href":"https:\/\/api.w.org\/{rel}","templated":true}]}}