{"id":7257,"date":"2019-07-11T13:57:32","date_gmt":"2019-07-11T13:57:32","guid":{"rendered":"http:\/\/www.3p-gmbh.de\/produkt\/anreibemaschine-2\/"},"modified":"2019-11-08T09:34:00","modified_gmt":"2019-11-08T09:34:00","slug":"anreibemaschine-2","status":"publish","type":"product","link":"https:\/\/www.3p-gmbh.de\/hi\/produkt\/anreibemaschine-2\/","title":{"rendered":"Fournit 780 Anreibemaschine"},"content":{"rendered":"<ul>\n<li>Anreibemaschine f\u00fcr alle \u00dcberzieh- und Kaschierarbeiten<\/li>\n<li>zum schnellen, sauberen und gleichm\u00e4ssigen Anpressen von Bucheinbanddecken, Mappen, Plakaten, Displays etc.<\/li>\n<li>Antrieb 220 V<\/li>\n<li>fahrbares Untergestell<\/li>\n<li>Walzenbreite 780 mm<\/li>\n<\/ul>\n","protected":false},"excerpt":{"rendered":"<p>Anreibemaschine f\u00fcr alle \u00dcberzieh- und Kaschierarbeiten zum schnellen, sauberen und gleichm\u00e4ssigen Anpressen von Bucheinbanddecken, Mappen, Plakaten, Displays etc. Antrieb 220 V fahrbares Untergestell Walzenbreite 780 mm<\/p>\n","protected":false},"featured_media":2924,"template":"","meta":[],"product_brand":[],"product_cat":[1764],"product_tag":[],"class_list":{"0":"post-7257","1":"product","2":"type-product","3":"status-publish","4":"has-post-thumbnail","6":"product_cat-sortimentsbuchbinderei","7":"pa_hersteller-fournit-ag","8":"pa_typ-anreibemaschine-780","10":"first","11":"instock","12":"sold-individually","13":"taxable","14":"shipping-taxable","15":"purchasable","16":"product-type-simple"},"jetpack_sharing_enabled":true,"_links":{"self":[{"href":"https:\/\/www.3p-gmbh.de\/hi\/wp-json\/wp\/v2\/product\/7257","targetHints":{"allow":["GET"]}}],"collection":[{"href":"https:\/\/www.3p-gmbh.de\/hi\/wp-json\/wp\/v2\/product"}],"about":[{"href":"https:\/\/www.3p-gmbh.de\/hi\/wp-json\/wp\/v2\/types\/product"}],"wp:featuredmedia":[{"embeddable":true,"href":"https:\/\/www.3p-gmbh.de\/hi\/wp-json\/wp\/v2\/media\/2924"}],"wp:attachment":[{"href":"https:\/\/www.3p-gmbh.de\/hi\/wp-json\/wp\/v2\/media?parent=7257"}],"wp:term":[{"taxonomy":"product_brand","embeddable":true,"href":"https:\/\/www.3p-gmbh.de\/hi\/wp-json\/wp\/v2\/product_brand?post=7257"},{"taxonomy":"product_cat","embeddable":true,"href":"https:\/\/www.3p-gmbh.de\/hi\/wp-json\/wp\/v2\/product_cat?post=7257"},{"taxonomy":"product_tag","embeddable":true,"href":"https:\/\/www.3p-gmbh.de\/hi\/wp-json\/wp\/v2\/product_tag?post=7257"}],"curies":[{"name":"wp","href":"https:\/\/api.w.org\/{rel}","templated":true}]}}