{"id":7248,"date":"2019-07-11T13:57:32","date_gmt":"2019-07-11T13:57:32","guid":{"rendered":"http:\/\/www.3p-gmbh.de\/produkt\/blockleimpresse-2\/"},"modified":"2019-11-08T09:41:24","modified_gmt":"2019-11-08T09:41:24","slug":"blockleimpresse-2","status":"publish","type":"product","link":"https:\/\/www.3p-gmbh.de\/hi\/produkt\/blockleimpresse-2\/","title":{"rendered":"M\u00fcro 5000 A4 WT Blockleimpresse"},"content":{"rendered":"<ul>\n<li>fahrbares Untergestell<\/li>\n<li>Warmluftgebl\u00e4setrocknung<\/li>\n<li>W\u00e4rmestaublech f\u00fcr gleichm\u00e4ssige Trocknung und Presseinsatz f\u00fcr kleinere Stapel<\/li>\n<li>Aufnahmekapazit\u00e4t f\u00fcr A 4-Stapel<\/li>\n<li>Verleimung von Formulars\u00e4tzen oder Brosch\u00fcren DIN A 5<\/li>\n<li>Stapelh\u00f6he: 50 cm<\/li>\n<li>Pressenbreite: 35 cm<\/li>\n<li>Pressentiefe: 32 cm<\/li>\n<\/ul>\n","protected":false},"excerpt":{"rendered":"<p>fahrbares Untergestell Warmluftgebl\u00e4setrocknung W\u00e4rmestaublech f\u00fcr gleichm\u00e4ssige Trocknung und Presseinsatz f\u00fcr kleinere Stapel Aufnahmekapazit\u00e4t f\u00fcr A 4-Stapel Verleimung von Formulars\u00e4tzen oder Brosch\u00fcren DIN A 5 Stapelh\u00f6he: 50 cm Pressenbreite: 35 cm Pressentiefe: 32 cm<\/p>\n","protected":false},"featured_media":2894,"template":"","meta":[],"product_brand":[],"product_cat":[1764],"product_tag":[],"class_list":{"0":"post-7248","1":"product","2":"type-product","3":"status-publish","4":"has-post-thumbnail","6":"product_cat-sortimentsbuchbinderei","7":"pa_baujahr-326","8":"pa_hersteller-muero","9":"pa_typ-5000-a4-wt","11":"first","12":"instock","13":"sold-individually","14":"taxable","15":"shipping-taxable","16":"purchasable","17":"product-type-simple"},"jetpack_sharing_enabled":true,"_links":{"self":[{"href":"https:\/\/www.3p-gmbh.de\/hi\/wp-json\/wp\/v2\/product\/7248","targetHints":{"allow":["GET"]}}],"collection":[{"href":"https:\/\/www.3p-gmbh.de\/hi\/wp-json\/wp\/v2\/product"}],"about":[{"href":"https:\/\/www.3p-gmbh.de\/hi\/wp-json\/wp\/v2\/types\/product"}],"wp:featuredmedia":[{"embeddable":true,"href":"https:\/\/www.3p-gmbh.de\/hi\/wp-json\/wp\/v2\/media\/2894"}],"wp:attachment":[{"href":"https:\/\/www.3p-gmbh.de\/hi\/wp-json\/wp\/v2\/media?parent=7248"}],"wp:term":[{"taxonomy":"product_brand","embeddable":true,"href":"https:\/\/www.3p-gmbh.de\/hi\/wp-json\/wp\/v2\/product_brand?post=7248"},{"taxonomy":"product_cat","embeddable":true,"href":"https:\/\/www.3p-gmbh.de\/hi\/wp-json\/wp\/v2\/product_cat?post=7248"},{"taxonomy":"product_tag","embeddable":true,"href":"https:\/\/www.3p-gmbh.de\/hi\/wp-json\/wp\/v2\/product_tag?post=7248"}],"curies":[{"name":"wp","href":"https:\/\/api.w.org\/{rel}","templated":true}]}}