{"id":7220,"date":"2019-07-11T13:57:16","date_gmt":"2019-07-11T13:57:16","guid":{"rendered":"http:\/\/www.3p-gmbh.de\/produkt\/vierspindel-industrie-papierbohrmaschine\/"},"modified":"2022-11-14T23:10:30","modified_gmt":"2022-11-14T23:10:30","slug":"vierspindel-industrie-papierbohrmaschine","status":"publish","type":"product","link":"https:\/\/www.3p-gmbh.de\/hi\/produkt\/vierspindel-industrie-papierbohrmaschine\/","title":{"rendered":"D\u00fcrselen Corta PB-04 Vierspindel-Papierbohrmaschine"},"content":{"rendered":"<p><strong>4-Spindelpapierbohrmaschine D\u00fcrselen PB 04 mit Bohrerk\u00fchlung<\/strong><br \/>\n<strong>aus Bj. 2001<\/strong><\/p>\n<ul>\n<li>4 Bohrk\u00f6pfe (optional erweiterbar auf 6 )<\/li>\n<li>Stapelh\u00f6he max. 50mm<\/li>\n<li>Einlegetiefe\u00a0 25mm hinter den Bohrern<\/li>\n<li>Schiebetischgr\u00f6\u00dfe vor den Bohren 300mm<\/li>\n<li>Schiebetischbreite 450 mm<\/li>\n<li>Lochdurchmesser 3 &#8211; 14 mm<\/li>\n<li>Lochabstand 31,7 bis 293 mm<\/li>\n<li>Lochabstand mit Nutzung des Schiebtisches 1mm bis<\/li>\n<li>einfacher Bohrerl\u00e4ngenausgleich<\/li>\n<li>Platzbedarf B 770 x T 760 x H 1350 mm<\/li>\n<li>275 kg<\/li>\n<\/ul>\n","protected":false},"excerpt":{"rendered":"<p>4-Spindelpapierbohrmaschine D\u00fcrselen PB 04 mit Bohrerk\u00fchlung aus Bj. 2001 4 Bohrk\u00f6pfe (optional erweiterbar auf 6 ) Stapelh\u00f6he max. 50mm Einlegetiefe\u00a0 25mm hinter den Bohrern Schiebetischgr\u00f6\u00dfe vor den Bohren 300mm Schiebetischbreite 450 mm Lochdurchmesser 3 &#8211; 14 mm Lochabstand 31,7 bis 293 mm Lochabstand mit Nutzung des Schiebtisches 1mm bis einfacher Bohrerl\u00e4ngenausgleich Platzbedarf B 770 x [&hellip;]<\/p>\n","protected":false},"featured_media":45737,"template":"","meta":[],"product_brand":[],"product_cat":[1757],"product_tag":[],"class_list":{"0":"post-7220","1":"product","2":"type-product","3":"status-publish","4":"has-post-thumbnail","6":"product_cat-papierbohrmaschinen","7":"pa_baujahr-130","8":"pa_hersteller-duerselen","9":"pa_typ-corta-pb-04","11":"first","12":"instock","13":"sold-individually","14":"taxable","15":"shipping-taxable","16":"purchasable","17":"product-type-simple"},"jetpack_sharing_enabled":true,"_links":{"self":[{"href":"https:\/\/www.3p-gmbh.de\/hi\/wp-json\/wp\/v2\/product\/7220","targetHints":{"allow":["GET"]}}],"collection":[{"href":"https:\/\/www.3p-gmbh.de\/hi\/wp-json\/wp\/v2\/product"}],"about":[{"href":"https:\/\/www.3p-gmbh.de\/hi\/wp-json\/wp\/v2\/types\/product"}],"wp:featuredmedia":[{"embeddable":true,"href":"https:\/\/www.3p-gmbh.de\/hi\/wp-json\/wp\/v2\/media\/45737"}],"wp:attachment":[{"href":"https:\/\/www.3p-gmbh.de\/hi\/wp-json\/wp\/v2\/media?parent=7220"}],"wp:term":[{"taxonomy":"product_brand","embeddable":true,"href":"https:\/\/www.3p-gmbh.de\/hi\/wp-json\/wp\/v2\/product_brand?post=7220"},{"taxonomy":"product_cat","embeddable":true,"href":"https:\/\/www.3p-gmbh.de\/hi\/wp-json\/wp\/v2\/product_cat?post=7220"},{"taxonomy":"product_tag","embeddable":true,"href":"https:\/\/www.3p-gmbh.de\/hi\/wp-json\/wp\/v2\/product_tag?post=7220"}],"curies":[{"name":"wp","href":"https:\/\/api.w.org\/{rel}","templated":true}]}}