{"id":7158,"date":"2019-07-11T13:56:29","date_gmt":"2019-07-11T13:56:29","guid":{"rendered":"http:\/\/www.3p-gmbh.de\/produkt\/stapelauslage-paketauslage\/"},"modified":"2019-11-14T09:24:24","modified_gmt":"2019-11-14T09:24:24","slug":"stapelauslage-paketauslage","status":"publish","type":"product","link":"https:\/\/www.3p-gmbh.de\/hi\/produkt\/stapelauslage-paketauslage\/","title":{"rendered":"Palamides Alpha 500 Stapelauslage &#8211; Paketauslage"},"content":{"rendered":"<ul>\n<li>Baujahr 2006<\/li>\n<li>Markierungsfreies Auslegen<\/li>\n<li>Verarbeitung von Mehrfach-Nutzen<\/li>\n<li>Abnahme schwerer Stapel<\/li>\n<li>Einlaufh\u00f6he von 40 cm bis 105 cm verstellbar<\/li>\n<li>Einlaufbreite min. 80mm<\/li>\n<li>Einlaufl\u00e4nge 95mm<\/li>\n<li>Einlaufbreite max. 1 Nutzen 510 mm x Einlaufl\u00e4nge 330mm<\/li>\n<li>Einlaufbreite max. 2 Nutzen 235 mm x Einlaufl\u00e4nge 330mm<\/li>\n<li>Einlaufbreite max. 3 Nutzen 150 mm x Einlaufl\u00e4nge 330mm (optional)<\/li>\n<li>min. Stapelh\u00f6he 3 mm<\/li>\n<li>max. Stapelh\u00f6he 160 mm<\/li>\n<li>Geschwindigkeit: 900 Stapel je Stunde je Nutzen<\/li>\n<\/ul>\n","protected":false},"excerpt":{"rendered":"<p>Baujahr 2006 Markierungsfreies Auslegen Verarbeitung von Mehrfach-Nutzen Abnahme schwerer Stapel Einlaufh\u00f6he von 40 cm bis 105 cm verstellbar Einlaufbreite min. 80mm Einlaufl\u00e4nge 95mm Einlaufbreite max. 1 Nutzen 510 mm x Einlaufl\u00e4nge 330mm Einlaufbreite max. 2 Nutzen 235 mm x Einlaufl\u00e4nge 330mm Einlaufbreite max. 3 Nutzen 150 mm x Einlaufl\u00e4nge 330mm (optional) min. Stapelh\u00f6he 3 mm [&hellip;]<\/p>\n","protected":false},"featured_media":2521,"template":"","meta":[],"product_brand":[],"product_cat":[1745],"product_tag":[],"class_list":{"0":"post-7158","1":"product","2":"type-product","3":"status-publish","4":"has-post-thumbnail","6":"product_cat-auslagen","7":"pa_baujahr-127","8":"pa_hersteller-palamides","9":"pa_typ-alpha-500","11":"first","12":"instock","13":"sold-individually","14":"taxable","15":"shipping-taxable","16":"purchasable","17":"product-type-simple"},"jetpack_sharing_enabled":true,"_links":{"self":[{"href":"https:\/\/www.3p-gmbh.de\/hi\/wp-json\/wp\/v2\/product\/7158","targetHints":{"allow":["GET"]}}],"collection":[{"href":"https:\/\/www.3p-gmbh.de\/hi\/wp-json\/wp\/v2\/product"}],"about":[{"href":"https:\/\/www.3p-gmbh.de\/hi\/wp-json\/wp\/v2\/types\/product"}],"wp:featuredmedia":[{"embeddable":true,"href":"https:\/\/www.3p-gmbh.de\/hi\/wp-json\/wp\/v2\/media\/2521"}],"wp:attachment":[{"href":"https:\/\/www.3p-gmbh.de\/hi\/wp-json\/wp\/v2\/media?parent=7158"}],"wp:term":[{"taxonomy":"product_brand","embeddable":true,"href":"https:\/\/www.3p-gmbh.de\/hi\/wp-json\/wp\/v2\/product_brand?post=7158"},{"taxonomy":"product_cat","embeddable":true,"href":"https:\/\/www.3p-gmbh.de\/hi\/wp-json\/wp\/v2\/product_cat?post=7158"},{"taxonomy":"product_tag","embeddable":true,"href":"https:\/\/www.3p-gmbh.de\/hi\/wp-json\/wp\/v2\/product_tag?post=7158"}],"curies":[{"name":"wp","href":"https:\/\/api.w.org\/{rel}","templated":true}]}}