{"id":7122,"date":"2019-07-11T13:56:20","date_gmt":"2019-07-11T13:56:20","guid":{"rendered":"http:\/\/www.3p-gmbh.de\/produkt\/flachstapelauslage-mit-bogenpresse\/"},"modified":"2019-11-14T09:25:24","modified_gmt":"2019-11-14T09:25:24","slug":"flachstapelauslage-mit-bogenpresse","status":"publish","type":"product","link":"https:\/\/www.3p-gmbh.de\/hi\/produkt\/flachstapelauslage-mit-bogenpresse\/","title":{"rendered":"Desta BAS &#8211; FSA 600 Flachstapelauslage mit Bogenpresse"},"content":{"rendered":"<p>Die Auslage dient zur optimalen Pressung und effizienten Stapelbildung in Verbindung mit einer ergonomischen Abnahme besonders bei Mehrfach\u00adnutzenproduktion. Sie fertigt optimale Produktstapel &#8211; daf\u00fcr sorgen Ausstattungs\u00addetails wie z.B. die angetriebene Stopprolle und \u00adeine Messerkante. Die Abnahmeh\u00f6he ist stets konstant, da sowohl die Maschine &#8211; \u00fcber eine Hubschere &#8211; als auch die Presseneinfuhr schr\u00e4g gestellt werden k\u00f6nnen. Die BAS-FSA bietet eine Vielzahl an Einstellm\u00f6glichkeiten im Detail. Ihre Zug\u00e4nglichkeit ist \u00fcberragend, gerade beim Einstellen oder bei der Entnahme von Probe\u00adb\u00f6gen. Die BAS-FSA findet Verwendung im mittleren Auflagen\u00adbereich und bei h\u00e4ufiger Mehrfachnutzen-Produktion. Mittels eines Adapterkabels ist sie hinter allen g\u00e4ngi\u00adgen Falzmaschinen und auch an Sammelheftern einsetzbar.<\/p>\n<ul>\n<li>Baujahr 2002<\/li>\n<li>Arbeitsbreite 600 mm<\/li>\n<li>Produktst\u00e4rke max. 8 mm<\/li>\n<li>max. Arbeitsbreite x 320 mm, min. 100 x 80 mm<\/li>\n<li>Stapelh\u00f6he max. 400 mm<\/li>\n<li>Pressdruck 0-20.000N, stufenlos einstellbar<\/li>\n<li>Geschwindigkeit 50-230 m\/min, stufenlos regulierbar<\/li>\n<li>Einfuhrh\u00f6he 400-950 mm, verstellbar<\/li>\n<li>Ausfuhrh\u00f6he 875 mm<\/li>\n<li>Z\u00e4hl- und Markiereinrichtung<\/li>\n<li>obere und untere Einfuhrriemen in der Bogenpresse<\/li>\n<li>2 Paar hartverchromte Presswalzen D=100 mm, separat verstellbar<\/li>\n<li>gerillte Riemenwellen zum schnellen Umlegen der Einfuhrriemen bei Formatwechsel oder zum Auseinanderziehen von Mehrfachnutzen<\/li>\n<li>Hubscherenunterbau zur stufenlosen H\u00f6henverstellung<\/li>\n<li>fahrbar auf Lenkrollen<\/li>\n<\/ul>\n","protected":false},"excerpt":{"rendered":"<p>Die Auslage dient zur optimalen Pressung und effizienten Stapelbildung in Verbindung mit einer ergonomischen Abnahme besonders bei Mehrfach\u00adnutzenproduktion. Sie fertigt optimale Produktstapel &#8211; daf\u00fcr sorgen Ausstattungs\u00addetails wie z.B. die angetriebene Stopprolle und \u00adeine Messerkante. Die Abnahmeh\u00f6he ist stets konstant, da sowohl die Maschine &#8211; \u00fcber eine Hubschere &#8211; als auch die Presseneinfuhr schr\u00e4g gestellt werden [&hellip;]<\/p>\n","protected":false},"featured_media":2390,"template":"","meta":[],"product_brand":[],"product_cat":[1745],"product_tag":[],"class_list":{"0":"post-7122","1":"product","2":"type-product","3":"status-publish","4":"has-post-thumbnail","6":"product_cat-auslagen","7":"pa_baujahr-153","8":"pa_hersteller-desta-guk","9":"pa_typ-desta-bas-fsa-600","11":"first","12":"instock","13":"sold-individually","14":"taxable","15":"shipping-taxable","16":"purchasable","17":"product-type-simple"},"jetpack_sharing_enabled":true,"_links":{"self":[{"href":"https:\/\/www.3p-gmbh.de\/hi\/wp-json\/wp\/v2\/product\/7122","targetHints":{"allow":["GET"]}}],"collection":[{"href":"https:\/\/www.3p-gmbh.de\/hi\/wp-json\/wp\/v2\/product"}],"about":[{"href":"https:\/\/www.3p-gmbh.de\/hi\/wp-json\/wp\/v2\/types\/product"}],"wp:featuredmedia":[{"embeddable":true,"href":"https:\/\/www.3p-gmbh.de\/hi\/wp-json\/wp\/v2\/media\/2390"}],"wp:attachment":[{"href":"https:\/\/www.3p-gmbh.de\/hi\/wp-json\/wp\/v2\/media?parent=7122"}],"wp:term":[{"taxonomy":"product_brand","embeddable":true,"href":"https:\/\/www.3p-gmbh.de\/hi\/wp-json\/wp\/v2\/product_brand?post=7122"},{"taxonomy":"product_cat","embeddable":true,"href":"https:\/\/www.3p-gmbh.de\/hi\/wp-json\/wp\/v2\/product_cat?post=7122"},{"taxonomy":"product_tag","embeddable":true,"href":"https:\/\/www.3p-gmbh.de\/hi\/wp-json\/wp\/v2\/product_tag?post=7122"}],"curies":[{"name":"wp","href":"https:\/\/api.w.org\/{rel}","templated":true}]}}