{"id":7116,"date":"2019-07-11T13:56:09","date_gmt":"2019-07-11T13:56:09","guid":{"rendered":"http:\/\/www.3p-gmbh.de\/produkt\/taschenfalzmaschine-18\/"},"modified":"2019-08-14T13:48:58","modified_gmt":"2019-08-14T13:48:58","slug":"taschenfalzmaschine-18","status":"publish","type":"product","link":"https:\/\/www.3p-gmbh.de\/hi\/produkt\/taschenfalzmaschine-18\/","title":{"rendered":"GUK FA 50-4-FL2-50 SA 520 Taschenfalzmaschine"},"content":{"rendered":"<ul>\n<li>Flachstapelanleger FL-2-50<\/li>\n<li>Falzwerk mit 4 Taschen 54 cm Einlaufbreite<\/li>\n<li>nachgelagerte Messerwelle<\/li>\n<li>Vorwahlz\u00e4hlger\u00e4t MCS 106<\/li>\n<li>L\u00e4rmschutz<\/li>\n<li>Schuppenauslage<\/li>\n<li>kleinster Falz: 26 mm<\/li>\n<li>Geschwindigkeit bis 30 000 Bogen\/Stunde oder 150m\/min<\/li>\n<li>Max. Format: 54 x 72 cm<\/li>\n<li>Min. Format: 54 x 9 cm<\/li>\n<\/ul>\n","protected":false},"excerpt":{"rendered":"<p>Flachstapelanleger FL-2-50 Falzwerk mit 4 Taschen 54 cm Einlaufbreite nachgelagerte Messerwelle Vorwahlz\u00e4hlger\u00e4t MCS 106 L\u00e4rmschutz Schuppenauslage kleinster Falz: 26 mm Geschwindigkeit bis 30 000 Bogen\/Stunde oder 150m\/min Max. Format: 54 x 72 cm Min. Format: 54 x 9 cm<\/p>\n","protected":false},"featured_media":2357,"template":"","meta":[],"product_brand":[],"product_cat":[83],"product_tag":[],"class_list":{"0":"post-7116","1":"product","2":"type-product","3":"status-publish","4":"has-post-thumbnail","6":"product_cat-falzmaschinen","7":"pa_baujahr-153","8":"pa_hersteller-guk-grieser-kunzmann","9":"pa_typ-fa-50-4-fl2-50-sa-520","11":"first","12":"instock","13":"sold-individually","14":"taxable","15":"shipping-taxable","16":"purchasable","17":"product-type-simple"},"jetpack_sharing_enabled":true,"_links":{"self":[{"href":"https:\/\/www.3p-gmbh.de\/hi\/wp-json\/wp\/v2\/product\/7116","targetHints":{"allow":["GET"]}}],"collection":[{"href":"https:\/\/www.3p-gmbh.de\/hi\/wp-json\/wp\/v2\/product"}],"about":[{"href":"https:\/\/www.3p-gmbh.de\/hi\/wp-json\/wp\/v2\/types\/product"}],"wp:featuredmedia":[{"embeddable":true,"href":"https:\/\/www.3p-gmbh.de\/hi\/wp-json\/wp\/v2\/media\/2357"}],"wp:attachment":[{"href":"https:\/\/www.3p-gmbh.de\/hi\/wp-json\/wp\/v2\/media?parent=7116"}],"wp:term":[{"taxonomy":"product_brand","embeddable":true,"href":"https:\/\/www.3p-gmbh.de\/hi\/wp-json\/wp\/v2\/product_brand?post=7116"},{"taxonomy":"product_cat","embeddable":true,"href":"https:\/\/www.3p-gmbh.de\/hi\/wp-json\/wp\/v2\/product_cat?post=7116"},{"taxonomy":"product_tag","embeddable":true,"href":"https:\/\/www.3p-gmbh.de\/hi\/wp-json\/wp\/v2\/product_tag?post=7116"}],"curies":[{"name":"wp","href":"https:\/\/api.w.org\/{rel}","templated":true}]}}